{"id":10559,"date":"2026-01-07T10:10:24","date_gmt":"2026-01-07T10:10:24","guid":{"rendered":"https:\/\/www.agriturismocapasquin.it\/?page_id=10559"},"modified":"2026-01-07T10:21:00","modified_gmt":"2026-01-07T10:21:00","slug":"het-wijngaardlandschap-van-piemonte-is-unesco-werelderfgoed","status":"publish","type":"page","link":"https:\/\/www.agriturismocapasquin.it\/nl\/het-wijngaardlandschap-van-piemonte-is-unesco-werelderfgoed\/","title":{"rendered":"Het Wijngaardlandschap van Piemonte is UNESCO Werelderfgoed"},"content":{"rendered":"<div class=\"vc_row wpb_row vc_row-fluid\"><div class=\"wpb_column vc_column_container vc_col-sm-12\"><div class=\"vc_column-inner\"><div class=\"wpb_wrapper\">\n<div class=\"vc_grid-container-wrapper vc_clearfix vc_grid-animation-fadeIn\">\n\t<div class=\"vc_grid-container vc_clearfix wpb_content_element vc_media_grid\" data-initial-loading-animation=\"fadeIn\" data-vc-grid-settings=\"{&quot;page_id&quot;:10559,&quot;style&quot;:&quot;all&quot;,&quot;action&quot;:&quot;vc_get_vc_grid_data&quot;,&quot;shortcode_id&quot;:&quot;1767780658804-5e7d4561-5076-9&quot;,&quot;tag&quot;:&quot;vc_media_grid&quot;}\" data-vc-request=\"https:\/\/www.agriturismocapasquin.it\/wp-admin\/admin-ajax.php\" data-vc-post-id=\"10559\" data-vc-public-nonce=\"9ff9f18bb6\">\n\t\t\n\t<\/div>\n<\/div><\/div><\/div><\/div><\/div><div class=\"vc_row wpb_row vc_row-fluid vc_row-o-full-height vc_row-o-columns-middle vc_row-flex\"><div class=\"wpb_column vc_column_container vc_col-sm-3\"><div class=\"vc_column-inner\"><div class=\"wpb_wrapper\"><h1 style=\"text-align: right\" class=\"vc_custom_heading\" >Het Wijngaardlandschap van Piemonte is UNESCO Werelderfgoed<\/h1><div class=\"vc_empty_space\"   style=\"height: 32px\"><span class=\"vc_empty_space_inner\"><\/span><\/div><div class=\"vc_btn3-container vc_btn3-center\" ><a class=\"vc_general vc_btn3 vc_btn3-size-lg vc_btn3-shape-rounded vc_btn3-style-modern vc_btn3-block vc_btn3-color-sky\" href=\"https:\/\/www.agriturismocapasquin.it\/appartementen\/booking-all\/\" title=\"Booking All\">Reserveren<\/a><\/div><\/div><\/div><\/div><div class=\"wpb_column vc_column_container vc_col-sm-9\"><div class=\"vc_column-inner\"><div class=\"wpb_wrapper\"><div class=\"vc_row wpb_row vc_inner vc_row-fluid vc_row-o-equal-height vc_row-flex\"><div class=\"wpb_column vc_column_container vc_col-sm-6\"><div class=\"vc_column-inner\"><div class=\"wpb_wrapper\">\n\t<div class=\"wpb_text_column wpb_content_element \" >\n\t\t<div class=\"wpb_wrapper\">\n\t\t\t<p data-start=\"474\" data-end=\"684\">Er is groot nieuws vanuit de wereld van cultureel erfgoed: het <strong data-start=\"537\" data-end=\"600\">Wijngaardlandschap van Piemonte: Langhe-Roero en Monferrato<\/strong> is officieel erkend als UNESCO Werelderfgoed!<\/p>\n<p data-start=\"686\" data-end=\"1064\">Deze prachtige, golvende heuvels die zich uitstrekken tussen de rivieren de Po en de Ligurische Apennijnen vormen niet alleen \u00e9\u00e9n van de iconische landschappen van Itali\u00eb \u2014 ze zijn nu ook officieel erkend als monument voor de harmonie tussen <strong data-start=\"928\" data-end=\"946\">mens en natuur<\/strong>, een landschap dat over eeuwen is opgebouwd door eeuwenoude landbouwpraktijken.<\/p>\n<p>&nbsp;<\/p>\n<p><strong data-start=\"1078\" data-end=\"1110\">Wat betekent deze erkenning?<\/strong><\/p>\n<p data-start=\"1112\" data-end=\"1188\">UNESCO beschouwt het wijngaardlandschap als een <strong data-start=\"1160\" data-end=\"1183\">cultureel landschap<\/strong> dat getuigt van eeuwenlange\u00a0<strong data-start=\"1215\" data-end=\"1277\">wijngaardcultuur, landbouwkunde en duurzame landschapszorg.\u00a0<\/strong>Een harmonieuze combinatie is van heuvels, dorpen, kastelen, kerkjes, boerderijen en landwegen die samen een levende geschiedenis vormen waar laat zien hoe mens en natuur samen hebben gewerkt om iets bijzonders te cre\u00ebren dat authentiek, waardevol en tijdloos is.<\/p>\n<p data-start=\"1592\" data-end=\"1906\">Het gebied is een <strong data-start=\"1610\" data-end=\"1726\">voorbeeld van de manier waarop wijnbouw, landbouwtechniek en lokale tradities door generaties heen zijn verfijnd<\/strong> \u2014 van de Romeinse tijd tot vandaag. Plinius de Oudere noemde deze regio al in de oudheid als een ideaal gebied voor de teelt van wijnstokken.<\/p>\n\n\t\t<\/div>\n\t<\/div>\n<\/div><\/div><\/div><div class=\"wpb_column vc_column_container vc_col-sm-6\"><div class=\"vc_column-inner\"><div class=\"wpb_wrapper\">\n\t<div class=\"wpb_text_column wpb_content_element \" >\n\t\t<div class=\"wpb_wrapper\">\n\t\t\t<h3 data-start=\"1913\" data-end=\"1967\"><strong data-start=\"1920\" data-end=\"1967\">Waarom dit zo bijzonder is voor Ca\u2019 Pasquin<\/strong><\/h3>\n<p data-start=\"1969\" data-end=\"2259\">Hier in <strong data-start=\"1977\" data-end=\"1989\">Piemonte<\/strong>, en helemaal rond <strong data-start=\"2008\" data-end=\"2035\">Agriturismo Ca\u2019 Pasquin<\/strong>, leeft deze geschiedenis nog elke dag. Het dorpsleven, de gewoonten, de smaken op tafel en de manier waarop we koken \u00e9n eten \u2014 alles is verweven met het ritme van de seizoenen en de generaties die deze grond hebben bewerkt.<\/p>\n<p data-start=\"2261\" data-end=\"2325\">Bij ons voel je dezelfde verbondenheid tussen <strong data-start=\"2307\" data-end=\"2324\">land en tafel<\/strong>:<\/p>\n<p style=\"text-align: center;\" data-start=\"2261\" data-end=\"2325\">Als we groenten oogsten uit onze tuin, zetten we een traditie voort die hier al eeuwen bestaat.<br \/>\nAls we lokale wijnen schenken, proef je een verhaal van land, klimaat en vakmanschap.<br \/>\nEn als je bij ons aanschuift, ben je deel van een levende cultuur die steeds vernieuwd wordt door wie hier woont, werkt en geniet.<\/p>\n<p data-start=\"2646\" data-end=\"2874\">De UNESCO-status <strong data-start=\"2663\" data-end=\"2706\">erkent precies wat wij altijd al wisten<\/strong>: deze streek is een unieke plek <strong data-start=\"2739\" data-end=\"2835\">om te beleven, te proeven en te begrijpen hoe cultuur en natuur samen een levensstijl vormen<\/strong>.<\/p>\n<p><strong data-start=\"2888\" data-end=\"2931\">Niet alleen wijn \u2014 maar een levenswijze<\/strong><\/p>\n<p data-start=\"2933\" data-end=\"3203\">Het is dus niet alleen een erkenning voor de wijn zelf \u2014 hoewel de Barolo, Barbaresco, Asti Spumante en andere grand cru\u2019s hier wereldberoemd zijn \u2014 <strong data-start=\"3082\" data-end=\"3164\">maar voor het gehele systeem van zorg voor het land, de mensen en de tradities<\/strong>.<\/p>\n<p data-start=\"3205\" data-end=\"3550\">Als je vanaf onze boerderij uitkijkt over de heuvels richting de wijngaarden van Monferrato, voel je het vanzelf: dit is een stukje wereld dat UNESCO waardevol genoeg acht om te behouden voor toekomstige generaties. En dat maakt het niet alleen mooi om te zien \u2014 het maakt het ook waardevol om te <em data-start=\"3502\" data-end=\"3511\">ervaren<\/em>.<\/p>\n\n\t\t<\/div>\n\t<\/div>\n<\/div><\/div><\/div><\/div><\/div><\/div><\/div><\/div>\n","protected":false},"excerpt":{"rendered":"Het Wijngaardlandschap van Piemonte is UNESCO WerelderfgoedReserveren Er is groot nieuws vanuit de wereld van cultureel erfgoed: het Wijngaardlandschap van Piemonte: Langhe-Roero en Monferrato is &hellip;","protected":false},"author":2,"featured_media":0,"parent":0,"menu_order":0,"comment_status":"closed","ping_status":"closed","template":"","meta":{"_monsterinsights_skip_tracking":false,"_monsterinsights_sitenote_active":false,"_monsterinsights_sitenote_note":"","_monsterinsights_sitenote_category":0,"_uf_show_specific_survey":0,"_uf_disable_surveys":false,"footnotes":""},"class_list":["post-10559","page","type-page","status-publish","hentry"],"aioseo_notices":[],"_links":{"self":[{"href":"https:\/\/www.agriturismocapasquin.it\/nl\/wp-json\/wp\/v2\/pages\/10559","targetHints":{"allow":["GET"]}}],"collection":[{"href":"https:\/\/www.agriturismocapasquin.it\/nl\/wp-json\/wp\/v2\/pages"}],"about":[{"href":"https:\/\/www.agriturismocapasquin.it\/nl\/wp-json\/wp\/v2\/types\/page"}],"author":[{"embeddable":true,"href":"https:\/\/www.agriturismocapasquin.it\/nl\/wp-json\/wp\/v2\/users\/2"}],"replies":[{"embeddable":true,"href":"https:\/\/www.agriturismocapasquin.it\/nl\/wp-json\/wp\/v2\/comments?post=10559"}],"version-history":[{"count":3,"href":"https:\/\/www.agriturismocapasquin.it\/nl\/wp-json\/wp\/v2\/pages\/10559\/revisions"}],"predecessor-version":[{"id":10562,"href":"https:\/\/www.agriturismocapasquin.it\/nl\/wp-json\/wp\/v2\/pages\/10559\/revisions\/10562"}],"wp:attachment":[{"href":"https:\/\/www.agriturismocapasquin.it\/nl\/wp-json\/wp\/v2\/media?parent=10559"}],"curies":[{"name":"wp","href":"https:\/\/api.w.org\/{rel}","templated":true}]}}