{"id":9941,"date":"2025-01-20T19:48:18","date_gmt":"2025-01-20T19:48:18","guid":{"rendered":"https:\/\/www.agriturismocapasquin.it\/?page_id=9941"},"modified":"2025-01-20T19:48:18","modified_gmt":"2025-01-20T19:48:18","slug":"over-ons-2","status":"publish","type":"page","link":"https:\/\/www.agriturismocapasquin.it\/it\/over-ons-2\/","title":{"rendered":"Chi siamo"},"content":{"rendered":"<div class=\"vc_row wpb_row vc_row-fluid vc_custom_1672485653579 vc_row-has-fill\"><div class=\"wpb_column vc_column_container vc_col-sm-12\"><div class=\"vc_column-inner\"><div class=\"wpb_wrapper\"><div class=\"vc_empty_space\"   style=\"height: 50px\"><span class=\"vc_empty_space_inner\"><\/span><\/div><\/div><\/div><\/div><\/div><div class=\"vc_row wpb_row vc_row-fluid vc_custom_1675699381227 vc_row-has-fill vc_row-o-equal-height vc_row-flex\"><div class=\"wpb_column vc_column_container vc_col-sm-8\"><div class=\"vc_column-inner vc_custom_1675699336017\"><div class=\"wpb_wrapper\"><h2 style=\"text-align: left\" class=\"vc_custom_heading\" >Informazioni sui proprietari dell'Agriturismo Ca' Pasquin<\/h2><div class=\"vc_empty_space\"   style=\"height: 20px\"><span class=\"vc_empty_space_inner\"><\/span><\/div>\n\t<div class=\"wpb_text_column wpb_content_element  vc_custom_1737402309833\" >\n\t\t<div class=\"wpb_wrapper\">\n\t\t\t<p>Bart e Femke sono gli orgogliosi proprietari dell'Agriturismo Ca' Pasquin. Nel 2022 hanno deciso di lasciare la loro vita nei Paesi Bassi per iniziare una nuova avventura tra le splendide colline del Piemonte, in Italia, insieme ai loro due figli, Luca e Nero. Desideravano che Luca e Nero potessero trascorrere pi\u00f9 tempo all'aria aperta, pi\u00f9 vicini alla natura, e anche loro desideravano una vita in cui poter trascorrere pi\u00f9 tempo all'aria aperta.<\/p>\n<p>Con la loro ricca esperienza nel settore alberghiero, Bart e Femke portano un'energia e una passione uniche nel loro agriturismo. Le loro carriere sono varie e sfaccettate: dal lavoro in hotel a 5 stelle all'organizzazione di cene esclusive al Rijksmuseum, dalla preparazione di piatti raffinati in cucina al lavoro nel servizio. Insieme hanno anche gestito una piccola azienda di catering, dove hanno ulteriormente coltivato il loro amore per la buona cucina e il servizio personalizzato.<\/p>\n<p>L'amore per la cucina, l'ospitalit\u00e0 e i sapori autentici sono al centro di Ca' Pasquin. Bart e Femke si impegnano ad accogliere i loro ospiti non solo in un ambiente suggestivo, ma anche a far loro gustare piatti genuini, locali e per lo pi\u00f9 di produzione propria, preparati con cura e attenzione.<\/p>\n<p>Dopo una lunga ricerca, Bart e Femke hanno trovato il luogo ideale dove realizzare il loro sogno. Qui possono fare, creare e crescere con le ambizioni e i progetti futuri che hanno per Ca' Pasquin.<\/p>\n<p>L'Agriturismo Ca' Pasquin \u00e8 pi\u00f9 di un progetto per loro: \u00e8 un sogno che si avvera. Qui uniscono la loro passione per la natura, la vita all'aria aperta e la creazione di esperienze indimenticabili per i loro ospiti.<\/p>\n<p>Venite a conoscere Bart e Femke. Scoprite l'ospitalit\u00e0 di Pasquin e lasciatevi trasportare nel loro mondo di delizie culinarie, cordialit\u00e0 e l'incantevole bellezza del Piemonte.<\/p>\n\n\t\t<\/div>\n\t<\/div>\n<div class=\"vc_empty_space\"   style=\"height: 20px\"><span class=\"vc_empty_space_inner\"><\/span><\/div><\/div><\/div><\/div><div class=\"wpb_column vc_column_container vc_col-sm-4\"><div class=\"vc_column-inner\"><div class=\"wpb_wrapper\"><div class=\"vc_empty_space\"   style=\"height: 30px\"><span class=\"vc_empty_space_inner\"><\/span><\/div>\n\t<div  class=\"wpb_single_image wpb_content_element vc_align_center\">\n\t\t\n\t\t<figure class=\"wpb_wrapper vc_figure\">\n\t\t\t<div class=\"vc_single_image-wrapper   vc_box_border_grey\"><img loading=\"lazy\" decoding=\"async\" width=\"300\" height=\"224\" src=\"https:\/\/www.agriturismocapasquin.it\/wp-content\/uploads\/2024\/05\/PHOTO-2023-05-07-21-13-40-300x224.jpg\" class=\"vc_single_image-img attachment-medium\" alt=\"\" title=\"PHOTO-2023-05-07-21-13-40\" srcset=\"https:\/\/www.agriturismocapasquin.it\/wp-content\/uploads\/2024\/05\/PHOTO-2023-05-07-21-13-40-300x224.jpg 300w, https:\/\/www.agriturismocapasquin.it\/wp-content\/uploads\/2024\/05\/PHOTO-2023-05-07-21-13-40-768x574.jpg 768w, https:\/\/www.agriturismocapasquin.it\/wp-content\/uploads\/2024\/05\/PHOTO-2023-05-07-21-13-40-1536x1147.jpg 1536w, https:\/\/www.agriturismocapasquin.it\/wp-content\/uploads\/2024\/05\/PHOTO-2023-05-07-21-13-40-16x12.jpg 16w, https:\/\/www.agriturismocapasquin.it\/wp-content\/uploads\/2024\/05\/PHOTO-2023-05-07-21-13-40-402x300.jpg 402w, https:\/\/www.agriturismocapasquin.it\/wp-content\/uploads\/2024\/05\/PHOTO-2023-05-07-21-13-40.jpg 1600w\" sizes=\"auto, (max-width: 300px) 100vw, 300px\" \/><\/div>\n\t\t<\/figure>\n\t<\/div>\n<div class=\"vc_empty_space\"   style=\"height: 30px\"><span class=\"vc_empty_space_inner\"><\/span><\/div><\/div><\/div><\/div><\/div><div class=\"vc_row wpb_row vc_row-fluid\"><div class=\"wpb_column vc_column_container vc_col-sm-12\"><div class=\"vc_column-inner\"><div class=\"wpb_wrapper\"><div class=\"vc_btn3-container vc_btn3-center\" ><a onmouseleave=\"this.style.borderColor='#737f78'; this.style.backgroundColor='transparent'; this.style.color='#737f78'\" onmouseenter=\"this.style.borderColor='#e6ede1'; this.style.backgroundColor='#e6ede1'; this.style.color='#ffffff';\" style=\"border-color:#737f78; color:#737f78;\" class=\"vc_general vc_btn3 vc_btn3-size-lg vc_btn3-shape-rounded vc_btn3-style-outline-custom vc_btn3-block vc_btn3-icon-left\" href=\"https:\/\/www.agriturismocapasquin.it\/it\/apartments\/\" title=\"Booking\"><i class=\"vc_btn3-icon fas fa-bed\"><\/i> prenota ora<\/a><\/div><div class=\"vc_empty_space\"   style=\"height: 20px\"><span class=\"vc_empty_space_inner\"><\/span><\/div><\/div><\/div><\/div><\/div>","protected":false},"excerpt":{"rendered":"Over de eigenaren van Agriturismo Ca\u2019 Pasquin Bart en Femke zijn de trotse eigenaren van Agriturismo Ca\u2019 Pasquin. In 2022 besloten ze hun leven in &hellip;","protected":false},"author":2,"featured_media":0,"parent":0,"menu_order":0,"comment_status":"closed","ping_status":"closed","template":"","meta":{"_monsterinsights_skip_tracking":false,"_monsterinsights_sitenote_active":false,"_monsterinsights_sitenote_note":"","_monsterinsights_sitenote_category":0,"_uf_show_specific_survey":0,"_uf_disable_surveys":false,"footnotes":""},"class_list":["post-9941","page","type-page","status-publish","hentry"],"aioseo_notices":[],"_links":{"self":[{"href":"https:\/\/www.agriturismocapasquin.it\/it\/wp-json\/wp\/v2\/pages\/9941","targetHints":{"allow":["GET"]}}],"collection":[{"href":"https:\/\/www.agriturismocapasquin.it\/it\/wp-json\/wp\/v2\/pages"}],"about":[{"href":"https:\/\/www.agriturismocapasquin.it\/it\/wp-json\/wp\/v2\/types\/page"}],"author":[{"embeddable":true,"href":"https:\/\/www.agriturismocapasquin.it\/it\/wp-json\/wp\/v2\/users\/2"}],"replies":[{"embeddable":true,"href":"https:\/\/www.agriturismocapasquin.it\/it\/wp-json\/wp\/v2\/comments?post=9941"}],"version-history":[{"count":2,"href":"https:\/\/www.agriturismocapasquin.it\/it\/wp-json\/wp\/v2\/pages\/9941\/revisions"}],"predecessor-version":[{"id":9943,"href":"https:\/\/www.agriturismocapasquin.it\/it\/wp-json\/wp\/v2\/pages\/9941\/revisions\/9943"}],"wp:attachment":[{"href":"https:\/\/www.agriturismocapasquin.it\/it\/wp-json\/wp\/v2\/media?parent=9941"}],"curies":[{"name":"wp","href":"https:\/\/api.w.org\/{rel}","templated":true}]}}