{"id":9924,"date":"2025-01-13T19:08:46","date_gmt":"2025-01-13T19:08:46","guid":{"rendered":"https:\/\/www.agriturismocapasquin.it\/?page_id=9924"},"modified":"2026-02-19T19:15:27","modified_gmt":"2026-02-19T19:15:27","slug":"kinderen","status":"publish","type":"page","link":"https:\/\/www.agriturismocapasquin.it\/it\/kinderen\/","title":{"rendered":"Bambini"},"content":{"rendered":"<div class=\"vc_row wpb_row vc_row-fluid\"><div class=\"wpb_column vc_column_container vc_col-sm-12\"><div class=\"vc_column-inner\"><div class=\"wpb_wrapper\"><div class=\"vc_empty_space\"   style=\"height: 10px\"><span class=\"vc_empty_space_inner\"><\/span><\/div><\/div><\/div><\/div><\/div><div class=\"vc_row wpb_row vc_row-fluid\"><div class=\"wpb_column vc_column_container vc_col-sm-3\"><div class=\"vc_column-inner\"><div class=\"wpb_wrapper\">\n\t<div class=\"wpb_text_column wpb_content_element\" >\n\t\t<div class=\"wpb_wrapper\">\n\t\t\t<h1>Scoprire<\/h1>\n\n\t\t<\/div>\n\t<\/div>\n<\/div><\/div><\/div><div class=\"wpb_column vc_column_container vc_col-sm-3\"><div class=\"vc_column-inner\"><div class=\"wpb_wrapper\">\n\t<div class=\"wpb_text_column wpb_content_element\" >\n\t\t<div class=\"wpb_wrapper\">\n\t\t\t<h1>Lettura<\/h1>\n\n\t\t<\/div>\n\t<\/div>\n<\/div><\/div><\/div><div class=\"wpb_column vc_column_container vc_col-sm-3\"><div class=\"vc_column-inner\"><div class=\"wpb_wrapper\">\n\t<div class=\"wpb_text_column wpb_content_element\" >\n\t\t<div class=\"wpb_wrapper\">\n\t\t\t<h1>Per giocare<\/h1>\n\n\t\t<\/div>\n\t<\/div>\n<\/div><\/div><\/div><div class=\"wpb_column vc_column_container vc_col-sm-3\"><div class=\"vc_column-inner\"><div class=\"wpb_wrapper\">\n\t<div class=\"wpb_text_column wpb_content_element\" >\n\t\t<div class=\"wpb_wrapper\">\n\t\t\t<h1>Nuotare<\/h1>\n\n\t\t<\/div>\n\t<\/div>\n<\/div><\/div><\/div><\/div><div class=\"vc_row wpb_row vc_row-fluid vc_custom_1732650339872 vc_row-has-fill vc_column-gap-10 vc_row-o-full-height vc_row-o-columns-top vc_row-o-equal-height vc_row-flex\"><div class=\"wpb_column vc_column_container vc_col-sm-2\"><div class=\"vc_column-inner\"><div class=\"wpb_wrapper\">\n\t<div  class=\"wpb_single_image wpb_content_element vc_align_center\">\n\t\t\n\t\t<figure class=\"wpb_wrapper vc_figure\">\n\t\t\t<a class=\"\" data-lightbox=\"lightbox[rel-9924-2652777682]\" href=\"https:\/\/www.agriturismocapasquin.it\/wp-content\/uploads\/2023\/01\/1D5F8C57-8556-4E90-A124-A541D5FB04C4.jpg\" target=\"_self\"><img loading=\"lazy\" decoding=\"async\" class=\"vc_single_image-img\" src=\"https:\/\/www.agriturismocapasquin.it\/wp-content\/uploads\/2023\/01\/1D5F8C57-8556-4E90-A124-A541D5FB04C4-500x1000.jpg\" width=\"500\" height=\"1000\" alt=\"moestuin\" title=\"Serra &amp; Bambini\" \/><\/a>\n\t\t<\/figure>\n\t<\/div>\n<\/div><\/div><\/div><div class=\"wpb_column vc_column_container vc_col-sm-6\"><div class=\"vc_column-inner\"><div class=\"wpb_wrapper\"><h2 style=\"text-align: left\" class=\"vc_custom_heading\" >Bambini all'Agriturismo Ca' Pasquin<\/h2>\n\t<div class=\"wpb_text_column wpb_content_element\" >\n\t\t<div class=\"wpb_wrapper\">\n\t\t\t<p>L\u2019Agriturismo Ca\u2019 Pasquin \u00e8 un vero paradiso per i bambini. La nostra fattoria offre molto spazio per giocare, esplorare e godersi la vita all'aria aperta. C'\u00e8 sempre qualcosa da fare: dalle emozionanti passeggiate nel bosco ai giochi sul trampolino o nel piccolo parco giochi. Inoltre, i nostri animali, come i polli e i cani, regalano momenti di allegria in pi\u00f9.<\/p>\n<p>Nei mesi caldi, la piscina fuori terra della fattoria offre un piacevole refrigerio ed \u00e8 perfetta per un pomeriggio di divertimento in acqua. Nelle vicinanze, a Monastero Bormida, si trova una piscina esterna pi\u00f9 grande, aperta nel periodo estivo. Qui potrete rilassarvi in \u200b\u200briva all'acqua mentre i bambini si divertono. La piscina dispone di un accogliente bar dove potrete gustare uno spuntino e un drink.<\/p>\n<p>Inoltre, disponiamo di un'ampia raccolta di giochi che possono essere utilizzati da tutti. Nelle giornate in cui il meteo non \u00e8 clemente, la nostra Piola, dove serviamo la colazione e la cena, offre un piacevole posto in cui rilassarsi. Accanto alla Piola c'\u00e8 una terrazza coperta, ideale per fare bricolage, leggere un libro o giocare insieme.<\/p>\n<p>Onze eigen kinderen, Luca 7 jaar en Nero 5 jaar, zijn altijd buiten aan het spelen, van het ontdekken van het bos tot ravotten in de tuin. Dat maakt Agriturismo Ca\u2019 Pasquin niet alleen kindvriendelijk, maar ook een plek waar jonge avonturiers zich meteen thuis voelen.<\/p>\n<p>Che veniate per una breve pausa o per un soggiorno pi\u00f9 lungo, da noi i bambini potranno sperimentare la libert\u00e0 della vita all'aria aperta mentre i genitori si rilassano e godono della pace e della tranquillit\u00e0.<\/p>\n\n\t\t<\/div>\n\t<\/div>\n<div class=\"vc_btn3-container vc_btn3-center\" ><a onmouseleave=\"this.style.borderColor='#737f78'; this.style.backgroundColor='transparent'; this.style.color='#737f78'\" onmouseenter=\"this.style.borderColor='#e6ede1'; this.style.backgroundColor='#e6ede1'; this.style.color='#ffffff';\" style=\"border-color:#737f78; color:#737f78;\" class=\"vc_general vc_btn3 vc_btn3-size-lg vc_btn3-shape-rounded vc_btn3-style-outline-custom vc_btn3-block vc_btn3-icon-left\" href=\"https:\/\/www.agriturismocapasquin.it\/it\/booking-all\/\" title=\"Booking All\"><i class=\"vc_btn3-icon fas fa-bed\"><\/i> prenotare<\/a><\/div><\/div><\/div><\/div><div class=\"wpb_column vc_column_container vc_col-sm-4\"><div class=\"vc_column-inner\"><div class=\"wpb_wrapper\"><div class=\"wpb_images_carousel wpb_content_element vc_clearfix\"><div class=\"wpb_wrapper\"><div id=\"vc_images-carousel-1-1777835320\" data-ride=\"vc_carousel\" data-wrap=\"true\" style=\"width: 500px;\" data-interval=\"5000\" data-auto-height=\"yes\" data-mode=\"horizontal\" data-partial=\"false\" data-per-view=\"1\" data-hide-on-end=\"false\" class=\"vc_slide vc_images_carousel\"><ol class=\"vc_carousel-indicators\"><li data-target=\"#vc_images-carousel-1-1777835320\" data-slide-to=\"0\"><\/li><li data-target=\"#vc_images-carousel-1-1777835320\" data-slide-to=\"1\"><\/li><li data-target=\"#vc_images-carousel-1-1777835320\" data-slide-to=\"2\"><\/li><li data-target=\"#vc_images-carousel-1-1777835320\" data-slide-to=\"3\"><\/li><li data-target=\"#vc_images-carousel-1-1777835320\" data-slide-to=\"4\"><\/li><li data-target=\"#vc_images-carousel-1-1777835320\" data-slide-to=\"5\"><\/li><li data-target=\"#vc_images-carousel-1-1777835320\" data-slide-to=\"6\"><\/li><\/ol><div class=\"vc_carousel-inner\"><div class=\"vc_carousel-slideline\"><div class=\"vc_carousel-slideline-inner\"><div class=\"vc_item\"><div class=\"vc_inner\"><a class=\"\" href=\"https:\/\/www.agriturismocapasquin.it\/wp-content\/uploads\/2025\/01\/image001.jpg\" data-lightbox=\"lightbox[rel-9924-1801147029]\"><img loading=\"lazy\" decoding=\"async\" class=\"\" src=\"https:\/\/www.agriturismocapasquin.it\/wp-content\/uploads\/2025\/01\/image001.jpg\" width=\"320\" height=\"240\" alt=\"speeltuin agriturismo\" title=\"speeltuin agriturismo\" \/><\/a><\/div><\/div><div class=\"vc_item\"><div class=\"vc_inner\"><a class=\"\" href=\"https:\/\/www.agriturismocapasquin.it\/wp-content\/uploads\/2025\/01\/IMG_3778-1-scaled.jpg\" data-lightbox=\"lightbox[rel-9924-1801147029]\"><img loading=\"lazy\" decoding=\"async\" class=\"\" src=\"https:\/\/www.agriturismocapasquin.it\/wp-content\/uploads\/2025\/01\/IMG_3778-1-scaled-500x500.jpg\" width=\"500\" height=\"500\" alt=\"IMG_3778\" title=\"IMG_3778\" \/><\/a><\/div><\/div><div class=\"vc_item\"><div class=\"vc_inner\"><a class=\"\" href=\"https:\/\/www.agriturismocapasquin.it\/wp-content\/uploads\/2025\/12\/35eecacb-9a84-4249-aea7-925729c947d7.jpg\" data-lightbox=\"lightbox[rel-9924-1801147029]\"><img loading=\"lazy\" decoding=\"async\" class=\"\" src=\"https:\/\/www.agriturismocapasquin.it\/wp-content\/uploads\/2025\/12\/35eecacb-9a84-4249-aea7-925729c947d7-500x500.jpg\" width=\"500\" height=\"500\" alt=\"35eecacb-9a84-4249-aea7-925729c947d7\" title=\"35eecacb-9a84-4249-aea7-925729c947d7\" \/><\/a><\/div><\/div><div class=\"vc_item\"><div class=\"vc_inner\"><a class=\"\" href=\"https:\/\/www.agriturismocapasquin.it\/wp-content\/uploads\/2024\/12\/f2cc9b87-6d4a-42bd-a65c-3b9ecdfb3954.jpg\" data-lightbox=\"lightbox[rel-9924-1801147029]\"><img loading=\"lazy\" decoding=\"async\" class=\"\" src=\"https:\/\/www.agriturismocapasquin.it\/wp-content\/uploads\/2024\/12\/f2cc9b87-6d4a-42bd-a65c-3b9ecdfb3954-500x500.jpg\" width=\"500\" height=\"500\" alt=\"f2cc9b87-6d4a-42bd-a65c-3b9ecdfb3954\" title=\"f2cc9b87-6d4a-42bd-a65c-3b9ecdfb3954\" \/><\/a><\/div><\/div><div class=\"vc_item\"><div class=\"vc_inner\"><a class=\"\" href=\"https:\/\/www.agriturismocapasquin.it\/wp-content\/uploads\/2023\/12\/IMG_1121-2-scaled.jpg\" data-lightbox=\"lightbox[rel-9924-1801147029]\"><img loading=\"lazy\" decoding=\"async\" class=\"\" src=\"https:\/\/www.agriturismocapasquin.it\/wp-content\/uploads\/2023\/12\/IMG_1121-2-scaled-500x500.jpg\" width=\"500\" height=\"500\" alt=\"Terreno di gioco 1\" title=\"Terreno di gioco 1\" \/><\/a><\/div><\/div><div class=\"vc_item\"><div class=\"vc_inner\"><a class=\"\" href=\"https:\/\/www.agriturismocapasquin.it\/wp-content\/uploads\/2023\/12\/IMG_1118-2-scaled.jpg\" data-lightbox=\"lightbox[rel-9924-1801147029]\"><img loading=\"lazy\" decoding=\"async\" class=\"\" src=\"https:\/\/www.agriturismocapasquin.it\/wp-content\/uploads\/2023\/12\/IMG_1118-2-scaled-500x500.jpg\" width=\"500\" height=\"500\" alt=\"speeltuin agriturismo piemonte\" title=\"speeltuin agriturismo piemonte\" \/><\/a><\/div><\/div><div class=\"vc_item\"><div class=\"vc_inner\"><a class=\"\" href=\"https:\/\/www.agriturismocapasquin.it\/wp-content\/uploads\/2023\/12\/IMG_1119-2-scaled.jpg\" data-lightbox=\"lightbox[rel-9924-1801147029]\"><img loading=\"lazy\" decoding=\"async\" class=\"\" src=\"https:\/\/www.agriturismocapasquin.it\/wp-content\/uploads\/2023\/12\/IMG_1119-2-scaled-500x500.jpg\" width=\"500\" height=\"500\" alt=\"Terreno di gioco 2\" title=\"Terreno di gioco 2\" \/><\/a><\/div><\/div><\/div><\/div><\/div><a class=\"vc_left vc_carousel-control\" href=\"#vc_images-carousel-1-1777835320\" data-slide=\"prev\"><span class=\"icon-prev\"><\/span><\/a><a class=\"vc_right vc_carousel-control\" href=\"#vc_images-carousel-1-1777835320\" data-slide=\"next\"><span class=\"icon-next\"><\/span><\/a><\/div><\/div><\/div><\/div><\/div><\/div><\/div><div class=\"vc_row wpb_row vc_row-fluid\"><div class=\"wpb_column vc_column_container vc_col-sm-12\"><div class=\"vc_column-inner\"><div class=\"wpb_wrapper\"><\/div><\/div><\/div><\/div>","protected":false},"excerpt":{"rendered":"Ontdekken Lezen Spelen Zwemmen Kinderen bij Agriturismo Ca\u2019 Pasquin Agriturismo Ca\u2019 Pasquin is een waar paradijs voor kinderen. Onze boerderij biedt volop ruimte om te &hellip;","protected":false},"author":2,"featured_media":0,"parent":0,"menu_order":0,"comment_status":"closed","ping_status":"closed","template":"","meta":{"_monsterinsights_skip_tracking":false,"_monsterinsights_sitenote_active":false,"_monsterinsights_sitenote_note":"","_monsterinsights_sitenote_category":0,"_uf_show_specific_survey":0,"_uf_disable_surveys":false,"footnotes":""},"class_list":["post-9924","page","type-page","status-publish","hentry"],"aioseo_notices":[],"_links":{"self":[{"href":"https:\/\/www.agriturismocapasquin.it\/it\/wp-json\/wp\/v2\/pages\/9924","targetHints":{"allow":["GET"]}}],"collection":[{"href":"https:\/\/www.agriturismocapasquin.it\/it\/wp-json\/wp\/v2\/pages"}],"about":[{"href":"https:\/\/www.agriturismocapasquin.it\/it\/wp-json\/wp\/v2\/types\/page"}],"author":[{"embeddable":true,"href":"https:\/\/www.agriturismocapasquin.it\/it\/wp-json\/wp\/v2\/users\/2"}],"replies":[{"embeddable":true,"href":"https:\/\/www.agriturismocapasquin.it\/it\/wp-json\/wp\/v2\/comments?post=9924"}],"version-history":[{"count":8,"href":"https:\/\/www.agriturismocapasquin.it\/it\/wp-json\/wp\/v2\/pages\/9924\/revisions"}],"predecessor-version":[{"id":10630,"href":"https:\/\/www.agriturismocapasquin.it\/it\/wp-json\/wp\/v2\/pages\/9924\/revisions\/10630"}],"wp:attachment":[{"href":"https:\/\/www.agriturismocapasquin.it\/it\/wp-json\/wp\/v2\/media?parent=9924"}],"curies":[{"name":"wp","href":"https:\/\/api.w.org\/{rel}","templated":true}]}}