{"id":9836,"date":"2024-12-28T11:14:27","date_gmt":"2024-12-28T11:14:27","guid":{"rendered":"https:\/\/www.agriturismocapasquin.it\/?page_id=9836"},"modified":"2026-01-19T08:10:05","modified_gmt":"2026-01-19T08:10:05","slug":"dineren-met-zonder-kinderen","status":"publish","type":"page","link":"https:\/\/www.agriturismocapasquin.it\/it\/dineren-met-zonder-kinderen\/","title":{"rendered":"Cenare con o senza bambini"},"content":{"rendered":"<div class=\"vc_row wpb_row vc_row-fluid vc_custom_1732630582562 vc_row-has-fill vc_column-gap-10 vc_row-o-full-height vc_row-o-columns-top vc_row-o-equal-height vc_row-o-content-top vc_row-flex\"><div class=\"wpb_column vc_column_container vc_col-sm-4\"><div class=\"vc_column-inner\"><div class=\"wpb_wrapper\"><h1 style=\"text-align: left\" class=\"vc_custom_heading\" >Cenare con o senza bambini<br \/>\nVacanze con i bambini, ma anche tempo per voi due!<\/h1><div class=\"vc_empty_space\"   style=\"height: 32px\"><span class=\"vc_empty_space_inner\"><\/span><\/div>\n\t<div  class=\"wpb_single_image wpb_content_element vc_align_left\">\n\t\t\n\t\t<figure class=\"wpb_wrapper vc_figure\">\n\t\t\t<div class=\"vc_single_image-wrapper   vc_box_border_grey\"><img loading=\"lazy\" decoding=\"async\" class=\"vc_single_image-img\" src=\"https:\/\/www.agriturismocapasquin.it\/wp-content\/uploads\/2024\/12\/ED020156-B7D8-4616-9214-F4E88538F979-400x400.jpg\" width=\"400\" height=\"400\" alt=\"ED020156-B7D8-4616-9214-F4E88538F979\" title=\"ED020156-B7D8-4616-9214-F4E88538F979\" \/><\/div>\n\t\t<\/figure>\n\t<\/div>\n<\/div><\/div><\/div><div class=\"wpb_column vc_column_container vc_col-sm-4\"><div class=\"vc_column-inner\"><div class=\"wpb_wrapper\"><div class=\"vc_empty_space\"   style=\"height: 32px\"><span class=\"vc_empty_space_inner\"><\/span><\/div>\n\t<div class=\"wpb_text_column wpb_content_element\" >\n\t\t<div class=\"wpb_wrapper\">\n\t\t\t<p>All'Agriturismo Ca' Pasquin sappiamo che una vacanza con i bambini \u00e8 fantastica, ma che a volte anche i genitori hanno bisogno di un momento per s\u00e9. Per questo offriamo un pacchetto speciale, dove potrete regalare ai bambini una piacevole serata, mentre voi vi godete insieme un'esperienza culinaria in tutta tranquillit\u00e0.<\/p>\n<h3>Come funziona?<\/h3>\n<p>Durante il giorno, potrete godervi insieme tutto ci\u00f2 che il Piemonte ha da offrire: dall'esplorazione di pittoreschi borghi a un tuffo rinfrescante in piscina, fino a una passeggiata nella splendida campagna. I bambini potranno divertirsi con ogni sorta di attivit\u00e0 e scoprire le avventure della regione.<\/p>\n<p>La sera proponiamo un men\u00f9 per bambini, cos\u00ec i pi\u00f9 piccoli possono cenare e voi godervi un aperitivo. Una volta sazi, potranno andare a dormire con il baby monitor a portata di mano, mentre voi vi godete in tutta tranquillit\u00e0 una deliziosa cena, preparata con ingredienti locali e amore per la cucina piemontese.<\/p>\n<h3>L'idea \u00e8 semplice: i bambini hanno i loro tempi e voi avete lo spazio per godervi una serata rilassata, senza preoccupazioni. Trascorrere del tempo di qualit\u00e0 insieme, ma anche dedicarsi a se stessi: questo \u00e8 ci\u00f2 che ci piace offrirvi.<\/h3>\n<p>Prenota subito il tuo soggiorno a Ca\u2019 Pasquin e vivi una vacanza perfetta per tutta la famiglia, con spazio sia per l\u2019avventura che per il relax dei bambini e dei genitori!<\/p>\n\n\t\t<\/div>\n\t<\/div>\n<\/div><\/div><\/div><div class=\"wpb_column vc_column_container vc_col-sm-4\"><div class=\"vc_column-inner\"><div class=\"wpb_wrapper\"><h2 style=\"text-align: left\" class=\"vc_custom_heading\" >Modulo di contatto<\/h2>\n\t<div class=\"wpb_text_column wpb_content_element\" >\n\t\t<div class=\"wpb_wrapper\">\n\t\t\t\n<div class=\"wpcf7 no-js\" id=\"wpcf7-f9483-o1\" lang=\"en-US\" dir=\"ltr\" data-wpcf7-id=\"9483\">\n<div class=\"screen-reader-response\"><p role=\"status\" aria-live=\"polite\" aria-atomic=\"true\"><\/p> <ul><\/ul><\/div>\n<form action=\"\/it\/wp-json\/wp\/v2\/pages\/9836#wpcf7-f9483-o1\" method=\"post\" class=\"wpcf7-form init\" aria-label=\"Contact form\" novalidate=\"novalidate\" data-status=\"init\" data-trp-original-action=\"\/it\/wp-json\/wp\/v2\/pages\/9836#wpcf7-f9483-o1\">\n<fieldset class=\"hidden-fields-container\"><input type=\"hidden\" name=\"_wpcf7\" value=\"9483\" \/><input type=\"hidden\" name=\"_wpcf7_version\" value=\"6.1.5\" \/><input type=\"hidden\" name=\"_wpcf7_locale\" value=\"en_US\" \/><input type=\"hidden\" name=\"_wpcf7_unit_tag\" value=\"wpcf7-f9483-o1\" \/><input type=\"hidden\" name=\"_wpcf7_container_post\" value=\"0\" \/><input type=\"hidden\" name=\"_wpcf7_posted_data_hash\" value=\"\" \/><input type=\"hidden\" name=\"_wpcf7_recaptcha_response\" value=\"\" \/>\n<\/fieldset>\n<p><label> Nome<br \/>\n<span class=\"wpcf7-form-control-wrap\" data-name=\"your-name\"><input size=\"40\" maxlength=\"400\" class=\"wpcf7-form-control wpcf7-text wpcf7-validates-as-required\" aria-required=\"true\" aria-invalid=\"false\" value=\"\" type=\"text\" name=\"your-name\" \/><\/span> <\/label>\n<\/p>\n<p><label> Email<br \/>\n<span class=\"wpcf7-form-control-wrap\" data-name=\"your-email\"><input size=\"40\" maxlength=\"400\" class=\"wpcf7-form-control wpcf7-email wpcf7-validates-as-required wpcf7-text wpcf7-validates-as-email\" aria-required=\"true\" aria-invalid=\"false\" value=\"\" type=\"email\" name=\"your-email\" \/><\/span> <\/label>\n<\/p>\n<p><label> Argomento<br \/>\n<span class=\"wpcf7-form-control-wrap\" data-name=\"your-subject\"><input size=\"40\" maxlength=\"400\" class=\"wpcf7-form-control wpcf7-text wpcf7-validates-as-required\" aria-required=\"true\" aria-invalid=\"false\" value=\"\" type=\"text\" name=\"your-subject\" \/><\/span> <\/label>\n<\/p>\n<p><label> Messaggio<br \/>\n<span class=\"wpcf7-form-control-wrap\" data-name=\"your-message\"><textarea cols=\"40\" rows=\"10\" maxlength=\"2000\" class=\"wpcf7-form-control wpcf7-textarea\" aria-invalid=\"false\" name=\"your-message\"><\/textarea><\/span> <\/label>\n<\/p>\n<p><input class=\"wpcf7-form-control wpcf7-submit has-spinner\" type=\"submit\" value=\"Spedire\" \/>\n<\/p><p style=\"display: none !important;\" class=\"akismet-fields-container\" data-prefix=\"_wpcf7_ak_\"><label>&#916;<textarea name=\"_wpcf7_ak_hp_textarea\" cols=\"45\" rows=\"8\" maxlength=\"100\"><\/textarea><\/label><input type=\"hidden\" id=\"ak_js_1\" name=\"_wpcf7_ak_js\" value=\"141\"\/><script>document.getElementById( \"ak_js_1\" ).setAttribute( \"value\", ( new Date() ).getTime() );<\/script><\/p><div class=\"wpcf7-response-output\" aria-hidden=\"true\"><\/div>\n<input type=\"hidden\" name=\"trp-form-language\" value=\"it\"\/><\/form>\n<\/div>\n\n\n\t\t<\/div>\n\t<\/div>\n<\/div><\/div><\/div><\/div>","protected":false},"excerpt":{"rendered":"Dineren met zonder kinderen Vakantie met Kinderen, maar Ook Tijd voor Jullie Twee! Bij Agriturismo Ca' Pasquin begrijpen we dat een vakantie met kinderen geweldig &hellip;","protected":false},"author":2,"featured_media":0,"parent":0,"menu_order":0,"comment_status":"closed","ping_status":"closed","template":"","meta":{"_monsterinsights_skip_tracking":false,"_monsterinsights_sitenote_active":false,"_monsterinsights_sitenote_note":"","_monsterinsights_sitenote_category":0,"_uf_show_specific_survey":0,"_uf_disable_surveys":false,"footnotes":""},"class_list":["post-9836","page","type-page","status-publish","hentry"],"aioseo_notices":[],"_links":{"self":[{"href":"https:\/\/www.agriturismocapasquin.it\/it\/wp-json\/wp\/v2\/pages\/9836","targetHints":{"allow":["GET"]}}],"collection":[{"href":"https:\/\/www.agriturismocapasquin.it\/it\/wp-json\/wp\/v2\/pages"}],"about":[{"href":"https:\/\/www.agriturismocapasquin.it\/it\/wp-json\/wp\/v2\/types\/page"}],"author":[{"embeddable":true,"href":"https:\/\/www.agriturismocapasquin.it\/it\/wp-json\/wp\/v2\/users\/2"}],"replies":[{"embeddable":true,"href":"https:\/\/www.agriturismocapasquin.it\/it\/wp-json\/wp\/v2\/comments?post=9836"}],"version-history":[{"count":7,"href":"https:\/\/www.agriturismocapasquin.it\/it\/wp-json\/wp\/v2\/pages\/9836\/revisions"}],"predecessor-version":[{"id":10608,"href":"https:\/\/www.agriturismocapasquin.it\/it\/wp-json\/wp\/v2\/pages\/9836\/revisions\/10608"}],"wp:attachment":[{"href":"https:\/\/www.agriturismocapasquin.it\/it\/wp-json\/wp\/v2\/media?parent=9836"}],"curies":[{"name":"wp","href":"https:\/\/api.w.org\/{rel}","templated":true}]}}