{"id":9514,"date":"2024-11-27T10:06:45","date_gmt":"2024-11-27T10:06:45","guid":{"rendered":"https:\/\/www.agriturismocapasquin.it\/?page_id=9514"},"modified":"2024-11-27T10:21:56","modified_gmt":"2024-11-27T10:21:56","slug":"orto","status":"publish","type":"page","link":"https:\/\/www.agriturismocapasquin.it\/it\/orto\/","title":{"rendered":"L'Agriturismo Ca' Pasquin \u00e8 un'azienda agricola biologica,"},"content":{"rendered":"<div class=\"vc_row wpb_row vc_row-fluid\"><div class=\"wpb_column vc_column_container vc_col-sm-12\"><div class=\"vc_column-inner\"><div class=\"wpb_wrapper\"><div class=\"vc_empty_space\"   style=\"height: 10px\"><span class=\"vc_empty_space_inner\"><\/span><\/div><\/div><\/div><\/div><\/div><div class=\"vc_row wpb_row vc_row-fluid\"><div class=\"wpb_column vc_column_container vc_col-sm-3\"><div class=\"vc_column-inner\"><div class=\"wpb_wrapper\">\n\t<div class=\"wpb_text_column wpb_content_element\" >\n\t\t<div class=\"wpb_wrapper\">\n\t\t\t<h1><span style=\"color: #333333;\">F<\/span><span style=\"color: #808080;\">ood <\/span>&amp; <span style=\"color: #333333;\">B<\/span><span style=\"color: #808080;\">everage<\/span><\/h1>\n\n\t\t<\/div>\n\t<\/div>\n<\/div><\/div><\/div><div class=\"wpb_column vc_column_container vc_col-sm-3\"><div class=\"vc_column-inner\"><div class=\"wpb_wrapper\">\n\t<div class=\"wpb_text_column wpb_content_element\" >\n\t\t<div class=\"wpb_wrapper\">\n\t\t\t<h1><span style=\"color: #333333;\">F<span style=\"color: #808080;\">emke<\/span> &amp; B<span style=\"color: #808080;\">art<\/span><\/span><\/h1>\n\n\t\t<\/div>\n\t<\/div>\n<\/div><\/div><\/div><div class=\"wpb_column vc_column_container vc_col-sm-3\"><div class=\"vc_column-inner\"><div class=\"wpb_wrapper\">\n\t<div class=\"wpb_text_column wpb_content_element\" >\n\t\t<div class=\"wpb_wrapper\">\n\t\t\t<h1><span style=\"color: #333333;\">E<span style=\"color: #808080;\">ten<\/span> &amp; D<span style=\"color: #808080;\">rinken<\/span><\/span><\/h1>\n\n\t\t<\/div>\n\t<\/div>\n<\/div><\/div><\/div><div class=\"wpb_column vc_column_container vc_col-sm-3\"><div class=\"vc_column-inner\"><div class=\"wpb_wrapper\">\n\t<div class=\"wpb_text_column wpb_content_element\" >\n\t\t<div class=\"wpb_wrapper\">\n\t\t\t<h1><span style=\"color: #333333;\">C<span style=\"color: #808080;\">ibo<\/span> &amp; B<span style=\"color: #808080;\">evande<\/span><\/span><\/h1>\n\n\t\t<\/div>\n\t<\/div>\n<\/div><\/div><\/div><\/div><div class=\"vc_row wpb_row vc_row-fluid vc_custom_1732650339872 vc_row-has-fill vc_column-gap-10 vc_row-o-full-height vc_row-o-columns-top vc_row-o-equal-height vc_row-flex\"><div class=\"wpb_column vc_column_container vc_col-sm-2\"><div class=\"vc_column-inner\"><div class=\"wpb_wrapper\">\n\t<div  class=\"wpb_single_image wpb_content_element vc_align_center\">\n\t\t\n\t\t<figure class=\"wpb_wrapper vc_figure\">\n\t\t\t<a class=\"\" data-lightbox=\"lightbox[rel-9514-928161917]\" href=\"https:\/\/www.agriturismocapasquin.it\/wp-content\/uploads\/2024\/11\/CaPasquin2023_002-blackwhite.jpg\" target=\"_self\"><img loading=\"lazy\" decoding=\"async\" class=\"vc_single_image-img\" src=\"https:\/\/www.agriturismocapasquin.it\/wp-content\/uploads\/2024\/11\/CaPasquin2023_002-blackwhite-500x1000.jpg\" width=\"500\" height=\"1000\" alt=\"ca pasquin agriturismo\" title=\"ca pasquin agriturismo\" \/><\/a>\n\t\t<\/figure>\n\t<\/div>\n<\/div><\/div><\/div><div class=\"wpb_column vc_column_container vc_col-sm-6\"><div class=\"vc_column-inner\"><div class=\"wpb_wrapper\"><h2 style=\"text-align: left\" class=\"vc_custom_heading\" >Il nostro orto all'Agriturismo Ca' Pasquin<\/h2>\n\t<div class=\"wpb_text_column wpb_content_element\" >\n\t\t<div class=\"wpb_wrapper\">\n\t\t\t<p>Il nostro orto \u00e8 il cuore della nostra azienda agricola e il luogo in cui si fondono passione, rispetto per la natura e curiosit\u00e0. Sebbene siamo ancora nuovi nel mondo dell'orticoltura, abbiamo scelto consapevolmente l' <strong>'no-dig' metodo<\/strong>, un modo sostenibile di fare giardinaggio che non prevede lo scavo del terreno. In questo modo si protegge la vita del suolo e si favorisce la creazione di un terreno sano e fertile, con meno interventi.<\/p>\n<p><strong>Completamente biologico e privo di plastica<\/strong><br \/>\nLavoriamo in modo completamente biologico e non utilizziamo fertilizzanti o pesticidi artificiali. Nel nostro giardino tutto cresce in modo naturale, nel rispetto dell'ambiente. Scegliamo soluzioni naturali per mantenere sane le nostre piante e lavoriamo in sinergia con la biodiversit\u00e0 del giardino.<\/p>\n<p><strong>Raccolta tutto l'anno<\/strong><br \/>\nGrazie all'aiuto della nostra serra possiamo prolungare la stagione e consentire ad alcune colture, come peperoni e peperoncini, di maturare in modo ottimale. Ci\u00f2 non solo ci garantisce maggiore flessibilit\u00e0, ma ci assicura anche un raccolto pi\u00f9 ricco e saporito, indipendentemente dalla stagione.<\/p>\n<p><strong>La biodiversit\u00e0 come linea guida<\/strong><br \/>\nIl nostro giardino \u00e8 un inno alla biodiversit\u00e0. Non solo piantiamo un'ampia variet\u00e0 di frutta e verdura, ma diamo anche importanza alle variet\u00e0 antiche e dimenticate. Dai pomodori colorati ai peperoni piccanti, dalle fragole succose ai piccoli frutti, la variet\u00e0 \u00e8 enorme. Questa diversit\u00e0 attira anche insetti e uccelli pi\u00f9 utili, contribuendo all'equilibrio naturale del nostro giardino.<\/p>\n<p><strong>Dai semi propri alle vendite locali<\/strong><br \/>\nCerchiamo di coltivare il pi\u00f9 possibile le nostre piante, preferibilmente partendo da semi che raccogliamo noi stessi. Ci\u00f2 ci consente di avere il controllo sulla qualit\u00e0 e sulla conservazione di variet\u00e0 antiche e uniche. Utilizziamo principalmente ci\u00f2 che coltiviamo nella nostra cucina, ma cerchiamo anche di condividerne una parte con la regione vendendola localmente.<\/p>\n<p><strong>Le nostre principali colture<\/strong><br \/>\nAnche se in realt\u00e0 coltiviamo troppo per menzionarlo, la nostra attenzione \u00e8 rivolta a:<\/p>\n<ul>\n<li><strong>Peperoni e peperoncini<\/strong> (sia caldo che dolce)<\/li>\n<li class=\"translation-block\"><strong>Pomodoro<\/strong> in tutti i tipi di colori e forme<\/li>\n<li><strong>Verdure a foglia verde<\/strong> per insalate fresche<\/li>\n<li><strong>Fragole e piccoli frutti<\/strong>, come bacche e more<\/li>\n<li><strong>Patate<\/strong> e verdure di stagione<\/li>\n<\/ul>\n<p>Il nostro orto cresce e si sviluppa insieme a noi e non vediamo l'ora di condividere la nostra passione e il raccolto con i nostri ospiti e la comunit\u00e0 locale. All' <strong>Agriturismo Ca&#8217; Pasquin<\/strong> \u00e8 tutta una questione di gusto, tradizione e rispetto per la natura!<\/p>\n\n\t\t<\/div>\n\t<\/div>\n<div class=\"vc_btn3-container vc_btn3-center\" ><a onmouseleave=\"this.style.borderColor='#737f78'; this.style.backgroundColor='transparent'; this.style.color='#737f78'\" onmouseenter=\"this.style.borderColor='#e6ede1'; this.style.backgroundColor='#e6ede1'; this.style.color='#ffffff';\" style=\"border-color:#737f78; color:#737f78;\" class=\"vc_general vc_btn3 vc_btn3-size-lg vc_btn3-shape-rounded vc_btn3-style-outline-custom vc_btn3-block vc_btn3-icon-left\" href=\"https:\/\/www.agriturismocapasquin.it\/it\/booking-all\/\" title=\"Booking All\"><i class=\"vc_btn3-icon fas fa-bed\"><\/i> Prenotare<\/a><\/div><\/div><\/div><\/div><div class=\"wpb_column vc_column_container vc_col-sm-4\"><div class=\"vc_column-inner\"><div class=\"wpb_wrapper\"><div class=\"wpb_images_carousel wpb_content_element vc_clearfix\"><div class=\"wpb_wrapper\"><div id=\"vc_images-carousel-1-1777830688\" data-ride=\"vc_carousel\" data-wrap=\"true\" style=\"width: 500px;\" data-interval=\"5000\" data-auto-height=\"yes\" data-mode=\"horizontal\" data-partial=\"false\" data-per-view=\"1\" data-hide-on-end=\"false\" class=\"vc_slide vc_images_carousel\"><ol class=\"vc_carousel-indicators\"><li data-target=\"#vc_images-carousel-1-1777830688\" data-slide-to=\"0\"><\/li><li data-target=\"#vc_images-carousel-1-1777830688\" data-slide-to=\"1\"><\/li><li data-target=\"#vc_images-carousel-1-1777830688\" data-slide-to=\"2\"><\/li><li data-target=\"#vc_images-carousel-1-1777830688\" data-slide-to=\"3\"><\/li><li data-target=\"#vc_images-carousel-1-1777830688\" data-slide-to=\"4\"><\/li><li data-target=\"#vc_images-carousel-1-1777830688\" data-slide-to=\"5\"><\/li><li data-target=\"#vc_images-carousel-1-1777830688\" data-slide-to=\"6\"><\/li><li data-target=\"#vc_images-carousel-1-1777830688\" data-slide-to=\"7\"><\/li><li data-target=\"#vc_images-carousel-1-1777830688\" data-slide-to=\"8\"><\/li><li data-target=\"#vc_images-carousel-1-1777830688\" data-slide-to=\"9\"><\/li><li data-target=\"#vc_images-carousel-1-1777830688\" data-slide-to=\"10\"><\/li><li data-target=\"#vc_images-carousel-1-1777830688\" data-slide-to=\"11\"><\/li><li data-target=\"#vc_images-carousel-1-1777830688\" data-slide-to=\"12\"><\/li><li data-target=\"#vc_images-carousel-1-1777830688\" data-slide-to=\"13\"><\/li><li data-target=\"#vc_images-carousel-1-1777830688\" data-slide-to=\"14\"><\/li><li data-target=\"#vc_images-carousel-1-1777830688\" data-slide-to=\"15\"><\/li><li data-target=\"#vc_images-carousel-1-1777830688\" data-slide-to=\"16\"><\/li><li data-target=\"#vc_images-carousel-1-1777830688\" data-slide-to=\"17\"><\/li><li data-target=\"#vc_images-carousel-1-1777830688\" data-slide-to=\"18\"><\/li><li data-target=\"#vc_images-carousel-1-1777830688\" data-slide-to=\"19\"><\/li><li data-target=\"#vc_images-carousel-1-1777830688\" data-slide-to=\"20\"><\/li><li data-target=\"#vc_images-carousel-1-1777830688\" data-slide-to=\"21\"><\/li><li data-target=\"#vc_images-carousel-1-1777830688\" data-slide-to=\"22\"><\/li><li data-target=\"#vc_images-carousel-1-1777830688\" data-slide-to=\"23\"><\/li><li data-target=\"#vc_images-carousel-1-1777830688\" data-slide-to=\"24\"><\/li><li data-target=\"#vc_images-carousel-1-1777830688\" data-slide-to=\"25\"><\/li><li data-target=\"#vc_images-carousel-1-1777830688\" data-slide-to=\"26\"><\/li><li data-target=\"#vc_images-carousel-1-1777830688\" data-slide-to=\"27\"><\/li><li data-target=\"#vc_images-carousel-1-1777830688\" data-slide-to=\"28\"><\/li><\/ol><div class=\"vc_carousel-inner\"><div class=\"vc_carousel-slideline\"><div class=\"vc_carousel-slideline-inner\"><div class=\"vc_item\"><div class=\"vc_inner\"><a class=\"\" href=\"https:\/\/www.agriturismocapasquin.it\/wp-content\/uploads\/2023\/11\/CaPasquin2023_028.jpg\" data-lightbox=\"lightbox[rel-9514-2007556893]\"><img loading=\"lazy\" decoding=\"async\" class=\"\" src=\"https:\/\/www.agriturismocapasquin.it\/wp-content\/uploads\/2023\/11\/CaPasquin2023_028-500x500.jpg\" width=\"500\" height=\"500\" alt=\"Ca&#039;Pasquin2023_028\" title=\"Ca&#039;Pasquin2023_028\" \/><\/a><\/div><\/div><div class=\"vc_item\"><div class=\"vc_inner\"><a class=\"\" href=\"https:\/\/www.agriturismocapasquin.it\/wp-content\/uploads\/2023\/11\/CaPasquin2023_023.jpg\" data-lightbox=\"lightbox[rel-9514-2007556893]\"><img loading=\"lazy\" decoding=\"async\" class=\"\" src=\"https:\/\/www.agriturismocapasquin.it\/wp-content\/uploads\/2023\/11\/CaPasquin2023_023-500x500.jpg\" width=\"500\" height=\"500\" alt=\"Ca&#039;Pasquin2023_023\" title=\"Ca&#039;Pasquin2023_023\" \/><\/a><\/div><\/div><div class=\"vc_item\"><div class=\"vc_inner\"><a class=\"\" href=\"https:\/\/www.agriturismocapasquin.it\/wp-content\/uploads\/2023\/11\/CaPasquin2023_024.jpg\" data-lightbox=\"lightbox[rel-9514-2007556893]\"><img loading=\"lazy\" decoding=\"async\" class=\"\" src=\"https:\/\/www.agriturismocapasquin.it\/wp-content\/uploads\/2023\/11\/CaPasquin2023_024-500x500.jpg\" width=\"500\" height=\"500\" alt=\"Ca&#039;Pasquin2023_024\" title=\"Ca&#039;Pasquin2023_024\" \/><\/a><\/div><\/div><div class=\"vc_item\"><div class=\"vc_inner\"><a class=\"\" href=\"https:\/\/www.agriturismocapasquin.it\/wp-content\/uploads\/2023\/11\/CaPasquin2023_025.jpg\" data-lightbox=\"lightbox[rel-9514-2007556893]\"><img loading=\"lazy\" decoding=\"async\" class=\"\" src=\"https:\/\/www.agriturismocapasquin.it\/wp-content\/uploads\/2023\/11\/CaPasquin2023_025-500x500.jpg\" width=\"500\" height=\"500\" alt=\"Ca&#039;Pasquin2023_025\" title=\"Ca&#039;Pasquin2023_025\" \/><\/a><\/div><\/div><div class=\"vc_item\"><div class=\"vc_inner\"><a class=\"\" href=\"https:\/\/www.agriturismocapasquin.it\/wp-content\/uploads\/2023\/11\/CaPasquin2023_002.jpg\" data-lightbox=\"lightbox[rel-9514-2007556893]\"><img loading=\"lazy\" decoding=\"async\" class=\"\" src=\"https:\/\/www.agriturismocapasquin.it\/wp-content\/uploads\/2023\/11\/CaPasquin2023_002-500x500.jpg\" width=\"500\" height=\"500\" alt=\"Ca&#039;Pasquin2023_002\" title=\"Ca&#039;Pasquin2023_002\" \/><\/a><\/div><\/div><div class=\"vc_item\"><div class=\"vc_inner\"><a class=\"\" href=\"https:\/\/www.agriturismocapasquin.it\/wp-content\/uploads\/2022\/11\/DJI_0686-1500x1125.jpg\" data-lightbox=\"lightbox[rel-9514-2007556893]\"><img loading=\"lazy\" decoding=\"async\" class=\"\" src=\"https:\/\/www.agriturismocapasquin.it\/wp-content\/uploads\/2022\/11\/DJI_0686-scaled-500x500.jpg\" width=\"500\" height=\"500\" alt=\"uitzicht\" title=\"Ca&#039; Pasquin\" \/><\/a><\/div><\/div><div class=\"vc_item\"><div class=\"vc_inner\"><a class=\"\" href=\"https:\/\/www.agriturismocapasquin.it\/wp-content\/uploads\/2023\/02\/723DCD84-7030-4AFA-AB3C-0D8EAF0B7333.jpg\" data-lightbox=\"lightbox[rel-9514-2007556893]\"><img loading=\"lazy\" decoding=\"async\" class=\"\" src=\"https:\/\/www.agriturismocapasquin.it\/wp-content\/uploads\/2023\/02\/723DCD84-7030-4AFA-AB3C-0D8EAF0B7333-500x500.jpg\" width=\"500\" height=\"500\" alt=\"Fragola e Lampione\" title=\"Fragola e Lampione\" \/><\/a><\/div><\/div><div class=\"vc_item\"><div class=\"vc_inner\"><a class=\"\" href=\"https:\/\/www.agriturismocapasquin.it\/wp-content\/uploads\/2023\/02\/D53848A3-7E8E-4A3A-80AE-200D008AAB4F.jpg\" data-lightbox=\"lightbox[rel-9514-2007556893]\"><img loading=\"lazy\" decoding=\"async\" class=\"\" src=\"https:\/\/www.agriturismocapasquin.it\/wp-content\/uploads\/2023\/02\/D53848A3-7E8E-4A3A-80AE-200D008AAB4F-500x500.jpg\" width=\"500\" height=\"500\" alt=\"Il Gatto Draeck\" title=\"Il Gatto Draeck\" \/><\/a><\/div><\/div><div class=\"vc_item\"><div class=\"vc_inner\"><a class=\"\" href=\"https:\/\/www.agriturismocapasquin.it\/wp-content\/uploads\/2023\/02\/BFABB0AA-04D1-4783-AACC-B01B0F01B610.jpg\" data-lightbox=\"lightbox[rel-9514-2007556893]\"><img loading=\"lazy\" decoding=\"async\" class=\"\" src=\"https:\/\/www.agriturismocapasquin.it\/wp-content\/uploads\/2023\/02\/BFABB0AA-04D1-4783-AACC-B01B0F01B610-500x500.jpg\" width=\"500\" height=\"500\" alt=\"Cavalo Nero\" title=\"Cavalo Nero\" \/><\/a><\/div><\/div><div class=\"vc_item\"><div class=\"vc_inner\"><a class=\"\" href=\"https:\/\/www.agriturismocapasquin.it\/wp-content\/uploads\/2023\/01\/566809B5-16B1-4105-B32A-F6AE32799104.jpg\" data-lightbox=\"lightbox[rel-9514-2007556893]\"><img loading=\"lazy\" decoding=\"async\" class=\"\" src=\"https:\/\/www.agriturismocapasquin.it\/wp-content\/uploads\/2023\/01\/566809B5-16B1-4105-B32A-F6AE32799104-500x500.jpg\" width=\"500\" height=\"500\" alt=\"planten\" title=\"Fungo\" \/><\/a><\/div><\/div><div class=\"vc_item\"><div class=\"vc_inner\"><a class=\"\" href=\"https:\/\/www.agriturismocapasquin.it\/wp-content\/uploads\/2023\/01\/CF0DDACF-D004-4F4C-B987-10B0B605C6F0.jpg\" data-lightbox=\"lightbox[rel-9514-2007556893]\"><img loading=\"lazy\" decoding=\"async\" class=\"\" src=\"https:\/\/www.agriturismocapasquin.it\/wp-content\/uploads\/2023\/01\/CF0DDACF-D004-4F4C-B987-10B0B605C6F0-500x500.jpg\" width=\"500\" height=\"500\" alt=\"eten\" title=\"Pomodori\" \/><\/a><\/div><\/div><div class=\"vc_item\"><div class=\"vc_inner\"><a class=\"\" href=\"https:\/\/www.agriturismocapasquin.it\/wp-content\/uploads\/2023\/01\/69F3C541-111E-4A4C-94EA-BF539E8254C4.jpg\" data-lightbox=\"lightbox[rel-9514-2007556893]\"><img loading=\"lazy\" decoding=\"async\" class=\"\" src=\"https:\/\/www.agriturismocapasquin.it\/wp-content\/uploads\/2023\/01\/69F3C541-111E-4A4C-94EA-BF539E8254C4-500x500.jpg\" width=\"500\" height=\"500\" alt=\"eten\" title=\"Lattuga dall&#039;orto\" \/><\/a><\/div><\/div><div class=\"vc_item\"><div class=\"vc_inner\"><a class=\"\" href=\"https:\/\/www.agriturismocapasquin.it\/wp-content\/uploads\/2023\/01\/02014711-FE0D-4F49-A58A-6D2DDCFE0B34.jpg\" data-lightbox=\"lightbox[rel-9514-2007556893]\"><img loading=\"lazy\" decoding=\"async\" class=\"\" src=\"https:\/\/www.agriturismocapasquin.it\/wp-content\/uploads\/2023\/01\/02014711-FE0D-4F49-A58A-6D2DDCFE0B34-500x500.jpg\" width=\"500\" height=\"500\" alt=\"eten\" title=\"Finocchio dell&#039;orto\" \/><\/a><\/div><\/div><div class=\"vc_item\"><div class=\"vc_inner\"><a class=\"\" href=\"https:\/\/www.agriturismocapasquin.it\/wp-content\/uploads\/2023\/01\/1D5F8C57-8556-4E90-A124-A541D5FB04C4.jpg\" data-lightbox=\"lightbox[rel-9514-2007556893]\"><img loading=\"lazy\" decoding=\"async\" class=\"\" src=\"https:\/\/www.agriturismocapasquin.it\/wp-content\/uploads\/2023\/01\/1D5F8C57-8556-4E90-A124-A541D5FB04C4-500x500.jpg\" width=\"500\" height=\"500\" alt=\"moestuin\" title=\"Serra &amp; Bambini\" \/><\/a><\/div><\/div><div class=\"vc_item\"><div class=\"vc_inner\"><a class=\"\" href=\"https:\/\/www.agriturismocapasquin.it\/wp-content\/uploads\/2023\/01\/B9B92ECC-4F46-493E-BBE9-C9BFCD3BE12A.jpg\" data-lightbox=\"lightbox[rel-9514-2007556893]\"><img loading=\"lazy\" decoding=\"async\" class=\"\" src=\"https:\/\/www.agriturismocapasquin.it\/wp-content\/uploads\/2023\/01\/B9B92ECC-4F46-493E-BBE9-C9BFCD3BE12A-500x500.jpg\" width=\"500\" height=\"500\" alt=\"Moestuin\" title=\"Serra &amp; Pomodori\" \/><\/a><\/div><\/div><div class=\"vc_item\"><div class=\"vc_inner\"><a class=\"\" href=\"https:\/\/www.agriturismocapasquin.it\/wp-content\/uploads\/2023\/01\/1E02C151-B4F9-4954-8DD5-936A27A1E7DD-scaled-e1674587431423.jpeg\" data-lightbox=\"lightbox[rel-9514-2007556893]\"><img loading=\"lazy\" decoding=\"async\" class=\"\" src=\"https:\/\/www.agriturismocapasquin.it\/wp-content\/uploads\/2023\/01\/1E02C151-B4F9-4954-8DD5-936A27A1E7DD-scaled-e1674587431423-500x500.jpeg\" width=\"500\" height=\"500\" alt=\"Uitzicht\" title=\"Vista &amp; cerra\" \/><\/a><\/div><\/div><div class=\"vc_item\"><div class=\"vc_inner\"><a class=\"\" href=\"https:\/\/www.agriturismocapasquin.it\/wp-content\/uploads\/2023\/01\/IMG_0626-scaled.jpeg\" data-lightbox=\"lightbox[rel-9514-2007556893]\"><img loading=\"lazy\" decoding=\"async\" class=\"\" src=\"https:\/\/www.agriturismocapasquin.it\/wp-content\/uploads\/2023\/01\/IMG_0626-scaled-500x500.jpeg\" width=\"500\" height=\"500\" alt=\"uitzicht\" title=\"Ca&#039; Pasquin\" \/><\/a><\/div><\/div><div class=\"vc_item\"><div class=\"vc_inner\"><a class=\"\" href=\"https:\/\/www.agriturismocapasquin.it\/wp-content\/uploads\/2023\/02\/6B91FCE2-8353-4F07-BFA8-2F1FFCFC14F5.jpg\" data-lightbox=\"lightbox[rel-9514-2007556893]\"><img loading=\"lazy\" decoding=\"async\" class=\"\" src=\"https:\/\/www.agriturismocapasquin.it\/wp-content\/uploads\/2023\/02\/6B91FCE2-8353-4F07-BFA8-2F1FFCFC14F5-500x500.jpg\" width=\"500\" height=\"500\" alt=\"Orchidea selvaggia\" title=\"Orchidea selvaggia\" \/><\/a><\/div><\/div><div class=\"vc_item\"><div class=\"vc_inner\"><a class=\"\" href=\"https:\/\/www.agriturismocapasquin.it\/wp-content\/uploads\/2024\/11\/IMG_0074-Klein.jpeg\" data-lightbox=\"lightbox[rel-9514-2007556893]\"><img loading=\"lazy\" decoding=\"async\" class=\"\" src=\"https:\/\/www.agriturismocapasquin.it\/wp-content\/uploads\/2024\/11\/IMG_0074-Klein.jpeg\" width=\"320\" height=\"240\" alt=\"IMG_0074 Klein\" title=\"IMG_0074 Klein\" \/><\/a><\/div><\/div><div class=\"vc_item\"><div class=\"vc_inner\"><a class=\"\" href=\"https:\/\/www.agriturismocapasquin.it\/wp-content\/uploads\/2024\/11\/IMG_6754-scaled.jpeg\" data-lightbox=\"lightbox[rel-9514-2007556893]\"><img loading=\"lazy\" decoding=\"async\" class=\"\" src=\"https:\/\/www.agriturismocapasquin.it\/wp-content\/uploads\/2024\/11\/IMG_6754-scaled-500x500.jpeg\" width=\"500\" height=\"500\" alt=\"IMG_6754\" title=\"IMG_6754\" \/><\/a><\/div><\/div><div class=\"vc_item\"><div class=\"vc_inner\"><a class=\"\" href=\"https:\/\/www.agriturismocapasquin.it\/wp-content\/uploads\/2024\/11\/IMG_6951-scaled.jpeg\" data-lightbox=\"lightbox[rel-9514-2007556893]\"><img loading=\"lazy\" decoding=\"async\" class=\"\" src=\"https:\/\/www.agriturismocapasquin.it\/wp-content\/uploads\/2024\/11\/IMG_6951-scaled-500x500.jpeg\" width=\"500\" height=\"500\" alt=\"IMG_6951\" title=\"IMG_6951\" \/><\/a><\/div><\/div><div class=\"vc_item\"><div class=\"vc_inner\"><a class=\"\" href=\"https:\/\/www.agriturismocapasquin.it\/wp-content\/uploads\/2024\/11\/IMG_7398-1-scaled.jpeg\" data-lightbox=\"lightbox[rel-9514-2007556893]\"><img loading=\"lazy\" decoding=\"async\" class=\"\" src=\"https:\/\/www.agriturismocapasquin.it\/wp-content\/uploads\/2024\/11\/IMG_7398-1-scaled-500x500.jpeg\" width=\"500\" height=\"500\" alt=\"IMG_7398\" title=\"IMG_7398\" \/><\/a><\/div><\/div><div class=\"vc_item\"><div class=\"vc_inner\"><a class=\"\" href=\"https:\/\/www.agriturismocapasquin.it\/wp-content\/uploads\/2024\/11\/IMG_7468-scaled.jpeg\" data-lightbox=\"lightbox[rel-9514-2007556893]\"><img loading=\"lazy\" decoding=\"async\" class=\"\" src=\"https:\/\/www.agriturismocapasquin.it\/wp-content\/uploads\/2024\/11\/IMG_7468-scaled-500x500.jpeg\" width=\"500\" height=\"500\" alt=\"IMG_7468\" title=\"IMG_7468\" \/><\/a><\/div><\/div><div class=\"vc_item\"><div class=\"vc_inner\"><a class=\"\" href=\"https:\/\/www.agriturismocapasquin.it\/wp-content\/uploads\/2024\/11\/IMG_2684-scaled.jpeg\" data-lightbox=\"lightbox[rel-9514-2007556893]\"><img loading=\"lazy\" decoding=\"async\" class=\"\" src=\"https:\/\/www.agriturismocapasquin.it\/wp-content\/uploads\/2024\/11\/IMG_2684-scaled-500x500.jpeg\" width=\"500\" height=\"500\" alt=\"IMG_2684\" title=\"IMG_2684\" \/><\/a><\/div><\/div><div class=\"vc_item\"><div class=\"vc_inner\"><a class=\"\" href=\"https:\/\/www.agriturismocapasquin.it\/wp-content\/uploads\/2024\/11\/IMG_2511-scaled.jpeg\" data-lightbox=\"lightbox[rel-9514-2007556893]\"><img loading=\"lazy\" decoding=\"async\" class=\"\" src=\"https:\/\/www.agriturismocapasquin.it\/wp-content\/uploads\/2024\/11\/IMG_2511-scaled-500x500.jpeg\" width=\"500\" height=\"500\" alt=\"IMG_2511\" title=\"IMG_2511\" \/><\/a><\/div><\/div><div class=\"vc_item\"><div class=\"vc_inner\"><a class=\"\" href=\"https:\/\/www.agriturismocapasquin.it\/wp-content\/uploads\/2024\/11\/IMG_2629-scaled.jpeg\" data-lightbox=\"lightbox[rel-9514-2007556893]\"><img loading=\"lazy\" decoding=\"async\" class=\"\" src=\"https:\/\/www.agriturismocapasquin.it\/wp-content\/uploads\/2024\/11\/IMG_2629-scaled-500x500.jpeg\" width=\"500\" height=\"500\" alt=\"IMG_2629\" title=\"IMG_2629\" \/><\/a><\/div><\/div><div class=\"vc_item\"><div class=\"vc_inner\"><a class=\"\" href=\"https:\/\/www.agriturismocapasquin.it\/wp-content\/uploads\/2024\/11\/IMG_2661-scaled.jpeg\" data-lightbox=\"lightbox[rel-9514-2007556893]\"><img loading=\"lazy\" decoding=\"async\" class=\"\" src=\"https:\/\/www.agriturismocapasquin.it\/wp-content\/uploads\/2024\/11\/IMG_2661-scaled-500x500.jpeg\" width=\"500\" height=\"500\" alt=\"IMG_2661\" title=\"IMG_2661\" \/><\/a><\/div><\/div><div class=\"vc_item\"><div class=\"vc_inner\"><a class=\"\" href=\"https:\/\/www.agriturismocapasquin.it\/wp-content\/uploads\/2024\/11\/IMG_2455-2-scaled.jpeg\" data-lightbox=\"lightbox[rel-9514-2007556893]\"><img loading=\"lazy\" decoding=\"async\" class=\"\" src=\"https:\/\/www.agriturismocapasquin.it\/wp-content\/uploads\/2024\/11\/IMG_2455-2-scaled-500x500.jpeg\" width=\"500\" height=\"500\" alt=\"IMG_2455 2\" title=\"IMG_2455 2\" \/><\/a><\/div><\/div><div class=\"vc_item\"><div class=\"vc_inner\"><a class=\"\" href=\"\" data-lightbox=\"lightbox[rel-9514-2007556893]\"><\/a><\/div><\/div><\/div><\/div><\/div><a class=\"vc_left vc_carousel-control\" href=\"#vc_images-carousel-1-1777830688\" data-slide=\"prev\"><span class=\"icon-prev\"><\/span><\/a><a class=\"vc_right vc_carousel-control\" href=\"#vc_images-carousel-1-1777830688\" data-slide=\"next\"><span class=\"icon-next\"><\/span><\/a><\/div><\/div><\/div><\/div><\/div><\/div><\/div><div class=\"vc_row wpb_row vc_row-fluid\"><div class=\"wpb_column vc_column_container vc_col-sm-12\"><div class=\"vc_column-inner\"><div class=\"wpb_wrapper\"><\/div><\/div><\/div><\/div>","protected":false},"excerpt":{"rendered":"Food &amp; Beverage Femke &amp; Bart Eten &amp; Drinken Cibo &amp; Bevande Onze Moestuin bij Agriturismo Ca' Pasquin Onze moestuin is het hart van onze &hellip;","protected":false},"author":2,"featured_media":0,"parent":0,"menu_order":0,"comment_status":"closed","ping_status":"closed","template":"","meta":{"_monsterinsights_skip_tracking":false,"_monsterinsights_sitenote_active":false,"_monsterinsights_sitenote_note":"","_monsterinsights_sitenote_category":0,"_uf_show_specific_survey":0,"_uf_disable_surveys":false,"footnotes":""},"class_list":["post-9514","page","type-page","status-publish","hentry"],"aioseo_notices":[],"_links":{"self":[{"href":"https:\/\/www.agriturismocapasquin.it\/it\/wp-json\/wp\/v2\/pages\/9514","targetHints":{"allow":["GET"]}}],"collection":[{"href":"https:\/\/www.agriturismocapasquin.it\/it\/wp-json\/wp\/v2\/pages"}],"about":[{"href":"https:\/\/www.agriturismocapasquin.it\/it\/wp-json\/wp\/v2\/types\/page"}],"author":[{"embeddable":true,"href":"https:\/\/www.agriturismocapasquin.it\/it\/wp-json\/wp\/v2\/users\/2"}],"replies":[{"embeddable":true,"href":"https:\/\/www.agriturismocapasquin.it\/it\/wp-json\/wp\/v2\/comments?post=9514"}],"version-history":[{"count":9,"href":"https:\/\/www.agriturismocapasquin.it\/it\/wp-json\/wp\/v2\/pages\/9514\/revisions"}],"predecessor-version":[{"id":9531,"href":"https:\/\/www.agriturismocapasquin.it\/it\/wp-json\/wp\/v2\/pages\/9514\/revisions\/9531"}],"wp:attachment":[{"href":"https:\/\/www.agriturismocapasquin.it\/it\/wp-json\/wp\/v2\/media?parent=9514"}],"curies":[{"name":"wp","href":"https:\/\/api.w.org\/{rel}","templated":true}]}}