{"id":9508,"date":"2024-11-27T09:36:52","date_gmt":"2024-11-27T09:36:52","guid":{"rendered":"https:\/\/www.agriturismocapasquin.it\/?page_id=9508"},"modified":"2025-12-21T11:14:55","modified_gmt":"2025-12-21T11:14:55","slug":"ontbijt","status":"publish","type":"page","link":"https:\/\/www.agriturismocapasquin.it\/it\/ontbijt\/","title":{"rendered":"Colazione"},"content":{"rendered":"<div class=\"vc_row wpb_row vc_row-fluid\"><div class=\"wpb_column vc_column_container vc_col-sm-3\"><div class=\"vc_column-inner\"><div class=\"wpb_wrapper\">\n\t<div class=\"wpb_text_column wpb_content_element\" >\n\t\t<div class=\"wpb_wrapper\">\n\t\t\t<h2><span style=\"color: #808080;\"><span style=\"color: #333333;\">F<\/span>ood &amp; <span style=\"color: #333333;\"><strong>B<\/strong><\/span>everage<\/span><\/h2>\n\n\t\t<\/div>\n\t<\/div>\n<\/div><\/div><\/div><div class=\"wpb_column vc_column_container vc_col-sm-3\"><div class=\"vc_column-inner\"><div class=\"wpb_wrapper\">\n\t<div class=\"wpb_text_column wpb_content_element\" >\n\t\t<div class=\"wpb_wrapper\">\n\t\t\t<h2><span style=\"color: #808080;\"><span style=\"color: #333333;\">F<\/span>emke &amp; <span style=\"color: #333333;\"><strong>B<\/strong><\/span>art<\/span><\/h2>\n\n\t\t<\/div>\n\t<\/div>\n<\/div><\/div><\/div><div class=\"wpb_column vc_column_container vc_col-sm-3\"><div class=\"vc_column-inner\"><div class=\"wpb_wrapper\">\n\t<div class=\"wpb_text_column wpb_content_element\" >\n\t\t<div class=\"wpb_wrapper\">\n\t\t\t<h2><span style=\"color: #808080;\"><span style=\"color: #333333;\">E<\/span>ten &amp; <span style=\"color: #333333;\"><strong>D<\/strong><\/span>rinken<\/span><\/h2>\n\n\t\t<\/div>\n\t<\/div>\n<\/div><\/div><\/div><div class=\"wpb_column vc_column_container vc_col-sm-3\"><div class=\"vc_column-inner\"><div class=\"wpb_wrapper\">\n\t<div class=\"wpb_text_column wpb_content_element\" >\n\t\t<div class=\"wpb_wrapper\">\n\t\t\t<h2><span style=\"color: #808080;\"><span style=\"color: #333333;\">C<\/span>ibo &amp; <span style=\"color: #333333;\"><strong>B<\/strong><\/span>evande<\/span><\/h2>\n\n\t\t<\/div>\n\t<\/div>\n<\/div><\/div><\/div><\/div><div class=\"vc_row wpb_row vc_row-fluid vc_custom_1732650339872 vc_row-has-fill vc_column-gap-10 vc_row-o-full-height vc_row-o-columns-top vc_row-o-equal-height vc_row-flex\"><div class=\"wpb_column vc_column_container vc_col-sm-2\"><div class=\"vc_column-inner\"><div class=\"wpb_wrapper\"><div class=\"wpb_images_carousel wpb_content_element vc_clearfix\"><div class=\"wpb_wrapper\"><div id=\"vc_images-carousel-1-1777828373\" data-ride=\"vc_carousel\" data-wrap=\"true\" style=\"width: 100%;\" data-interval=\"5000\" data-auto-height=\"yes\" data-mode=\"vertical\" data-partial=\"true\" data-per-view=\"5\" data-hide-on-end=\"false\" class=\"vc_slide vc_images_carousel\"><ol class=\"vc_carousel-indicators\"><li data-target=\"#vc_images-carousel-1-1777828373\" data-slide-to=\"0\"><\/li><li data-target=\"#vc_images-carousel-1-1777828373\" data-slide-to=\"1\"><\/li><li data-target=\"#vc_images-carousel-1-1777828373\" data-slide-to=\"2\"><\/li><li data-target=\"#vc_images-carousel-1-1777828373\" data-slide-to=\"3\"><\/li><li data-target=\"#vc_images-carousel-1-1777828373\" data-slide-to=\"4\"><\/li><li data-target=\"#vc_images-carousel-1-1777828373\" data-slide-to=\"5\"><\/li><li data-target=\"#vc_images-carousel-1-1777828373\" data-slide-to=\"6\"><\/li><li data-target=\"#vc_images-carousel-1-1777828373\" data-slide-to=\"7\"><\/li><li data-target=\"#vc_images-carousel-1-1777828373\" data-slide-to=\"8\"><\/li><li data-target=\"#vc_images-carousel-1-1777828373\" data-slide-to=\"9\"><\/li><li data-target=\"#vc_images-carousel-1-1777828373\" data-slide-to=\"10\"><\/li><li data-target=\"#vc_images-carousel-1-1777828373\" data-slide-to=\"11\"><\/li><li data-target=\"#vc_images-carousel-1-1777828373\" data-slide-to=\"12\"><\/li><\/ol><div class=\"vc_carousel-inner\"><div class=\"vc_carousel-slideline\"><div class=\"vc_carousel-slideline-inner\"><div class=\"vc_item\"><div class=\"vc_inner\"><img loading=\"lazy\" decoding=\"async\" width=\"150\" height=\"150\" src=\"https:\/\/www.agriturismocapasquin.it\/wp-content\/uploads\/2023\/11\/CaPasquin2023_096-150x150.jpg\" class=\"attachment-thumbnail\" alt=\"\" title=\"Ca&#039;Pasquin2023_096\" srcset=\"https:\/\/www.agriturismocapasquin.it\/wp-content\/uploads\/2023\/11\/CaPasquin2023_096-150x150.jpg 150w, https:\/\/www.agriturismocapasquin.it\/wp-content\/uploads\/2023\/11\/CaPasquin2023_096-512x512.jpg 512w, https:\/\/www.agriturismocapasquin.it\/wp-content\/uploads\/2023\/11\/CaPasquin2023_096-1024x1024.jpg 1024w\" sizes=\"auto, (max-width: 150px) 100vw, 150px\" \/><\/div><\/div><div class=\"vc_item\"><div class=\"vc_inner\"><img loading=\"lazy\" decoding=\"async\" width=\"150\" height=\"150\" src=\"https:\/\/www.agriturismocapasquin.it\/wp-content\/uploads\/2024\/12\/ED020156-B7D8-4616-9214-F4E88538F979-150x150.jpg\" class=\"attachment-thumbnail\" alt=\"\" title=\"ED020156-B7D8-4616-9214-F4E88538F979\" srcset=\"https:\/\/www.agriturismocapasquin.it\/wp-content\/uploads\/2024\/12\/ED020156-B7D8-4616-9214-F4E88538F979-150x150.jpg 150w, https:\/\/www.agriturismocapasquin.it\/wp-content\/uploads\/2024\/12\/ED020156-B7D8-4616-9214-F4E88538F979-300x300.jpg 300w, https:\/\/www.agriturismocapasquin.it\/wp-content\/uploads\/2024\/12\/ED020156-B7D8-4616-9214-F4E88538F979-768x768.jpg 768w, https:\/\/www.agriturismocapasquin.it\/wp-content\/uploads\/2024\/12\/ED020156-B7D8-4616-9214-F4E88538F979-12x12.jpg 12w, https:\/\/www.agriturismocapasquin.it\/wp-content\/uploads\/2024\/12\/ED020156-B7D8-4616-9214-F4E88538F979-512x512.jpg 512w, https:\/\/www.agriturismocapasquin.it\/wp-content\/uploads\/2024\/12\/ED020156-B7D8-4616-9214-F4E88538F979-1024x1024.jpg 1024w, https:\/\/www.agriturismocapasquin.it\/wp-content\/uploads\/2024\/12\/ED020156-B7D8-4616-9214-F4E88538F979.jpg 1507w\" sizes=\"auto, (max-width: 150px) 100vw, 150px\" \/><\/div><\/div><div class=\"vc_item\"><div class=\"vc_inner\"><img loading=\"lazy\" decoding=\"async\" width=\"150\" height=\"150\" src=\"https:\/\/www.agriturismocapasquin.it\/wp-content\/uploads\/2025\/12\/IMG_5748-150x150.jpg\" class=\"attachment-thumbnail\" alt=\"\" title=\"IMG_5748\" srcset=\"https:\/\/www.agriturismocapasquin.it\/wp-content\/uploads\/2025\/12\/IMG_5748-150x150.jpg 150w, https:\/\/www.agriturismocapasquin.it\/wp-content\/uploads\/2025\/12\/IMG_5748-512x512.jpg 512w, https:\/\/www.agriturismocapasquin.it\/wp-content\/uploads\/2025\/12\/IMG_5748-1024x1024.jpg 1024w\" sizes=\"auto, (max-width: 150px) 100vw, 150px\" \/><\/div><\/div><div class=\"vc_item\"><div class=\"vc_inner\"><img loading=\"lazy\" decoding=\"async\" width=\"150\" height=\"150\" src=\"https:\/\/www.agriturismocapasquin.it\/wp-content\/uploads\/2023\/02\/723DCD84-7030-4AFA-AB3C-0D8EAF0B7333-150x150.jpg\" class=\"attachment-thumbnail\" alt=\"\" title=\"Fragola e Lampione\" srcset=\"https:\/\/www.agriturismocapasquin.it\/wp-content\/uploads\/2023\/02\/723DCD84-7030-4AFA-AB3C-0D8EAF0B7333-150x150.jpg 150w, https:\/\/www.agriturismocapasquin.it\/wp-content\/uploads\/2023\/02\/723DCD84-7030-4AFA-AB3C-0D8EAF0B7333-512x512.jpg 512w, https:\/\/www.agriturismocapasquin.it\/wp-content\/uploads\/2023\/02\/723DCD84-7030-4AFA-AB3C-0D8EAF0B7333-1024x1024.jpg 1024w\" sizes=\"auto, (max-width: 150px) 100vw, 150px\" \/><\/div><\/div><div class=\"vc_item\"><div class=\"vc_inner\"><img loading=\"lazy\" decoding=\"async\" width=\"150\" height=\"150\" src=\"https:\/\/www.agriturismocapasquin.it\/wp-content\/uploads\/2025\/12\/IMG_6568-1-150x150.jpg\" class=\"attachment-thumbnail\" alt=\"\" title=\"IMG_6568\" srcset=\"https:\/\/www.agriturismocapasquin.it\/wp-content\/uploads\/2025\/12\/IMG_6568-1-150x150.jpg 150w, https:\/\/www.agriturismocapasquin.it\/wp-content\/uploads\/2025\/12\/IMG_6568-1-512x512.jpg 512w, https:\/\/www.agriturismocapasquin.it\/wp-content\/uploads\/2025\/12\/IMG_6568-1-1024x1024.jpg 1024w\" sizes=\"auto, (max-width: 150px) 100vw, 150px\" \/><\/div><\/div><div class=\"vc_item\"><div class=\"vc_inner\"><img loading=\"lazy\" decoding=\"async\" width=\"150\" height=\"150\" src=\"https:\/\/www.agriturismocapasquin.it\/wp-content\/uploads\/2023\/11\/CaPasquin2023_098-150x150.jpg\" class=\"attachment-thumbnail\" alt=\"\" title=\"Ca&#039;Pasquin2023_098\" srcset=\"https:\/\/www.agriturismocapasquin.it\/wp-content\/uploads\/2023\/11\/CaPasquin2023_098-150x150.jpg 150w, https:\/\/www.agriturismocapasquin.it\/wp-content\/uploads\/2023\/11\/CaPasquin2023_098-512x512.jpg 512w, https:\/\/www.agriturismocapasquin.it\/wp-content\/uploads\/2023\/11\/CaPasquin2023_098-1024x1024.jpg 1024w\" sizes=\"auto, (max-width: 150px) 100vw, 150px\" \/><\/div><\/div><div class=\"vc_item\"><div class=\"vc_inner\"><img loading=\"lazy\" decoding=\"async\" width=\"150\" height=\"150\" src=\"https:\/\/www.agriturismocapasquin.it\/wp-content\/uploads\/2024\/12\/IMG_2661-150x150.jpeg\" class=\"attachment-thumbnail\" alt=\"\" title=\"IMG_2661\" srcset=\"https:\/\/www.agriturismocapasquin.it\/wp-content\/uploads\/2024\/12\/IMG_2661-150x150.jpeg 150w, https:\/\/www.agriturismocapasquin.it\/wp-content\/uploads\/2024\/12\/IMG_2661-512x512.jpeg 512w, https:\/\/www.agriturismocapasquin.it\/wp-content\/uploads\/2024\/12\/IMG_2661-1024x1024.jpeg 1024w\" sizes=\"auto, (max-width: 150px) 100vw, 150px\" \/><\/div><\/div><div class=\"vc_item\"><div class=\"vc_inner\"><img loading=\"lazy\" decoding=\"async\" width=\"150\" height=\"150\" src=\"https:\/\/www.agriturismocapasquin.it\/wp-content\/uploads\/2023\/11\/CaPasquin2023_083-150x150.jpg\" class=\"attachment-thumbnail\" alt=\"\" title=\"Ca&#039;Pasquin2023_083\" srcset=\"https:\/\/www.agriturismocapasquin.it\/wp-content\/uploads\/2023\/11\/CaPasquin2023_083-150x150.jpg 150w, https:\/\/www.agriturismocapasquin.it\/wp-content\/uploads\/2023\/11\/CaPasquin2023_083-512x512.jpg 512w, https:\/\/www.agriturismocapasquin.it\/wp-content\/uploads\/2023\/11\/CaPasquin2023_083-1024x1024.jpg 1024w\" sizes=\"auto, (max-width: 150px) 100vw, 150px\" \/><\/div><\/div><div class=\"vc_item\"><div class=\"vc_inner\"><img loading=\"lazy\" decoding=\"async\" width=\"150\" height=\"150\" src=\"https:\/\/www.agriturismocapasquin.it\/wp-content\/uploads\/2023\/11\/CaPasquin2023_088-150x150.jpg\" class=\"attachment-thumbnail\" alt=\"\" title=\"Ca&#039;Pasquin2023_088\" srcset=\"https:\/\/www.agriturismocapasquin.it\/wp-content\/uploads\/2023\/11\/CaPasquin2023_088-150x150.jpg 150w, https:\/\/www.agriturismocapasquin.it\/wp-content\/uploads\/2023\/11\/CaPasquin2023_088-512x512.jpg 512w, https:\/\/www.agriturismocapasquin.it\/wp-content\/uploads\/2023\/11\/CaPasquin2023_088-1024x1024.jpg 1024w\" sizes=\"auto, (max-width: 150px) 100vw, 150px\" \/><\/div><\/div><div class=\"vc_item\"><div class=\"vc_inner\"><img loading=\"lazy\" decoding=\"async\" width=\"150\" height=\"150\" src=\"https:\/\/www.agriturismocapasquin.it\/wp-content\/uploads\/2023\/11\/CaPasquin2023_093-150x150.jpg\" class=\"attachment-thumbnail\" alt=\"\" title=\"Ca&#039;Pasquin2023_093\" srcset=\"https:\/\/www.agriturismocapasquin.it\/wp-content\/uploads\/2023\/11\/CaPasquin2023_093-150x150.jpg 150w, https:\/\/www.agriturismocapasquin.it\/wp-content\/uploads\/2023\/11\/CaPasquin2023_093-512x512.jpg 512w, https:\/\/www.agriturismocapasquin.it\/wp-content\/uploads\/2023\/11\/CaPasquin2023_093-1024x1024.jpg 1024w\" sizes=\"auto, (max-width: 150px) 100vw, 150px\" \/><\/div><\/div><div class=\"vc_item\"><div class=\"vc_inner\"><img loading=\"lazy\" decoding=\"async\" width=\"150\" height=\"150\" src=\"https:\/\/www.agriturismocapasquin.it\/wp-content\/uploads\/2023\/11\/CaPasquin2023_097-150x150.jpg\" class=\"attachment-thumbnail\" alt=\"\" title=\"Ca&#039;Pasquin2023_097\" srcset=\"https:\/\/www.agriturismocapasquin.it\/wp-content\/uploads\/2023\/11\/CaPasquin2023_097-150x150.jpg 150w, https:\/\/www.agriturismocapasquin.it\/wp-content\/uploads\/2023\/11\/CaPasquin2023_097-512x512.jpg 512w, https:\/\/www.agriturismocapasquin.it\/wp-content\/uploads\/2023\/11\/CaPasquin2023_097-1024x1024.jpg 1024w\" sizes=\"auto, (max-width: 150px) 100vw, 150px\" \/><\/div><\/div><div class=\"vc_item\"><div class=\"vc_inner\"><img loading=\"lazy\" decoding=\"async\" width=\"150\" height=\"150\" src=\"https:\/\/www.agriturismocapasquin.it\/wp-content\/uploads\/2023\/11\/CaPasquin2023_086-150x150.jpg\" class=\"attachment-thumbnail\" alt=\"\" title=\"Ca&#039;Pasquin2023_086\" srcset=\"https:\/\/www.agriturismocapasquin.it\/wp-content\/uploads\/2023\/11\/CaPasquin2023_086-150x150.jpg 150w, https:\/\/www.agriturismocapasquin.it\/wp-content\/uploads\/2023\/11\/CaPasquin2023_086-512x512.jpg 512w, https:\/\/www.agriturismocapasquin.it\/wp-content\/uploads\/2023\/11\/CaPasquin2023_086-1024x1024.jpg 1024w\" sizes=\"auto, (max-width: 150px) 100vw, 150px\" \/><\/div><\/div><div class=\"vc_item\"><div class=\"vc_inner\"><img loading=\"lazy\" decoding=\"async\" width=\"150\" height=\"150\" src=\"https:\/\/www.agriturismocapasquin.it\/wp-content\/uploads\/2023\/11\/CaPasquin2023_084-150x150.jpg\" class=\"attachment-thumbnail\" alt=\"\" title=\"Ca&#039;Pasquin2023_084\" srcset=\"https:\/\/www.agriturismocapasquin.it\/wp-content\/uploads\/2023\/11\/CaPasquin2023_084-150x150.jpg 150w, https:\/\/www.agriturismocapasquin.it\/wp-content\/uploads\/2023\/11\/CaPasquin2023_084-512x512.jpg 512w, https:\/\/www.agriturismocapasquin.it\/wp-content\/uploads\/2023\/11\/CaPasquin2023_084-1024x1024.jpg 1024w\" sizes=\"auto, (max-width: 150px) 100vw, 150px\" \/><\/div><\/div><\/div><\/div><\/div><a class=\"vc_left vc_carousel-control\" href=\"#vc_images-carousel-1-1777828373\" data-slide=\"prev\"><span class=\"icon-prev\"><\/span><\/a><a class=\"vc_right vc_carousel-control\" href=\"#vc_images-carousel-1-1777828373\" data-slide=\"next\"><span class=\"icon-next\"><\/span><\/a><\/div><\/div><\/div><\/div><\/div><\/div><div class=\"wpb_column vc_column_container vc_col-sm-6\"><div class=\"vc_column-inner\"><div class=\"wpb_wrapper\"><h2 style=\"text-align: left\" class=\"vc_custom_heading\" >Colazione all'Agriturismo Ca' Pasquin<\/h2><h2 style=\"font-size: 20px;text-align: left\" class=\"vc_custom_heading\" >disponibile solo per gli ospiti di Ca' Pasquin<\/h2>\n\t<div class=\"wpb_text_column wpb_content_element\" >\n\t\t<div class=\"wpb_wrapper\">\n\t\t\t<div class=\"flex-shrink-0 flex flex-col relative items-end\">\n<div>\n<div class=\"pt-0\">\n<div class=\"gizmo-bot-avatar flex h-8 w-8 items-center justify-center overflow-hidden rounded-full\">\n<div class=\"relative p-1 rounded-sm flex items-center justify-center bg-token-main-surface-primary text-token-text-primary h-8 w-8\">All' <strong>Agriturismo Ca\u2019 Pasquin<\/strong> Inizia la giornata con una colazione ricca di prodotti freschi e gustosi, preparati con passione e cura.<br \/>\nIl nostro amore per la cucina e l'utilizzo di ingredienti provenienti dal nostro orto garantiscono una colazione che rispecchia l'essenza della nostra azienda agricola e del Piemonte.<\/div>\n<\/div>\n<\/div>\n<\/div>\n<\/div>\n<div class=\"group\/conversation-turn relative flex w-full min-w-0 flex-col agent-turn\">\n<div class=\"flex-col gap-1 md:gap-3\">\n<div class=\"flex max-w-full flex-col flex-grow\">\n<div class=\"min-h-8 text-message flex w-full flex-col items-end gap-2 whitespace-normal break-words &#091;.text-message+&amp;&#093;:mt-5\" dir=\"auto\" data-message-author-role=\"assistant\" data-message-id=\"05ca57d7-60de-4389-841b-0fe855487912\" data-message-model-slug=\"gpt-4o\">\n<div class=\"flex w-full flex-col gap-1 empty:hidden first:pt-&#091;3px&#093;\">\n<div class=\"markdown prose w-full break-words dark:prose-invert light\">\n<p><strong>Il sapore della fattoria e dell'Italia\u00a0<\/strong><br \/>\nLa nostra colazione \u00e8 semplice, fresca e genuina. Gran parte di ci\u00f2 che serviamo lo prepariamo noi stessi: dalla marmellata fatta in casa ai panini appena sfornati, fino allo yogurt e alle torte. Inoltre utilizziamo solo i migliori prodotti locali, come il formaggio del nostro vicino e il miele della zona. Ogni stagione porta con s\u00e9 nuovi sapori e varianti, permettendoti di assaporare ogni giorno qualcosa di speciale.<\/p>\n<p><strong>Prodotti del nostro orto, prodotti locali, qualit\u00e0 pura<\/strong><br \/>\nDa noi potrete assaporare l'amore per i prodotti locali e fatti in casa. Tutto ci\u00f2 che serviamo \u00e8 accuratamente selezionato o preparato a mano. Questo rende la nostra colazione una vera esperienza di gusto.<\/p>\n<p><strong>Inizia bene la giornata<\/strong><br \/>\nGustatevi la colazione in un'atmosfera rilassata, ad esempio:<\/p>\n<ul>\n<li>Sulla nostra terrazza con vista sulle colline circostanti.<\/li>\n<li>Nella nostra accogliente sala da pranzo, La Piola.<\/li>\n<li>Oppure nel tuo appartamento, se preferisci iniziare gradualmente.<\/li>\n<\/ul>\n<p>La colazione a <strong>Ca\u2019 Pasquin<\/strong> \u00e8 riservato esclusivamente ai nostri ospiti e render\u00e0 il vostro soggiorno ancora pi\u00f9 speciale.<\/p>\n<p><strong>Prenotare<\/strong><br \/>\nVuoi saperne di pi\u00f9 o <a href=\"https:\/\/www.agriturismocapasquin.it\/it\/appartementen\/booking-all\/\">effettuare una prenotazione?<\/a> Inviaci una e-mail tramite <a href=\"mailto:info@agriturismocapasquin.it\"><strong>info@agriturismocapasquin.it<\/strong><\/a> oppure compila il modulo di contatto.<\/p>\n<p><strong>Assapora i sapori del Piemonte<\/strong> e inizia la giornata con una colazione preparata con amore e orgoglio.<\/p>\n<\/div>\n<\/div>\n<\/div>\n<\/div>\n<\/div>\n<\/div>\n\n\t\t<\/div>\n\t<\/div>\n<div class=\"vc_btn3-container vc_btn3-center\" ><a onmouseleave=\"this.style.borderColor='#737f78'; this.style.backgroundColor='transparent'; this.style.color='#737f78'\" onmouseenter=\"this.style.borderColor='#e6ede1'; this.style.backgroundColor='#e6ede1'; this.style.color='#ffffff';\" style=\"border-color:#737f78; color:#737f78;\" class=\"vc_general vc_btn3 vc_btn3-size-lg vc_btn3-shape-rounded vc_btn3-style-outline-custom vc_btn3-block vc_btn3-icon-left\" href=\"https:\/\/www.agriturismocapasquin.it\/it\/booking-all\/\" title=\"Booking All\"><i class=\"vc_btn3-icon fas fa-bed\"><\/i> Prenotare<\/a><\/div><\/div><\/div><\/div><div class=\"wpb_column vc_column_container vc_col-sm-4\"><div class=\"vc_column-inner\"><div class=\"wpb_wrapper\">\n\t<div class=\"wpb_text_column wpb_content_element\" >\n\t\t<div class=\"wpb_wrapper\">\n\t\t\t<h2>Modulo di contatto<\/h2>\n<p>Per domande o commenti, compila il modulo di contatto qui sotto o inviaci un'e-mail a <a href=\"mailto:info@agriturismocapasquin.it\">info@agriturismocapasquin.it<\/a>.<\/p>\n\n\t\t<\/div>\n\t<\/div>\n\n\t<div class=\"wpb_text_column wpb_content_element\" >\n\t\t<div class=\"wpb_wrapper\">\n\t\t\t\n<div class=\"wpcf7 no-js\" id=\"wpcf7-f722-o1\" lang=\"en-US\" dir=\"ltr\" data-wpcf7-id=\"722\">\n<div class=\"screen-reader-response\"><p role=\"status\" aria-live=\"polite\" aria-atomic=\"true\"><\/p> <ul><\/ul><\/div>\n<form action=\"\/it\/wp-json\/wp\/v2\/pages\/9508#wpcf7-f722-o1\" method=\"post\" class=\"wpcf7-form init\" aria-label=\"Contact form\" novalidate=\"novalidate\" data-status=\"init\" data-trp-original-action=\"\/it\/wp-json\/wp\/v2\/pages\/9508#wpcf7-f722-o1\">\n<fieldset class=\"hidden-fields-container\"><input type=\"hidden\" name=\"_wpcf7\" value=\"722\" \/><input type=\"hidden\" name=\"_wpcf7_version\" value=\"6.1.5\" \/><input type=\"hidden\" name=\"_wpcf7_locale\" value=\"en_US\" \/><input type=\"hidden\" name=\"_wpcf7_unit_tag\" value=\"wpcf7-f722-o1\" \/><input type=\"hidden\" name=\"_wpcf7_container_post\" value=\"0\" \/><input type=\"hidden\" name=\"_wpcf7_posted_data_hash\" value=\"\" \/><input type=\"hidden\" name=\"_wpcf7_recaptcha_response\" value=\"\" \/>\n<\/fieldset>\n<p><label> Nome<br \/>\n<span class=\"wpcf7-form-control-wrap\" data-name=\"your-name\"><input size=\"40\" maxlength=\"400\" class=\"wpcf7-form-control wpcf7-text wpcf7-validates-as-required\" aria-required=\"true\" aria-invalid=\"false\" value=\"\" type=\"text\" name=\"your-name\" \/><\/span> <\/label>\n<\/p>\n<p><label> Email<br \/>\n<span class=\"wpcf7-form-control-wrap\" data-name=\"your-email\"><input size=\"40\" maxlength=\"400\" class=\"wpcf7-form-control wpcf7-email wpcf7-validates-as-required wpcf7-text wpcf7-validates-as-email\" aria-required=\"true\" aria-invalid=\"false\" value=\"\" type=\"email\" name=\"your-email\" \/><\/span> <\/label>\n<\/p>\n<p><label> Argomento<br \/>\n<span class=\"wpcf7-form-control-wrap\" data-name=\"your-subject\"><input size=\"40\" maxlength=\"400\" class=\"wpcf7-form-control wpcf7-text wpcf7-validates-as-required\" aria-required=\"true\" aria-invalid=\"false\" value=\"\" type=\"text\" name=\"your-subject\" \/><\/span> <\/label>\n<\/p>\n<p><label> Messaggio<br \/>\n<span class=\"wpcf7-form-control-wrap\" data-name=\"your-message\"><textarea cols=\"40\" rows=\"10\" maxlength=\"2000\" class=\"wpcf7-form-control wpcf7-textarea\" aria-invalid=\"false\" name=\"your-message\"><\/textarea><\/span> <\/label>\n<\/p>\n<p><input class=\"wpcf7-form-control wpcf7-submit has-spinner\" type=\"submit\" value=\"Spedire\" \/>\n<\/p><p style=\"display: none !important;\" class=\"akismet-fields-container\" data-prefix=\"_wpcf7_ak_\"><label>&#916;<textarea name=\"_wpcf7_ak_hp_textarea\" cols=\"45\" rows=\"8\" maxlength=\"100\"><\/textarea><\/label><input type=\"hidden\" id=\"ak_js_1\" name=\"_wpcf7_ak_js\" value=\"100\"\/><script>document.getElementById( \"ak_js_1\" ).setAttribute( \"value\", ( new Date() ).getTime() );<\/script><\/p><div class=\"wpcf7-response-output\" aria-hidden=\"true\"><\/div>\n<input type=\"hidden\" name=\"trp-form-language\" value=\"it\"\/><\/form>\n<\/div>\n\n\n\t\t<\/div>\n\t<\/div>\n<\/div><\/div><\/div><\/div>","protected":false},"excerpt":{"rendered":"Food &amp; Beverage Femke &amp; Bart Eten &amp; Drinken Cibo &amp; Bevande Ontbijt bij Agriturismo Ca' Pasquinalleen beschikbaar voor gasten van Ca' Pasquin Bij Agriturismo &hellip;","protected":false},"author":2,"featured_media":0,"parent":0,"menu_order":0,"comment_status":"closed","ping_status":"closed","template":"","meta":{"_monsterinsights_skip_tracking":false,"_monsterinsights_sitenote_active":false,"_monsterinsights_sitenote_note":"","_monsterinsights_sitenote_category":0,"_uf_show_specific_survey":0,"_uf_disable_surveys":false,"footnotes":""},"class_list":["post-9508","page","type-page","status-publish","hentry"],"aioseo_notices":[],"_links":{"self":[{"href":"https:\/\/www.agriturismocapasquin.it\/it\/wp-json\/wp\/v2\/pages\/9508","targetHints":{"allow":["GET"]}}],"collection":[{"href":"https:\/\/www.agriturismocapasquin.it\/it\/wp-json\/wp\/v2\/pages"}],"about":[{"href":"https:\/\/www.agriturismocapasquin.it\/it\/wp-json\/wp\/v2\/types\/page"}],"author":[{"embeddable":true,"href":"https:\/\/www.agriturismocapasquin.it\/it\/wp-json\/wp\/v2\/users\/2"}],"replies":[{"embeddable":true,"href":"https:\/\/www.agriturismocapasquin.it\/it\/wp-json\/wp\/v2\/comments?post=9508"}],"version-history":[{"count":4,"href":"https:\/\/www.agriturismocapasquin.it\/it\/wp-json\/wp\/v2\/pages\/9508\/revisions"}],"predecessor-version":[{"id":10432,"href":"https:\/\/www.agriturismocapasquin.it\/it\/wp-json\/wp\/v2\/pages\/9508\/revisions\/10432"}],"wp:attachment":[{"href":"https:\/\/www.agriturismocapasquin.it\/it\/wp-json\/wp\/v2\/media?parent=9508"}],"curies":[{"name":"wp","href":"https:\/\/api.w.org\/{rel}","templated":true}]}}