{"id":9475,"date":"2024-11-26T14:26:06","date_gmt":"2024-11-26T14:26:06","guid":{"rendered":"https:\/\/www.agriturismocapasquin.it\/?page_id=9475"},"modified":"2025-12-21T18:04:07","modified_gmt":"2025-12-21T18:04:07","slug":"culinair-arrangement","status":"publish","type":"page","link":"https:\/\/www.agriturismocapasquin.it\/it\/culinair-arrangement\/","title":{"rendered":"Disposizione culinaria"},"content":{"rendered":"<div class=\"vc_row wpb_row vc_row-fluid\"><div class=\"wpb_column vc_column_container vc_col-sm-12\"><div class=\"vc_column-inner\"><div class=\"wpb_wrapper\"><div class=\"vc_empty_space\"   style=\"height: 32px\"><span class=\"vc_empty_space_inner\"><\/span><\/div><\/div><\/div><\/div><\/div><div class=\"vc_row wpb_row vc_row-fluid vc_custom_1732630582562 vc_row-has-fill vc_column-gap-10 vc_row-o-full-height vc_row-o-columns-top vc_row-o-equal-height vc_row-o-content-top vc_row-flex\"><div class=\"wpb_column vc_column_container vc_col-sm-4\"><div class=\"vc_column-inner\"><div class=\"wpb_wrapper\"><div class=\"vc_empty_space\"   style=\"height: 32px\"><span class=\"vc_empty_space_inner\"><\/span><\/div><div class=\"wpb_images_carousel wpb_content_element vc_clearfix\"><div class=\"wpb_wrapper\"><div id=\"vc_images-carousel-1-1777829305\" data-ride=\"vc_carousel\" data-wrap=\"true\" style=\"width: 400px;\" data-interval=\"5000\" data-auto-height=\"yes\" data-mode=\"vertical\" data-partial=\"true\" data-per-view=\"2\" data-hide-on-end=\"false\" class=\"vc_slide vc_images_carousel\"><ol class=\"vc_carousel-indicators\"><li data-target=\"#vc_images-carousel-1-1777829305\" data-slide-to=\"0\"><\/li><li data-target=\"#vc_images-carousel-1-1777829305\" data-slide-to=\"1\"><\/li><li data-target=\"#vc_images-carousel-1-1777829305\" data-slide-to=\"2\"><\/li><li data-target=\"#vc_images-carousel-1-1777829305\" data-slide-to=\"3\"><\/li><li data-target=\"#vc_images-carousel-1-1777829305\" data-slide-to=\"4\"><\/li><li data-target=\"#vc_images-carousel-1-1777829305\" data-slide-to=\"5\"><\/li><li data-target=\"#vc_images-carousel-1-1777829305\" data-slide-to=\"6\"><\/li><li data-target=\"#vc_images-carousel-1-1777829305\" data-slide-to=\"7\"><\/li><li data-target=\"#vc_images-carousel-1-1777829305\" data-slide-to=\"8\"><\/li><li data-target=\"#vc_images-carousel-1-1777829305\" data-slide-to=\"9\"><\/li><li data-target=\"#vc_images-carousel-1-1777829305\" data-slide-to=\"10\"><\/li><li data-target=\"#vc_images-carousel-1-1777829305\" data-slide-to=\"11\"><\/li><li data-target=\"#vc_images-carousel-1-1777829305\" data-slide-to=\"12\"><\/li><li data-target=\"#vc_images-carousel-1-1777829305\" data-slide-to=\"13\"><\/li><li data-target=\"#vc_images-carousel-1-1777829305\" data-slide-to=\"14\"><\/li><li data-target=\"#vc_images-carousel-1-1777829305\" data-slide-to=\"15\"><\/li><li data-target=\"#vc_images-carousel-1-1777829305\" data-slide-to=\"16\"><\/li><li data-target=\"#vc_images-carousel-1-1777829305\" data-slide-to=\"17\"><\/li><li data-target=\"#vc_images-carousel-1-1777829305\" data-slide-to=\"18\"><\/li><li data-target=\"#vc_images-carousel-1-1777829305\" data-slide-to=\"19\"><\/li><li data-target=\"#vc_images-carousel-1-1777829305\" data-slide-to=\"20\"><\/li><li data-target=\"#vc_images-carousel-1-1777829305\" data-slide-to=\"21\"><\/li><li data-target=\"#vc_images-carousel-1-1777829305\" data-slide-to=\"22\"><\/li><li data-target=\"#vc_images-carousel-1-1777829305\" data-slide-to=\"23\"><\/li><li data-target=\"#vc_images-carousel-1-1777829305\" data-slide-to=\"24\"><\/li><li data-target=\"#vc_images-carousel-1-1777829305\" data-slide-to=\"25\"><\/li><li data-target=\"#vc_images-carousel-1-1777829305\" data-slide-to=\"26\"><\/li><\/ol><div class=\"vc_carousel-inner\"><div class=\"vc_carousel-slideline\"><div class=\"vc_carousel-slideline-inner\"><div class=\"vc_item\"><div class=\"vc_inner\"><img loading=\"lazy\" decoding=\"async\" class=\"\" src=\"https:\/\/www.agriturismocapasquin.it\/wp-content\/uploads\/2025\/12\/IMG_1423-400x400.jpg\" width=\"400\" height=\"400\" alt=\"IMG_1423\" title=\"IMG_1423\" \/><\/div><\/div><div class=\"vc_item\"><div class=\"vc_inner\"><img loading=\"lazy\" decoding=\"async\" class=\"\" src=\"https:\/\/www.agriturismocapasquin.it\/wp-content\/uploads\/2025\/12\/IMG_0304-400x400.jpg\" width=\"400\" height=\"400\" alt=\"IMG_0304\" title=\"IMG_0304\" \/><\/div><\/div><div class=\"vc_item\"><div class=\"vc_inner\"><img loading=\"lazy\" decoding=\"async\" class=\"\" src=\"https:\/\/www.agriturismocapasquin.it\/wp-content\/uploads\/2025\/12\/IMG_6568-1-scaled-400x400.jpg\" width=\"400\" height=\"400\" alt=\"IMG_6568\" title=\"IMG_6568\" \/><\/div><\/div><div class=\"vc_item\"><div class=\"vc_inner\"><img loading=\"lazy\" decoding=\"async\" class=\"\" src=\"https:\/\/www.agriturismocapasquin.it\/wp-content\/uploads\/2025\/12\/Wijn-400x400.jpg\" width=\"400\" height=\"400\" alt=\"Wijn\" title=\"Wijn\" \/><\/div><\/div><div class=\"vc_item\"><div class=\"vc_inner\"><img loading=\"lazy\" decoding=\"async\" class=\"\" src=\"https:\/\/www.agriturismocapasquin.it\/wp-content\/uploads\/2025\/12\/Robiola-400x400.jpg\" width=\"400\" height=\"400\" alt=\"Robiola Roccaverano\" title=\"Robiola Roccaverano\" \/><\/div><\/div><div class=\"vc_item\"><div class=\"vc_inner\"><img loading=\"lazy\" decoding=\"async\" class=\"\" src=\"https:\/\/www.agriturismocapasquin.it\/wp-content\/uploads\/2025\/12\/7633892d-779a-4c6c-bf96-e059b56b013c-scaled-400x400.jpg\" width=\"400\" height=\"400\" alt=\"7633892d-779a-4c6c-bf96-e059b56b013c\" title=\"7633892d-779a-4c6c-bf96-e059b56b013c\" \/><\/div><\/div><div class=\"vc_item\"><div class=\"vc_inner\"><img loading=\"lazy\" decoding=\"async\" class=\"\" src=\"https:\/\/www.agriturismocapasquin.it\/wp-content\/uploads\/2025\/12\/11389c6f-6e9d-4a10-ae71-928dff2553e7-scaled-400x400.jpg\" width=\"400\" height=\"400\" alt=\"11389c6f-6e9d-4a10-ae71-928dff2553e7\" title=\"11389c6f-6e9d-4a10-ae71-928dff2553e7\" \/><\/div><\/div><div class=\"vc_item\"><div class=\"vc_inner\"><img loading=\"lazy\" decoding=\"async\" class=\"\" src=\"https:\/\/www.agriturismocapasquin.it\/wp-content\/uploads\/2025\/12\/1688efe7-25d7-4a06-9311-b58aff0f4559-scaled-400x400.jpg\" width=\"400\" height=\"400\" alt=\"1688efe7-25d7-4a06-9311-b58aff0f4559\" title=\"1688efe7-25d7-4a06-9311-b58aff0f4559\" \/><\/div><\/div><div class=\"vc_item\"><div class=\"vc_inner\"><img loading=\"lazy\" decoding=\"async\" class=\"\" src=\"https:\/\/www.agriturismocapasquin.it\/wp-content\/uploads\/2025\/12\/eac92080-4a35-4e25-a908-36afd91306b4-scaled-400x400.jpg\" width=\"400\" height=\"400\" alt=\"eac92080-4a35-4e25-a908-36afd91306b4\" title=\"eac92080-4a35-4e25-a908-36afd91306b4\" \/><\/div><\/div><div class=\"vc_item\"><div class=\"vc_inner\"><img loading=\"lazy\" decoding=\"async\" class=\"\" src=\"https:\/\/www.agriturismocapasquin.it\/wp-content\/uploads\/2025\/12\/50d99c7a-c321-439e-bcd4-711d270f6d59-scaled-400x400.jpg\" width=\"400\" height=\"400\" alt=\"50d99c7a-c321-439e-bcd4-711d270f6d59\" title=\"50d99c7a-c321-439e-bcd4-711d270f6d59\" \/><\/div><\/div><div class=\"vc_item\"><div class=\"vc_inner\"><img loading=\"lazy\" decoding=\"async\" class=\"\" src=\"https:\/\/www.agriturismocapasquin.it\/wp-content\/uploads\/2024\/12\/IMG_9841-scaled-400x400.jpeg\" width=\"400\" height=\"400\" alt=\"IMG_9841\" title=\"IMG_9841\" \/><\/div><\/div><div class=\"vc_item\"><div class=\"vc_inner\"><img loading=\"lazy\" decoding=\"async\" class=\"\" src=\"https:\/\/www.agriturismocapasquin.it\/wp-content\/uploads\/2024\/12\/IMG_1810-scaled-400x400.jpeg\" width=\"400\" height=\"400\" alt=\"IMG_1810\" title=\"IMG_1810\" \/><\/div><\/div><div class=\"vc_item\"><div class=\"vc_inner\"><img loading=\"lazy\" decoding=\"async\" class=\"\" src=\"https:\/\/www.agriturismocapasquin.it\/wp-content\/uploads\/2024\/12\/IMG_6663-scaled-400x400.jpeg\" width=\"400\" height=\"400\" alt=\"IMG_6663\" title=\"IMG_6663\" \/><\/div><\/div><div class=\"vc_item\"><div class=\"vc_inner\"><img loading=\"lazy\" decoding=\"async\" class=\"\" src=\"https:\/\/www.agriturismocapasquin.it\/wp-content\/uploads\/2024\/12\/IMG_5857-scaled-400x400.jpeg\" width=\"400\" height=\"400\" alt=\"IMG_5857\" title=\"IMG_5857\" \/><\/div><\/div><div class=\"vc_item\"><div class=\"vc_inner\"><img loading=\"lazy\" decoding=\"async\" class=\"\" src=\"https:\/\/www.agriturismocapasquin.it\/wp-content\/uploads\/2024\/12\/IMG_4724-scaled-400x400.jpeg\" width=\"400\" height=\"400\" alt=\"IMG_4724\" title=\"IMG_4724\" \/><\/div><\/div><div class=\"vc_item\"><div class=\"vc_inner\"><img loading=\"lazy\" decoding=\"async\" class=\"\" src=\"https:\/\/www.agriturismocapasquin.it\/wp-content\/uploads\/2024\/12\/IMG_7446-scaled-400x400.jpeg\" width=\"400\" height=\"400\" alt=\"IMG_7446\" title=\"IMG_7446\" \/><\/div><\/div><div class=\"vc_item\"><div class=\"vc_inner\"><img loading=\"lazy\" decoding=\"async\" class=\"\" src=\"https:\/\/www.agriturismocapasquin.it\/wp-content\/uploads\/2024\/12\/5931dfd5-03ea-4937-a64f-e69bfe1e6c86-400x400.jpg\" width=\"400\" height=\"400\" alt=\"5931dfd5-03ea-4937-a64f-e69bfe1e6c86\" title=\"5931dfd5-03ea-4937-a64f-e69bfe1e6c86\" \/><\/div><\/div><div class=\"vc_item\"><div class=\"vc_inner\"><img loading=\"lazy\" decoding=\"async\" class=\"\" src=\"https:\/\/www.agriturismocapasquin.it\/wp-content\/uploads\/2024\/12\/8a7f5fa0-bfc0-446d-b4d8-c5def3dc1e86-400x400.jpg\" width=\"400\" height=\"400\" alt=\"8a7f5fa0-bfc0-446d-b4d8-c5def3dc1e86\" title=\"8a7f5fa0-bfc0-446d-b4d8-c5def3dc1e86\" \/><\/div><\/div><div class=\"vc_item\"><div class=\"vc_inner\"><img loading=\"lazy\" decoding=\"async\" class=\"\" src=\"https:\/\/www.agriturismocapasquin.it\/wp-content\/uploads\/2024\/12\/56c3c292-8ff4-4cbc-a021-f46633a37293-400x400.jpg\" width=\"400\" height=\"400\" alt=\"56c3c292-8ff4-4cbc-a021-f46633a37293\" title=\"56c3c292-8ff4-4cbc-a021-f46633a37293\" \/><\/div><\/div><div class=\"vc_item\"><div class=\"vc_inner\"><img loading=\"lazy\" decoding=\"async\" class=\"\" src=\"https:\/\/www.agriturismocapasquin.it\/wp-content\/uploads\/2024\/11\/009F7AD2-4D45-4673-9E97-1733F757D896-scaled-400x400.jpg\" width=\"400\" height=\"400\" alt=\"009F7AD2-4D45-4673-9E97-1733F757D896\" title=\"009F7AD2-4D45-4673-9E97-1733F757D896\" \/><\/div><\/div><div class=\"vc_item\"><div class=\"vc_inner\"><img loading=\"lazy\" decoding=\"async\" class=\"\" src=\"https:\/\/www.agriturismocapasquin.it\/wp-content\/uploads\/2024\/11\/IMG_4168-scaled-400x400.jpeg\" width=\"400\" height=\"400\" alt=\"IMG_4168\" title=\"IMG_4168\" \/><\/div><\/div><div class=\"vc_item\"><div class=\"vc_inner\"><img loading=\"lazy\" decoding=\"async\" class=\"\" src=\"https:\/\/www.agriturismocapasquin.it\/wp-content\/uploads\/2024\/11\/IMG_9843-scaled-400x400.jpeg\" width=\"400\" height=\"400\" alt=\"IMG_9843\" title=\"IMG_9843\" \/><\/div><\/div><div class=\"vc_item\"><div class=\"vc_inner\"><img loading=\"lazy\" decoding=\"async\" class=\"\" src=\"https:\/\/www.agriturismocapasquin.it\/wp-content\/uploads\/2024\/11\/IMG_3279-scaled-400x400.jpeg\" width=\"400\" height=\"400\" alt=\"IMG_3279\" title=\"IMG_3279\" \/><\/div><\/div><div class=\"vc_item\"><div class=\"vc_inner\"><img loading=\"lazy\" decoding=\"async\" class=\"\" src=\"https:\/\/www.agriturismocapasquin.it\/wp-content\/uploads\/2024\/11\/IMG_7832-scaled-400x400.jpeg\" width=\"400\" height=\"400\" alt=\"IMG_7832\" title=\"IMG_7832\" \/><\/div><\/div><div class=\"vc_item\"><div class=\"vc_inner\"><img loading=\"lazy\" decoding=\"async\" class=\"\" src=\"https:\/\/www.agriturismocapasquin.it\/wp-content\/uploads\/2024\/11\/IMG_4172-scaled-400x400.jpeg\" width=\"400\" height=\"400\" alt=\"IMG_4172\" title=\"IMG_4172\" \/><\/div><\/div><div class=\"vc_item\"><div class=\"vc_inner\"><img loading=\"lazy\" decoding=\"async\" class=\"\" src=\"https:\/\/www.agriturismocapasquin.it\/wp-content\/uploads\/2023\/01\/A2631491-1202-46A3-818A-80CFCAB56D18-400x400.jpg\" width=\"400\" height=\"400\" alt=\"eten\" title=\"Tartufo &amp; Pasta\" \/><\/div><\/div><div class=\"vc_item\"><div class=\"vc_inner\"><img loading=\"lazy\" decoding=\"async\" class=\"\" src=\"https:\/\/www.agriturismocapasquin.it\/wp-content\/uploads\/2023\/01\/F5E51058-D818-48C7-9D62-EBDA500C7D49-400x400.jpg\" width=\"400\" height=\"400\" alt=\"eten\" title=\"Cottura a fuoco vivo\" \/><\/div><\/div><\/div><\/div><\/div><a class=\"vc_left vc_carousel-control\" href=\"#vc_images-carousel-1-1777829305\" data-slide=\"prev\"><span class=\"icon-prev\"><\/span><\/a><a class=\"vc_right vc_carousel-control\" href=\"#vc_images-carousel-1-1777829305\" data-slide=\"next\"><span class=\"icon-next\"><\/span><\/a><\/div><\/div><\/div><\/div><\/div><\/div><div class=\"wpb_column vc_column_container vc_col-sm-4\"><div class=\"vc_column-inner\"><div class=\"wpb_wrapper\"><h2 style=\"text-align: left\" class=\"vc_custom_heading\" >Un allestimento culinario all'Agriturismo Ca' Pasquin<\/h2>\n\t<div class=\"wpb_text_column wpb_content_element\" >\n\t\t<div class=\"wpb_wrapper\">\n\t\t\t<div class=\"flex-shrink-0 flex flex-col relative items-end\">\n<div>\n<div class=\"pt-0\">\n<div class=\"gizmo-bot-avatar flex h-8 w-8 items-center justify-center overflow-hidden rounded-full\">\n<div class=\"relative p-1 rounded-sm flex items-center justify-center bg-token-main-surface-primary text-token-text-primary h-8 w-8\">All' <strong>Agriturismo Ca&#8217; Pasquin<\/strong> \u00e8 tutta una questione di gusto, esperienza e divertimento. Il nostro autentico agriturismo, situato nel cuore del Piemonte, offre un'opportunit\u00e0 unica per rilassarsi godendo del meglio che la regione ha da offrire. Immergiti in un'esperienza culinaria che stimoler\u00e0 i tuoi sensi e ti avviciner\u00e0 alla cultura locale.<\/div>\n<\/div>\n<\/div>\n<\/div>\n<\/div>\n<div class=\"group\/conversation-turn relative flex w-full min-w-0 flex-col agent-turn\">\n<div class=\"flex-col gap-1 md:gap-3\">\n<div class=\"flex max-w-full flex-col flex-grow\">\n<div class=\"min-h-8 text-message flex w-full flex-col items-end gap-2 whitespace-normal break-words &#091;.text-message+&amp;&#093;:mt-5\" dir=\"auto\" data-message-author-role=\"assistant\" data-message-id=\"bf7650d9-ae69-497d-ba1d-a42b8193ba83\" data-message-model-slug=\"gpt-4o\">\n<div class=\"flex w-full flex-col gap-1 empty:hidden first:pt-&#091;3px&#093;\">\n<div class=\"markdown prose w-full break-words dark:prose-invert dark\">\n<p><strong>Su misura per te<\/strong><br \/>\nLa nostra offerta culinaria pu\u00f2 essere adattata completamente ai vostri desideri. Che stiate pianificando una fuga romantica per due o vogliate viverla con gli amici o la famiglia, vi assicureremo un'esperienza indimenticabile. Il pacchetto \u00e8 prenotabile a partire da 2 persone e con un soggiorno minimo di 2 notti.<\/p>\n<p><strong>Sapori freschi dal nostro giardino<\/strong><br \/>\nI nostri piatti sono preparati con ingredienti provenienti dal nostro orto o da piccoli produttori locali. Ogni piatto rispecchia le stagioni e la ricca tradizione culinaria del Piemonte. Assaporate l'amore e la cura con cui vengono preparati i nostri piatti, dalla pasta fatta in casa ai raffinati antipasti e ai gustosi dessert.<\/p>\n<p><strong>Cosa puoi aspettarti?<\/strong><\/p>\n<ul>\n<li><strong>Colazione giornaliera<\/strong> con prodotti freschi.<\/li>\n<li><strong>Cene culinarie<\/strong>, composto da specialit\u00e0 locali.<\/li>\n<li><strong>Degustazioni di vini<\/strong> e <strong>visita<\/strong> ai vigneti vicini.<\/li>\n<li><strong>Caccia al tartufo bianco o nero<\/strong> pu\u00f2 essere organizzato con un tartufaio locale.<\/li>\n<li><strong>Laboratori di cucina<\/strong> e scopri di pi\u00f9 sulla cucina piemontese.<\/li>\n<\/ul>\n<p><strong>Un soggiorno indimenticabile<\/strong><br \/>\nSoggiornerete in una delle nostre sistemazioni suggestive, circondati dalla tranquillit\u00e0 della natura. Iniziate la giornata ammirando la vista sulle dolci colline e concludetela con un bicchiere di vino locale al tramonto.<\/p>\n<p><strong>Disposizione culinaria<\/strong><br \/>\nVuoi saperne di pi\u00f9 o avere un pacchetto personalizzato? Vi preghiamo di contattarci tramite il modulo di contatto o di inviarci un'e-mail a <strong><a rel=\"noopener\">info@agriturismocapasquin.it<\/a><\/strong>.<\/p>\n<p>Godetevi i sapori del Piemonte, il calore della nostra ospitalit\u00e0 e la bellezza dei dintorni. <strong>Agriturismo Ca&#8217; Pasquin<\/strong> vi d\u00e0 un caloroso benvenuto!<\/p>\n<\/div>\n<\/div>\n<\/div>\n<\/div>\n<\/div>\n<\/div>\n\n\t\t<\/div>\n\t<\/div>\n<\/div><\/div><\/div><div class=\"wpb_column vc_column_container vc_col-sm-4\"><div class=\"vc_column-inner\"><div class=\"wpb_wrapper\"><h2 style=\"text-align: left\" class=\"vc_custom_heading\" >Modulo di contatto<\/h2>\n\t<div class=\"wpb_text_column wpb_content_element\" >\n\t\t<div class=\"wpb_wrapper\">\n\t\t\t\n<div class=\"wpcf7 no-js\" id=\"wpcf7-f9483-o1\" lang=\"en-US\" dir=\"ltr\" data-wpcf7-id=\"9483\">\n<div class=\"screen-reader-response\"><p role=\"status\" aria-live=\"polite\" aria-atomic=\"true\"><\/p> <ul><\/ul><\/div>\n<form action=\"\/it\/wp-json\/wp\/v2\/pages\/9475#wpcf7-f9483-o1\" method=\"post\" class=\"wpcf7-form init\" aria-label=\"Contact form\" novalidate=\"novalidate\" data-status=\"init\" data-trp-original-action=\"\/it\/wp-json\/wp\/v2\/pages\/9475#wpcf7-f9483-o1\">\n<fieldset class=\"hidden-fields-container\"><input type=\"hidden\" name=\"_wpcf7\" value=\"9483\" \/><input type=\"hidden\" name=\"_wpcf7_version\" value=\"6.1.5\" \/><input type=\"hidden\" name=\"_wpcf7_locale\" value=\"en_US\" \/><input type=\"hidden\" name=\"_wpcf7_unit_tag\" value=\"wpcf7-f9483-o1\" \/><input type=\"hidden\" name=\"_wpcf7_container_post\" value=\"0\" \/><input type=\"hidden\" name=\"_wpcf7_posted_data_hash\" value=\"\" \/><input type=\"hidden\" name=\"_wpcf7_recaptcha_response\" value=\"\" \/>\n<\/fieldset>\n<p><label> Nome<br \/>\n<span class=\"wpcf7-form-control-wrap\" data-name=\"your-name\"><input size=\"40\" maxlength=\"400\" class=\"wpcf7-form-control wpcf7-text wpcf7-validates-as-required\" aria-required=\"true\" aria-invalid=\"false\" value=\"\" type=\"text\" name=\"your-name\" \/><\/span> <\/label>\n<\/p>\n<p><label> Email<br \/>\n<span class=\"wpcf7-form-control-wrap\" data-name=\"your-email\"><input size=\"40\" maxlength=\"400\" class=\"wpcf7-form-control wpcf7-email wpcf7-validates-as-required wpcf7-text wpcf7-validates-as-email\" aria-required=\"true\" aria-invalid=\"false\" value=\"\" type=\"email\" name=\"your-email\" \/><\/span> <\/label>\n<\/p>\n<p><label> Argomento<br \/>\n<span class=\"wpcf7-form-control-wrap\" data-name=\"your-subject\"><input size=\"40\" maxlength=\"400\" class=\"wpcf7-form-control wpcf7-text wpcf7-validates-as-required\" aria-required=\"true\" aria-invalid=\"false\" value=\"\" type=\"text\" name=\"your-subject\" \/><\/span> <\/label>\n<\/p>\n<p><label> Messaggio<br \/>\n<span class=\"wpcf7-form-control-wrap\" data-name=\"your-message\"><textarea cols=\"40\" rows=\"10\" maxlength=\"2000\" class=\"wpcf7-form-control wpcf7-textarea\" aria-invalid=\"false\" name=\"your-message\"><\/textarea><\/span> <\/label>\n<\/p>\n<p><input class=\"wpcf7-form-control wpcf7-submit has-spinner\" type=\"submit\" value=\"Spedire\" \/>\n<\/p><p style=\"display: none !important;\" class=\"akismet-fields-container\" data-prefix=\"_wpcf7_ak_\"><label>&#916;<textarea name=\"_wpcf7_ak_hp_textarea\" cols=\"45\" rows=\"8\" maxlength=\"100\"><\/textarea><\/label><input type=\"hidden\" id=\"ak_js_1\" name=\"_wpcf7_ak_js\" value=\"115\"\/><script>document.getElementById( \"ak_js_1\" ).setAttribute( \"value\", ( new Date() ).getTime() );<\/script><\/p><div class=\"wpcf7-response-output\" aria-hidden=\"true\"><\/div>\n<input type=\"hidden\" name=\"trp-form-language\" value=\"it\"\/><\/form>\n<\/div>\n\n\n\t\t<\/div>\n\t<\/div>\n<div class=\"vc_empty_space\"   style=\"height: 20px\"><span class=\"vc_empty_space_inner\"><\/span><\/div><h4 style=\"color: #ffffff;text-align: left\" class=\"vc_custom_heading\" >truffel zoeken<\/h4><h4 style=\"color: #ffffff;text-align: left\" class=\"vc_custom_heading\" >kookworkshop<\/h4><h4 style=\"color: #ffffff;text-align: left\" class=\"vc_custom_heading\" >wijnproeverij<\/h4><h4 style=\"color: #ffffff;text-align: left\" class=\"vc_custom_heading\" >Culinair diner<\/h4><\/div><\/div><\/div><\/div>","protected":false},"excerpt":{"rendered":"Een culinair arrangement bij Agriturismo Ca' Pasquin Bij Agriturismo Ca' Pasquin draait alles om smaak, beleving en genieten. Onze authentieke agriturismo, gelegen in het hart &hellip;","protected":false},"author":2,"featured_media":9497,"parent":0,"menu_order":0,"comment_status":"closed","ping_status":"closed","template":"","meta":{"_monsterinsights_skip_tracking":false,"_monsterinsights_sitenote_active":false,"_monsterinsights_sitenote_note":"","_monsterinsights_sitenote_category":0,"_uf_show_specific_survey":0,"_uf_disable_surveys":false,"footnotes":""},"class_list":["post-9475","page","type-page","status-publish","has-post-thumbnail","hentry"],"aioseo_notices":[],"_links":{"self":[{"href":"https:\/\/www.agriturismocapasquin.it\/it\/wp-json\/wp\/v2\/pages\/9475","targetHints":{"allow":["GET"]}}],"collection":[{"href":"https:\/\/www.agriturismocapasquin.it\/it\/wp-json\/wp\/v2\/pages"}],"about":[{"href":"https:\/\/www.agriturismocapasquin.it\/it\/wp-json\/wp\/v2\/types\/page"}],"author":[{"embeddable":true,"href":"https:\/\/www.agriturismocapasquin.it\/it\/wp-json\/wp\/v2\/users\/2"}],"replies":[{"embeddable":true,"href":"https:\/\/www.agriturismocapasquin.it\/it\/wp-json\/wp\/v2\/comments?post=9475"}],"version-history":[{"count":11,"href":"https:\/\/www.agriturismocapasquin.it\/it\/wp-json\/wp\/v2\/pages\/9475\/revisions"}],"predecessor-version":[{"id":9477,"href":"https:\/\/www.agriturismocapasquin.it\/it\/wp-json\/wp\/v2\/pages\/9475\/revisions\/9477"}],"wp:featuredmedia":[{"embeddable":true,"href":"https:\/\/www.agriturismocapasquin.it\/it\/wp-json\/wp\/v2\/media\/9497"}],"wp:attachment":[{"href":"https:\/\/www.agriturismocapasquin.it\/it\/wp-json\/wp\/v2\/media?parent=9475"}],"curies":[{"name":"wp","href":"https:\/\/api.w.org\/{rel}","templated":true}]}}