{"id":2737,"date":"2023-01-15T16:42:06","date_gmt":"2023-01-15T16:42:06","guid":{"rendered":"https:\/\/agriturismocapasquin.it\/?page_id=2737"},"modified":"2026-04-13T08:54:51","modified_gmt":"2026-04-13T08:54:51","slug":"capasquin","status":"publish","type":"page","link":"https:\/\/www.agriturismocapasquin.it\/it\/capasquin\/","title":{"rendered":"Ca&#8217; Pasquin"},"content":{"rendered":"<div class=\"vc_row wpb_row vc_row-fluid vc_custom_1672485653579 vc_row-has-fill\"><div class=\"wpb_column vc_column_container vc_col-sm-12\"><div class=\"vc_column-inner\"><div class=\"wpb_wrapper\"><div class=\"vc_empty_space\"   style=\"height: 50px\"><span class=\"vc_empty_space_inner\"><\/span><\/div><\/div><\/div><\/div><\/div><div class=\"vc_row wpb_row vc_row-fluid vc_custom_1675699381227 vc_row-has-fill vc_row-o-equal-height vc_row-flex\"><div class=\"wpb_column vc_column_container vc_col-sm-8\"><div class=\"vc_column-inner vc_custom_1675699336017\"><div class=\"wpb_wrapper\"><h2 style=\"text-align: left\" class=\"vc_custom_heading\" >Agriturismo Ca\u2019 Pasquin<\/h2><div class=\"vc_empty_space\"   style=\"height: 20px\"><span class=\"vc_empty_space_inner\"><\/span><\/div>\n\t<div class=\"wpb_text_column wpb_content_element  vc_custom_1737484359647\" >\n\t\t<div class=\"wpb_wrapper\">\n\t\t\t<p>Bart e Femke sono gli orgogliosi proprietari dell'Agriturismo Ca' Pasquin. Nel 2022 hanno deciso di lasciare la loro vita nei Paesi Bassi per iniziare una nuova avventura tra le splendide colline del Piemonte, in Italia, insieme ai loro due figli, Luca e Nero. Desideravano che Luca e Nero potessero trascorrere pi\u00f9 tempo all'aria aperta, pi\u00f9 vicini alla natura, e anche loro desideravano una vita in cui poter trascorrere pi\u00f9 tempo all'aria aperta.<br \/>\n<a href=\"https:\/\/www.agriturismocapasquin.it\/it\/over-ons-2\/\">Per saperne di pi\u00f9<\/a><\/p>\n\n\t\t<\/div>\n\t<\/div>\n<div class=\"vc_empty_space\"   style=\"height: 20px\"><span class=\"vc_empty_space_inner\"><\/span><\/div><\/div><\/div><\/div><div class=\"wpb_column vc_column_container vc_col-sm-4\"><div class=\"vc_column-inner\"><div class=\"wpb_wrapper\"><div class=\"vc_empty_space\"   style=\"height: 30px\"><span class=\"vc_empty_space_inner\"><\/span><\/div>\n\t<div  class=\"wpb_single_image wpb_content_element vc_align_center\">\n\t\t\n\t\t<figure class=\"wpb_wrapper vc_figure\">\n\t\t\t<div class=\"vc_single_image-wrapper   vc_box_border_grey\"><img loading=\"lazy\" decoding=\"async\" width=\"300\" height=\"224\" src=\"https:\/\/www.agriturismocapasquin.it\/wp-content\/uploads\/2024\/05\/PHOTO-2023-05-07-21-13-40-300x224.jpg\" class=\"vc_single_image-img attachment-medium\" alt=\"\" title=\"PHOTO-2023-05-07-21-13-40\" srcset=\"https:\/\/www.agriturismocapasquin.it\/wp-content\/uploads\/2024\/05\/PHOTO-2023-05-07-21-13-40-300x224.jpg 300w, https:\/\/www.agriturismocapasquin.it\/wp-content\/uploads\/2024\/05\/PHOTO-2023-05-07-21-13-40-768x574.jpg 768w, https:\/\/www.agriturismocapasquin.it\/wp-content\/uploads\/2024\/05\/PHOTO-2023-05-07-21-13-40-1536x1147.jpg 1536w, https:\/\/www.agriturismocapasquin.it\/wp-content\/uploads\/2024\/05\/PHOTO-2023-05-07-21-13-40-16x12.jpg 16w, https:\/\/www.agriturismocapasquin.it\/wp-content\/uploads\/2024\/05\/PHOTO-2023-05-07-21-13-40-402x300.jpg 402w, https:\/\/www.agriturismocapasquin.it\/wp-content\/uploads\/2024\/05\/PHOTO-2023-05-07-21-13-40.jpg 1600w\" sizes=\"auto, (max-width: 300px) 100vw, 300px\" \/><\/div>\n\t\t<\/figure>\n\t<\/div>\n<div class=\"vc_empty_space\"   style=\"height: 30px\"><span class=\"vc_empty_space_inner\"><\/span><\/div><\/div><\/div><\/div><\/div><div class=\"vc_row wpb_row vc_row-fluid\"><div class=\"wpb_column vc_column_container vc_col-sm-12\"><div class=\"vc_column-inner\"><div class=\"wpb_wrapper\"><div class=\"vc_btn3-container vc_btn3-center\" ><a onmouseleave=\"this.style.borderColor='#737f78'; this.style.backgroundColor='transparent'; this.style.color='#737f78'\" onmouseenter=\"this.style.borderColor='#e6ede1'; this.style.backgroundColor='#e6ede1'; this.style.color='#ffffff';\" style=\"border-color:#737f78; color:#737f78;\" class=\"vc_general vc_btn3 vc_btn3-size-lg vc_btn3-shape-rounded vc_btn3-style-outline-custom vc_btn3-block vc_btn3-icon-left\" href=\"https:\/\/www.agriturismocapasquin.it\/it\/apartments\/\" title=\"Booking\"><i class=\"vc_btn3-icon fas fa-bed\"><\/i> prenota ora<\/a><\/div><div class=\"vc_empty_space\"   style=\"height: 20px\"><span class=\"vc_empty_space_inner\"><\/span><\/div><\/div><\/div><\/div><\/div><div class=\"vc_row wpb_row vc_row-fluid vc_custom_1672485726603 vc_row-has-fill\"><div class=\"wpb_column vc_column_container vc_col-sm-4\"><div class=\"vc_column-inner\"><div class=\"wpb_wrapper\"><div class=\"vc_icon_element vc_icon_element-outer vc_icon_element-align-left\"><div class=\"vc_icon_element-inner vc_icon_element-color-custom vc_icon_element-size-md vc_icon_element-style- vc_icon_element-background-color-grey\" ><span class=\"vc_icon_element-icon fas fa-mountain\" style=\"color: !important\"><\/span><\/div><\/div>\n\t<div class=\"wpb_text_column wpb_content_element\" >\n\t\t<div class=\"wpb_wrapper\">\n\t\t\t<p><strong>Vijftien hectare van Agriturismo Ca&#8217; Pasquin<\/strong><\/p>\n<p>Op Ca\u2019 Pasquin verbouwen wij met veel zorg en aandacht verschillende soorten groenten, fruit en kruiden. Ook lopen er meerdere poezen rond, drie grote maar lieve honden van het ras Maremmano Abruzzese, en een aantal kippen.<\/p>\n<p>La tenuta \u00e8 disseminata di alberi da frutto e piante perenni che abbiamo piantato, oltre ai ciliegi, ai sambuchi, ai meli e ai susini gi\u00e0 presenti da anni. Utilizzando vecchie fotografie e storie locali, stiamo facendo del nostro meglio per riportare il terreno al suo antico splendore. Prestiamo particolare attenzione agli storici noccioli, castagni e noci, affinch\u00e9 abbiano lo spazio necessario per rifiorire.<br \/>\n<a href=\"https:\/\/www.agriturismocapasquin.it\/it\/orto\/\">Per saperne di pi\u00f9\u00a0<\/a><\/p>\n\n\t\t<\/div>\n\t<\/div>\n<\/div><\/div><\/div><div class=\"wpb_column vc_column_container vc_col-sm-4\"><div class=\"vc_column-inner\"><div class=\"wpb_wrapper\"><div class=\"vc_icon_element vc_icon_element-outer vc_icon_element-align-left\"><div class=\"vc_icon_element-inner vc_icon_element-color-custom vc_icon_element-size-md vc_icon_element-style- vc_icon_element-background-color-grey\" ><span class=\"vc_icon_element-icon fas fa-home\" style=\"color: !important\"><\/span><\/div><\/div>\n\t<div class=\"wpb_text_column wpb_content_element\" >\n\t\t<div class=\"wpb_wrapper\">\n\t\t\t<p><strong>Edifici dell'Agriturismo Ca' Pasquin<\/strong><\/p>\n<p>L'Agriturismo Ca' Pasquin \u00e8 sempre stata un'azienda agricola, con una ricca tradizione di allevamento di capre, mucche e persino bachi da seta. Dopo due anni di intensi lavori di ristrutturazione, svolti il \u200b\u200bpi\u00f9 possibile in autonomia, abbiamo aperto i battenti all'inizio del 2024.<\/p>\n<p>Ca&#8217; Pasquin biedt nu drie sfeervolle appartementen, een gezellig vakantiehuisje en een knus tiny house. Elk verblijf is zorgvuldig gerenoveerd met aandacht voor authenticiteit en comfort, zodat onze gasten kunnen genieten van de rust en charme van het platteland. Ook bieden we een kampeerplek aan, voor zowel een kamper (maximaal 7 meter) of een tent.<\/p>\n<p>Ora e in futuro, continueremo a lavorare al restauro degli edifici rimanenti della propriet\u00e0. Il nostro obiettivo \u00e8 preservare l'aspetto storico della fattoria, creando al contempo nuove opportunit\u00e0 per i nostri ospiti di rilassarsi e godere di tutto ci\u00f2 che Ca' Pasquin ha da offrire.<\/p>\n\n\t\t<\/div>\n\t<\/div>\n<\/div><\/div><\/div><div class=\"wpb_column vc_column_container vc_col-sm-4\"><div class=\"vc_column-inner\"><div class=\"wpb_wrapper\"><div class=\"vc_icon_element vc_icon_element-outer vc_icon_element-align-left\"><div class=\"vc_icon_element-inner vc_icon_element-color-custom vc_icon_element-size-md vc_icon_element-style- vc_icon_element-background-color-grey\" ><span class=\"vc_icon_element-icon fab fa-pagelines\" style=\"color: !important\"><\/span><\/div><\/div>\n\t<div class=\"wpb_text_column wpb_content_element\" >\n\t\t<div class=\"wpb_wrapper\">\n\t\t\t<p><strong>La natura che circonda l\u2019Agriturismo Ca\u2019 Pasquin<\/strong><\/p>\n<p>All'Agriturismo Ca' Pasquin sarete circondati da vasti boschi dove potrete passeggiare e scoprire. I campi aperti offrono panorami mozzafiato, dove potrete immergervi completamente nella tranquillit\u00e0 della zona. Ci impegniamo attivamente per aumentare la biodiversit\u00e0 e lasciare che la natura faccia il suo corso il pi\u00f9 possibile.<\/p>\n<p>Nel nostro sito e nelle zone circostanti \u00e8 possibile avvistare regolarmente cervi e cinghiali. Con un po' di fortuna e una buona ricerca, potrete anche trovare residenti speciali come la salamandra pezzata, l'orbettino e la mantide religiosa. In primavera il paesaggio si arricchisce di orchidee selvatiche protette e di una grande variet\u00e0 di altri fiori selvatici. Le popolazioni di api e farfalle sono in costante crescita grazie ai nostri sforzi per promuovere un ecosistema sano.<\/p>\n<p>La bellezza naturale \u00e8 coronata ogni giorno da un tramonto mozzafiato. E nelle notti limpide si pu\u00f2 ammirare un magnifico cielo stellato, dove \u00e8 visibile persino la Via Lattea. Un'esperienza indimenticabile per ogni amante della natura.<\/p>\n\n\t\t<\/div>\n\t<\/div>\n<\/div><\/div><\/div><\/div><div class=\"vc_row wpb_row vc_row-fluid vc_row-o-equal-height vc_row-flex\"><div class=\"wpb_column vc_column_container vc_col-sm-12\"><div class=\"vc_column-inner\"><div class=\"wpb_wrapper\"><h2 style=\"text-align: left\" class=\"vc_custom_heading\" >Locatie<\/h2><div class=\"wpb_gmaps_widget wpb_content_element\"><div class=\"wpb_wrapper\"><div class=\"wpb_map_wraper\"><iframe src=\"https:\/\/www.google.com\/maps\/embed?pb=!1m14!1m12!1m3!1d779.7748312695758!2d8.29769202966008!3d44.60786866832135!2m3!1f0!2f0!3f0!3m2!1i1024!2i768!4f13.1!5e0!3m2!1snl!2sit!4v1673799864631!5m2!1snl!2sit\" width=\"600\" height=\"300\" style=\"border:0;\" allowfullscreen=\"\" loading=\"lazy\" referrerpolicy=\"no-referrer-when-downgrade\"><\/iframe><\/div><\/div><\/div><\/div><\/div><\/div><\/div>","protected":false},"excerpt":{"rendered":"Agriturismo Ca\u2019 Pasquin Bart en Femke zijn de trotse eigenaren van Agriturismo Ca\u2019 Pasquin. In 2022 besloten ze hun leven in Nederland achter zich te &hellip;","protected":false},"author":2,"featured_media":0,"parent":0,"menu_order":0,"comment_status":"closed","ping_status":"closed","template":"","meta":{"_monsterinsights_skip_tracking":false,"_monsterinsights_sitenote_active":false,"_monsterinsights_sitenote_note":"","_monsterinsights_sitenote_category":0,"_uf_show_specific_survey":0,"_uf_disable_surveys":false,"footnotes":""},"class_list":["post-2737","page","type-page","status-publish","hentry"],"aioseo_notices":[],"_links":{"self":[{"href":"https:\/\/www.agriturismocapasquin.it\/it\/wp-json\/wp\/v2\/pages\/2737","targetHints":{"allow":["GET"]}}],"collection":[{"href":"https:\/\/www.agriturismocapasquin.it\/it\/wp-json\/wp\/v2\/pages"}],"about":[{"href":"https:\/\/www.agriturismocapasquin.it\/it\/wp-json\/wp\/v2\/types\/page"}],"author":[{"embeddable":true,"href":"https:\/\/www.agriturismocapasquin.it\/it\/wp-json\/wp\/v2\/users\/2"}],"replies":[{"embeddable":true,"href":"https:\/\/www.agriturismocapasquin.it\/it\/wp-json\/wp\/v2\/comments?post=2737"}],"version-history":[{"count":36,"href":"https:\/\/www.agriturismocapasquin.it\/it\/wp-json\/wp\/v2\/pages\/2737\/revisions"}],"predecessor-version":[{"id":10658,"href":"https:\/\/www.agriturismocapasquin.it\/it\/wp-json\/wp\/v2\/pages\/2737\/revisions\/10658"}],"wp:attachment":[{"href":"https:\/\/www.agriturismocapasquin.it\/it\/wp-json\/wp\/v2\/media?parent=2737"}],"curies":[{"name":"wp","href":"https:\/\/api.w.org\/{rel}","templated":true}]}}