{"id":2511,"date":"2022-12-31T11:37:00","date_gmt":"2022-12-31T11:37:00","guid":{"rendered":"https:\/\/agriturismocapasquin.it\/?page_id=2511"},"modified":"2025-12-09T19:37:36","modified_gmt":"2025-12-09T19:37:36","slug":"omgeving","status":"publish","type":"page","link":"https:\/\/www.agriturismocapasquin.it\/it\/omgeving\/","title":{"rendered":"I dintorni"},"content":{"rendered":"<div data-vc-full-width=\"true\" data-vc-full-width-init=\"false\" data-vc-stretch-content=\"true\" class=\"vc_row wpb_row vc_row-fluid vc_custom_1672488490718 vc_row-has-fill vc_row-no-padding vc_row-o-content-top vc_row-flex\"><div class=\"wpb_column vc_column_container vc_col-sm-12 vc_col-has-fill\"><div class=\"vc_column-inner vc_custom_1672488525724\"><div class=\"wpb_wrapper\">\n<div class=\"vc_grid-container-wrapper vc_clearfix vc_grid-animation-fadeIn\">\n\t<div class=\"vc_grid-container vc_clearfix wpb_content_element vc_media_grid\" data-initial-loading-animation=\"fadeIn\" data-vc-grid-settings=\"{&quot;page_id&quot;:2511,&quot;style&quot;:&quot;load-more&quot;,&quot;action&quot;:&quot;vc_get_vc_grid_data&quot;,&quot;shortcode_id&quot;:&quot;1765308984698-25d66d43-9edf-4&quot;,&quot;items_per_page&quot;:&quot;6&quot;,&quot;btn_data&quot;:{&quot;title&quot;:&quot;Load more&quot;,&quot;style&quot;:&quot;flat&quot;,&quot;gradient_color_1&quot;:&quot;&quot;,&quot;gradient_color_2&quot;:&quot;&quot;,&quot;gradient_custom_color_1&quot;:&quot;&quot;,&quot;gradient_custom_color_2&quot;:&quot;&quot;,&quot;gradient_text_color&quot;:&quot;&quot;,&quot;custom_background&quot;:&quot;#ededed&quot;,&quot;custom_text&quot;:&quot;#666&quot;,&quot;outline_custom_color&quot;:&quot;#666&quot;,&quot;outline_custom_hover_background&quot;:&quot;#666&quot;,&quot;outline_custom_hover_text&quot;:&quot;#fff&quot;,&quot;shape&quot;:&quot;rounded&quot;,&quot;color&quot;:&quot;blue&quot;,&quot;size&quot;:&quot;md&quot;,&quot;align&quot;:&quot;inline&quot;,&quot;button_block&quot;:&quot;&quot;,&quot;add_icon&quot;:&quot;&quot;,&quot;i_align&quot;:&quot;left&quot;,&quot;i_type&quot;:&quot;fontawesome&quot;,&quot;i_icon_fontawesome&quot;:&quot;fas fa-adjust&quot;,&quot;i_icon_openiconic&quot;:&quot;vc-oi vc-oi-dial&quot;,&quot;i_icon_typicons&quot;:&quot;typcn typcn-adjust-brightness&quot;,&quot;i_icon_entypo&quot;:&quot;entypo-icon entypo-icon-note&quot;,&quot;i_icon_linecons&quot;:&quot;vc_li vc_li-heart&quot;,&quot;i_icon_monosocial&quot;:&quot;&quot;,&quot;i_icon_material&quot;:&quot;&quot;,&quot;i_icon_pixelicons&quot;:&quot;vc_pixel_icon vc_pixel_icon-alert&quot;,&quot;el_id&quot;:&quot;&quot;,&quot;custom_onclick&quot;:&quot;&quot;,&quot;custom_onclick_code&quot;:&quot;&quot;},&quot;tag&quot;:&quot;vc_media_grid&quot;}\" data-vc-request=\"https:\/\/www.agriturismocapasquin.it\/wp-admin\/admin-ajax.php\" data-vc-post-id=\"2511\" data-vc-public-nonce=\"ebb496e537\">\n\t\t\n\t<\/div>\n<\/div><\/div><\/div><\/div><\/div><div class=\"vc_row-full-width vc_clearfix\"><\/div><div class=\"vc_row wpb_row vc_row-fluid vc_custom_1672485653579 vc_row-has-fill\"><div class=\"wpb_column vc_column_container vc_col-sm-4\"><div class=\"vc_column-inner\"><div class=\"wpb_wrapper\"><\/div><\/div><\/div><div class=\"wpb_column vc_column_container vc_col-sm-4\"><div class=\"vc_column-inner\"><div class=\"wpb_wrapper\"><div class=\"vc_btn3-container vc_btn3-center\" ><a onmouseleave=\"this.style.borderColor='#737f78'; this.style.backgroundColor='transparent'; this.style.color='#737f78'\" onmouseenter=\"this.style.borderColor='#e6ede1'; this.style.backgroundColor='#e6ede1'; this.style.color='#ffffff';\" style=\"border-color:#737f78; color:#737f78;\" class=\"vc_general vc_btn3 vc_btn3-size-lg vc_btn3-shape-rounded vc_btn3-style-outline-custom vc_btn3-icon-left\" href=\"https:\/\/www.agriturismocapasquin.it\/it\/apartments\/\" title=\"Booking\"><i class=\"vc_btn3-icon fas fa-bed\"><\/i> prenota ora<\/a><\/div><div class=\"vc_empty_space\"   style=\"height: 50px\"><span class=\"vc_empty_space_inner\"><\/span><\/div><\/div><\/div><\/div><div class=\"wpb_column vc_column_container vc_col-sm-4\"><div class=\"vc_column-inner\"><div class=\"wpb_wrapper\"><\/div><\/div><\/div><\/div><div class=\"vc_row wpb_row vc_row-fluid vc_custom_1667555033213 vc_row-has-fill\"><div class=\"wpb_column vc_column_container vc_col-sm-2\"><div class=\"vc_column-inner\"><div class=\"wpb_wrapper\"><\/div><\/div><\/div><div class=\"wpb_column vc_column_container vc_col-sm-8\"><div class=\"vc_column-inner\"><div class=\"wpb_wrapper\"><h2 style=\"text-align: left\" class=\"vc_custom_heading\" >Italie - Piemonte - Langa Astigiana - Roccaverano - Ca\u2019 Pasquin..<\/h2><div class=\"vc_empty_space\"   style=\"height: 30px\"><span class=\"vc_empty_space_inner\"><\/span><\/div>\n\t<div class=\"wpb_text_column wpb_content_element  vc_custom_1672484720144\" >\n\t\t<div class=\"wpb_wrapper\">\n\t\t\t<p>Ca' Pasquin si trova nella regione Piemontese nell'Italia settentrionale e quest'area in particolare \u00e8 nota per la produzione del formaggio Robbiola ma anche per innumerevoli escursioni e piste ciclabili, punto di partenza l'Osteria del Bramante a Roccaverano. Ca' Pasquin \u00e8 ad appena 45 minuti a piedi o 10 minuti in macchina dallo storico borgo.<\/p>\n\n\t\t<\/div>\n\t<\/div>\n<div class=\"vc_empty_space\"   style=\"height: 50px\"><span class=\"vc_empty_space_inner\"><\/span><\/div><\/div><\/div><\/div><div class=\"wpb_column vc_column_container vc_col-sm-2\"><div class=\"vc_column-inner\"><div class=\"wpb_wrapper\"><\/div><\/div><\/div><\/div><div class=\"vc_row wpb_row vc_row-fluid vc_custom_1672485726603 vc_row-has-fill\"><div class=\"wpb_column vc_column_container vc_col-sm-4\"><div class=\"vc_column-inner\"><div class=\"wpb_wrapper\"><div class=\"vc_icon_element vc_icon_element-outer vc_icon_element-align-left\"><div class=\"vc_icon_element-inner vc_icon_element-color-custom vc_icon_element-size-md vc_icon_element-style- vc_icon_element-background-color-grey\" ><span class=\"vc_icon_element-icon fas fa-wine-bottle\" style=\"color: !important\"><\/span><\/div><\/div>\n\t<div class=\"wpb_text_column wpb_content_element\" >\n\t\t<div class=\"wpb_wrapper\">\n\t\t\t<p>A qualche km di distanza troviamo la regione del vino, patrimonio mondiale dell'Unesco. Si dice che gi\u00e0 all'epoca dei Romani si parlasse delle regioni Langhe-Roero e Monferrato come di fonti di vino buono. Ovunque l'occhio si posi si estendono colline e colline coperte da viti: non \u00e8 una sorpresa che il 70% delle aziende vinicole italiane si trovino qui e ogni anno producono il 30% del vino nazionale.\nBarolo, Barbaresco, Dolcetto, Barbera Nebbiolo, Freisa, Timorasso, il Moscato d'Asti meno noto all'estero ma altrettanto pregiato... Si potrebbero riempire pagine e pagine elencando i diversi tipi di vino che questa regione offre e siamo certamente disponibili ad organizzare per i nostri ospiti un tour presso un'azienda agricola locale.<\/p>\n\n\t\t<\/div>\n\t<\/div>\n<\/div><\/div><\/div><div class=\"wpb_column vc_column_container vc_col-sm-4\"><div class=\"vc_column-inner\"><div class=\"wpb_wrapper\"><div class=\"vc_icon_element vc_icon_element-outer vc_icon_element-align-left\"><div class=\"vc_icon_element-inner vc_icon_element-color-custom vc_icon_element-size-md vc_icon_element-style- vc_icon_element-background-color-grey\" ><span class=\"vc_icon_element-icon fas fa-utensils\" style=\"color: !important\"><\/span><\/div><\/div>\n\t<div class=\"wpb_text_column wpb_content_element\" >\n\t\t<div class=\"wpb_wrapper\">\n\t\t\t<p>Nell'ultimo tratto di strada prima di arrivare a Ca' Pasquin, si attraversano file e file di noccioli che sembrano assumere un aspetto differente ad ogni stagione. Il nocciolo Tonda Gentile delle Langhe, con il suo aroma eccezionale e la pellicola che si stacca facilmente in seguito alla tostatura, \u00e8 una delle variet\u00e0 in assoluto pi\u00f9 pregiate al mondo. Chi dice nocciolo dice tartufo e il Piemonte \u00e8 famoso anche per quest'ultimo, tant'\u00e8 che Alba viene chiamata la capitale del mondo del tartufo con un festival dedicato al tartufo ad ottobre e novembre di ogni anno.<\/p>\n<p>Il Piemonte \u00e8 altrettanto famoso per essere il cuore della cucina Italiana. Le ricette sono tramandate di generazione in generazione dalle nonne e preparate con prodotti locali di qualit\u00e0. Tra i tanti piatti tipici: il vitello tonnato; carne cruda alla Piemontese; Tajarin, tipica pasta fresca accompagnato con un rag\u00f9 ricco di sapori; Agnolotti del Plin conditi con burro e salvia; il Brasato, stufato di manzo locale arricchito con il Barolo; panna cotta cremosa; souffl\u00e9 fatto con la salsa di Robbiola... E questo non \u00e8 che un assaggio tra le tante specialit\u00e0 che questa regione ha da offrire. Non esitate a chiedere consigli gastronomici e saremo lieti di fare una prenotazione per voi, in particolare raccomandiamo i nostri vicini de La Radice o, qualche km pi\u00f9 in l\u00e0, a Mombaldone, Ca' Bianca non delude mai.<\/p>\n\n\t\t<\/div>\n\t<\/div>\n<\/div><\/div><\/div><div class=\"wpb_column vc_column_container vc_col-sm-4\"><div class=\"vc_column-inner\"><div class=\"wpb_wrapper\"><div class=\"vc_icon_element vc_icon_element-outer vc_icon_element-align-left\"><div class=\"vc_icon_element-inner vc_icon_element-color-custom vc_icon_element-size-md vc_icon_element-style- vc_icon_element-background-color-grey\" ><span class=\"vc_icon_element-icon fas fa-landmark\" style=\"color: !important\"><\/span><\/div><\/div>\n\t<div class=\"wpb_text_column wpb_content_element\" >\n\t\t<div class=\"wpb_wrapper\">\n\t\t\t<p>E una volta rifocillati, \u00e8 tempo di godersi l'aria fresca camminando, pedalando e esplorando i piccoli paesini locali tra cui Mombaldone e Olmo Gentile. Avendo pi\u00f9 tempo a disposizione, una gionanta o mezza giornata, si pu\u00f2 pensare anche a Nevi, Barolo, Alba e Serralunga d'Alba. A solo un'ora di distanza, ci si pu\u00f2 perfino tuffare nel Mar Ligure visitando Savona o il tipico borgo marinaro di Noli.<\/p>\n<p>Se invece ci\u00f2 che cercate \u00e8 un ambiente pi\u00f9 movimentato vi consigliamo le citt\u00e0 di Genova e Torino ricche di storia e arte.<\/p>\n<p>Ca' Pasquin ha qualcosa da offrire ad ogni stagione: la primavera con i suoi germogli e la rinascita della natura quando tutta torna verde; l'estate, giornate lunghe allietate da brezza e culminate da tramonti vermiglio; l'autunno con ancora il sapore d'estate e il suo foliage dai toni caldi. L'inverno con giornate fresche, il sole timido e non c'\u00e8 niente di meglio che accoccolarsi sul divano con un libro e un bicchiere di vino o grappa mentre la pioggerella batta sui vetri.<\/p>\n\n\t\t<\/div>\n\t<\/div>\n<\/div><\/div><\/div><\/div><div class=\"vc_row wpb_row vc_row-fluid vc_row-o-equal-height vc_row-flex\"><div class=\"wpb_column vc_column_container vc_col-sm-8\"><div class=\"vc_column-inner\"><div class=\"wpb_wrapper\"><h2 style=\"text-align: left\" class=\"vc_custom_heading\" >Google Maps<\/h2><div class=\"wpb_gmaps_widget wpb_content_element\"><div class=\"wpb_wrapper\"><div class=\"wpb_map_wraper\"><iframe src=\"https:\/\/www.google.com\/maps\/embed?pb=!1m14!1m12!1m3!1d779.7748312695758!2d8.29769202966008!3d44.60786866832135!2m3!1f0!2f0!3f0!3m2!1i1024!2i768!4f13.1!5e0!3m2!1snl!2sit!4v1673799864631!5m2!1snl!2sit\" width=\"600\" height=\"300\" style=\"border:0;\" allowfullscreen=\"\" loading=\"lazy\" referrerpolicy=\"no-referrer-when-downgrade\"><\/iframe><\/div><\/div><\/div><\/div><\/div><\/div><div class=\"wpb_column vc_column_container vc_col-sm-4\"><div class=\"vc_column-inner\"><div class=\"wpb_wrapper\"><h2 style=\"text-align: left\" class=\"vc_custom_heading\" >What3Words<\/h2>\n\t<div class=\"wpb_text_column wpb_content_element\" >\n\t\t<div class=\"wpb_wrapper\">\n\t\t\t<iframe loading=\"lazy\" width=\"450\" height=\"300\" src=\"https:\/\/w3w.co\/druivenpit.schenk.molecuul\"><\/iframe>\n\n\t\t<\/div>\n\t<\/div>\n<\/div><\/div><\/div><\/div>","protected":false},"excerpt":{"rendered":"Nu boekenItalie - Piemonte - Langa Astigiana - Roccaverano - Ca\u2019 Pasquin.. ..Zo zou je inzoomen naar Agriturismo Ca\u2019 Pasquin. Roccaverano is beroemt vanwege de &hellip;","protected":false},"author":1,"featured_media":0,"parent":0,"menu_order":0,"comment_status":"closed","ping_status":"closed","template":"","meta":{"_monsterinsights_skip_tracking":false,"_monsterinsights_sitenote_active":false,"_monsterinsights_sitenote_note":"","_monsterinsights_sitenote_category":0,"_uf_show_specific_survey":0,"_uf_disable_surveys":false,"footnotes":""},"class_list":["post-2511","page","type-page","status-publish","hentry"],"aioseo_notices":[],"_links":{"self":[{"href":"https:\/\/www.agriturismocapasquin.it\/it\/wp-json\/wp\/v2\/pages\/2511","targetHints":{"allow":["GET"]}}],"collection":[{"href":"https:\/\/www.agriturismocapasquin.it\/it\/wp-json\/wp\/v2\/pages"}],"about":[{"href":"https:\/\/www.agriturismocapasquin.it\/it\/wp-json\/wp\/v2\/types\/page"}],"author":[{"embeddable":true,"href":"https:\/\/www.agriturismocapasquin.it\/it\/wp-json\/wp\/v2\/users\/1"}],"replies":[{"embeddable":true,"href":"https:\/\/www.agriturismocapasquin.it\/it\/wp-json\/wp\/v2\/comments?post=2511"}],"version-history":[{"count":66,"href":"https:\/\/www.agriturismocapasquin.it\/it\/wp-json\/wp\/v2\/pages\/2511\/revisions"}],"predecessor-version":[{"id":10403,"href":"https:\/\/www.agriturismocapasquin.it\/it\/wp-json\/wp\/v2\/pages\/2511\/revisions\/10403"}],"wp:attachment":[{"href":"https:\/\/www.agriturismocapasquin.it\/it\/wp-json\/wp\/v2\/media?parent=2511"}],"curies":[{"name":"wp","href":"https:\/\/api.w.org\/{rel}","templated":true}]}}