{"id":10559,"date":"2026-01-07T10:10:24","date_gmt":"2026-01-07T10:10:24","guid":{"rendered":"https:\/\/www.agriturismocapasquin.it\/?page_id=10559"},"modified":"2026-01-07T10:21:00","modified_gmt":"2026-01-07T10:21:00","slug":"het-wijngaardlandschap-van-piemonte-is-unesco-werelderfgoed","status":"publish","type":"page","link":"https:\/\/www.agriturismocapasquin.it\/it\/het-wijngaardlandschap-van-piemonte-is-unesco-werelderfgoed\/","title":{"rendered":"Il paesaggio vitivinicolo piemontese \u00e8 patrimonio dell'umanit\u00e0 UNESCO"},"content":{"rendered":"<div class=\"vc_row wpb_row vc_row-fluid\"><div class=\"wpb_column vc_column_container vc_col-sm-12\"><div class=\"vc_column-inner\"><div class=\"wpb_wrapper\">\n<div class=\"vc_grid-container-wrapper vc_clearfix vc_grid-animation-fadeIn\">\n\t<div class=\"vc_grid-container vc_clearfix wpb_content_element vc_media_grid\" data-initial-loading-animation=\"fadeIn\" data-vc-grid-settings=\"{&quot;page_id&quot;:10559,&quot;style&quot;:&quot;all&quot;,&quot;action&quot;:&quot;vc_get_vc_grid_data&quot;,&quot;shortcode_id&quot;:&quot;1767780658804-5e7d4561-5076-9&quot;,&quot;tag&quot;:&quot;vc_media_grid&quot;}\" data-vc-request=\"https:\/\/www.agriturismocapasquin.it\/wp-admin\/admin-ajax.php\" data-vc-post-id=\"10559\" data-vc-public-nonce=\"9ff9f18bb6\">\n\t\t\n\t<\/div>\n<\/div><\/div><\/div><\/div><\/div><div class=\"vc_row wpb_row vc_row-fluid vc_row-o-full-height vc_row-o-columns-middle vc_row-flex\"><div class=\"wpb_column vc_column_container vc_col-sm-3\"><div class=\"vc_column-inner\"><div class=\"wpb_wrapper\"><h1 style=\"text-align: right\" class=\"vc_custom_heading\" >Il paesaggio vitivinicolo piemontese \u00e8 patrimonio dell'umanit\u00e0 UNESCO<\/h1><div class=\"vc_empty_space\"   style=\"height: 32px\"><span class=\"vc_empty_space_inner\"><\/span><\/div><div class=\"vc_btn3-container vc_btn3-center\" ><a class=\"vc_general vc_btn3 vc_btn3-size-lg vc_btn3-shape-rounded vc_btn3-style-modern vc_btn3-block vc_btn3-color-sky\" href=\"https:\/\/www.agriturismocapasquin.it\/it\/appartementen\/booking-all\/\" title=\"Booking All\">prenotare<\/a><\/div><\/div><\/div><\/div><div class=\"wpb_column vc_column_container vc_col-sm-9\"><div class=\"vc_column-inner\"><div class=\"wpb_wrapper\"><div class=\"vc_row wpb_row vc_inner vc_row-fluid vc_row-o-equal-height vc_row-flex\"><div class=\"wpb_column vc_column_container vc_col-sm-6\"><div class=\"vc_column-inner\"><div class=\"wpb_wrapper\">\n\t<div class=\"wpb_text_column wpb_content_element\" >\n\t\t<div class=\"wpb_wrapper\">\n\t\t\t<p data-start=\"474\" data-end=\"684\">Grandi novit\u00e0 dal mondo del patrimonio culturale: il <strong data-start=\"537\" data-end=\"600\">Wijngaardlandschap van Piemonte: Langhe-Roero en Monferrato<\/strong> \u00e8 stato ufficialmente riconosciuto come Patrimonio dell'Umanit\u00e0 dall'UNESCO!<\/p>\n<p data-start=\"686\" data-end=\"1064\">Queste splendide colline che si estendono tra il fiume Po e l'Appennino ligure non sono solo uno dei paesaggi iconici d'Italia, ma sono ora anche ufficialmente riconosciute come un monumento all'armonia tra <strong data-start=\"928\" data-end=\"946\">uomo e natura<\/strong>, un paesaggio costruito nel corso dei secoli da pratiche agricole secolari.<\/p>\n<p>&nbsp;<\/p>\n<p><strong data-start=\"1078\" data-end=\"1110\">Cosa significa questo riconoscimento?<\/strong><\/p>\n<p data-start=\"1112\" data-end=\"1188\">L'UNESCO considera il paesaggio vitivinicolo come un <strong data-start=\"1160\" data-end=\"1183\">paesaggio culturale<\/strong> che testimonia secoli di\u00a0<strong data-start=\"1215\" data-end=\"1277\">cultura vitivinicola, agronomia e gestione sostenibile del paesaggio.\u00a0<\/strong>Un'armoniosa combinazione di colline, villaggi, castelli, chiese, fattorie e sentieri di campagna d\u00e0 vita a una storia viva che mostra come l'uomo e la natura abbiano collaborato per creare qualcosa di speciale, autentico, prezioso e senza tempo.<\/p>\n<p data-start=\"1592\" data-end=\"1906\">La zona \u00e8 una <strong data-start=\"1610\" data-end=\"1726\">esempio di come la viticoltura, le tecniche agricole e le tradizioni locali siano state affinate nel corso delle generazioni<\/strong> \u2014 dall'epoca romana ai giorni nostri. Gi\u00e0 Plinio il Vecchio menzionava questa regione nell'antichit\u00e0 come zona ideale per la coltivazione della vite.\u2014<\/p>\n\n\t\t<\/div>\n\t<\/div>\n<\/div><\/div><\/div><div class=\"wpb_column vc_column_container vc_col-sm-6\"><div class=\"vc_column-inner\"><div class=\"wpb_wrapper\">\n\t<div class=\"wpb_text_column wpb_content_element\" >\n\t\t<div class=\"wpb_wrapper\">\n\t\t\t<h3 data-start=\"1913\" data-end=\"1967\"><strong data-start=\"1920\" data-end=\"1967\">Perch\u00e9 questo \u00e8 cos\u00ec speciale per Ca' Pasquin<\/strong><\/h3>\n<p data-start=\"1969\" data-end=\"2259\">Qui dentro <strong data-start=\"1977\" data-end=\"1989\">Piemonte<\/strong>, e tutto intorno <strong data-start=\"2008\" data-end=\"2035\">Agriturismo Ca\u2019 Pasquin<\/strong>Questa storia \u00e8 ancora viva ogni giorno. La vita del villaggio, le usanze, i sapori in tavola, il modo in cui cuciniamo e mangiamo: tutto \u00e8 intrecciato con il ritmo delle stagioni e delle generazioni che hanno lavorato questa terra.<\/p>\n<p data-start=\"2261\" data-end=\"2325\">Con noi senti la stessa connessione tra <strong data-start=\"2307\" data-end=\"2324\">terra e tavola<\/strong>:<\/p>\n<p style=\"text-align: center;\" data-start=\"2261\" data-end=\"2325\">Quando raccogliamo le verdure dal nostro orto, continuiamo una tradizione che qui esiste da secoli.<br \/>\nQuando serviamo vini locali, assaporate una storia di terra, clima e artigianato.<br \/>\nE quando ti unisci a noi, fai parte di una cultura viva che si rinnova costantemente grazie a coloro che vivono, lavorano e si divertono qui.<\/p>\n<p data-start=\"2646\" data-end=\"2874\">Lo status dell'UNESCO <strong data-start=\"2663\" data-end=\"2706\">riconosce esattamente ci\u00f2 che abbiamo sempre saputo<\/strong>: questa regione \u00e8 un posto unico <strong data-start=\"2739\" data-end=\"2835\">per sperimentare, gustare e comprendere come cultura e natura insieme formano uno stile di vita<\/strong>.<\/p>\n<p><strong data-start=\"2888\" data-end=\"2931\">Non solo vino, ma uno stile di vita<\/strong><\/p>\n<p data-start=\"2933\" data-end=\"3203\">Quindi non si tratta solo di un riconoscimento del vino in s\u00e9, anche se il Barolo, il Barbaresco, l'Asti Spumante e altri grandi cru sono famosi in tutto il mondo qui, <strong data-start=\"3082\" data-end=\"3164\">ma per l'intero sistema di cura della terra, delle persone e delle tradizioni<\/strong>.<\/p>\n<p data-start=\"3205\" data-end=\"3550\">Guardando dal nostro casale verso le colline e i vigneti del Monferrato, lo percepirete immediatamente: questo \u00e8 un angolo di mondo che l'UNESCO considera cos\u00ec prezioso da preservare per le generazioni future. E questo lo rende non solo bello da vedere, ma anche prezioso da vivere. <em data-start=\"3502\" data-end=\"3511\">esperto<\/em>.<\/p>\n\n\t\t<\/div>\n\t<\/div>\n<\/div><\/div><\/div><\/div><\/div><\/div><\/div><\/div>","protected":false},"excerpt":{"rendered":"Het Wijngaardlandschap van Piemonte is UNESCO WerelderfgoedReserveren Er is groot nieuws vanuit de wereld van cultureel erfgoed: het Wijngaardlandschap van Piemonte: Langhe-Roero en Monferrato is &hellip;","protected":false},"author":2,"featured_media":0,"parent":0,"menu_order":0,"comment_status":"closed","ping_status":"closed","template":"","meta":{"_monsterinsights_skip_tracking":false,"_monsterinsights_sitenote_active":false,"_monsterinsights_sitenote_note":"","_monsterinsights_sitenote_category":0,"_uf_show_specific_survey":0,"_uf_disable_surveys":false,"footnotes":""},"class_list":["post-10559","page","type-page","status-publish","hentry"],"aioseo_notices":[],"_links":{"self":[{"href":"https:\/\/www.agriturismocapasquin.it\/it\/wp-json\/wp\/v2\/pages\/10559","targetHints":{"allow":["GET"]}}],"collection":[{"href":"https:\/\/www.agriturismocapasquin.it\/it\/wp-json\/wp\/v2\/pages"}],"about":[{"href":"https:\/\/www.agriturismocapasquin.it\/it\/wp-json\/wp\/v2\/types\/page"}],"author":[{"embeddable":true,"href":"https:\/\/www.agriturismocapasquin.it\/it\/wp-json\/wp\/v2\/users\/2"}],"replies":[{"embeddable":true,"href":"https:\/\/www.agriturismocapasquin.it\/it\/wp-json\/wp\/v2\/comments?post=10559"}],"version-history":[{"count":3,"href":"https:\/\/www.agriturismocapasquin.it\/it\/wp-json\/wp\/v2\/pages\/10559\/revisions"}],"predecessor-version":[{"id":10562,"href":"https:\/\/www.agriturismocapasquin.it\/it\/wp-json\/wp\/v2\/pages\/10559\/revisions\/10562"}],"wp:attachment":[{"href":"https:\/\/www.agriturismocapasquin.it\/it\/wp-json\/wp\/v2\/media?parent=10559"}],"curies":[{"name":"wp","href":"https:\/\/api.w.org\/{rel}","templated":true}]}}