{"id":10363,"date":"2025-12-21T16:05:39","date_gmt":"2025-12-21T16:05:39","guid":{"rendered":"https:\/\/www.agriturismocapasquin.it\/?page_id=10363"},"modified":"2025-12-21T17:18:20","modified_gmt":"2025-12-21T17:18:20","slug":"perfecte-getaway","status":"publish","type":"page","link":"https:\/\/www.agriturismocapasquin.it\/it\/perfecte-getaway\/","title":{"rendered":"Fuga perfetta"},"content":{"rendered":"<div class=\"vc_row wpb_row vc_row-fluid\"><div class=\"wpb_column vc_column_container vc_col-sm-12\"><div class=\"vc_column-inner\"><div class=\"wpb_wrapper\">\n\t<div class=\"wpb_text_column wpb_content_element\" >\n\t\t<div class=\"wpb_wrapper\">\n\t\t\t<h3 data-start=\"151\" data-end=\"236\">Scopri l'Agriturismo Ca' Pasquin: una fuga romantica per coppie in Piemonte<\/h3>\n<p data-start=\"238\" data-end=\"524\">L\u2019Agriturismo Ca\u2019 Pasquin \u00e8 un luogo intimo per coppie amanti della tranquillit\u00e0, della natura e della buona cucina.<br \/>\nOmringd door heuvels, wijngaarden en berglandschap in het hart van Piemonte is dit een bestemming om samen te vertragen, te genieten het hele jaar door.<\/p>\n<p data-start=\"526\" data-end=\"864\">Dai lunghi pranzi con vini locali alle cene con prodotti del nostro orto, dai cieli stellati alle gite ad Alba, alle regioni vinicole delle Langhe e agli incantevoli borghi della zona.<br \/>\nA Ca' Pasquin, tutto ruota attorno al gusto, all'atmosfera e alla natura. Un rifugio romantico per gli amanti della gastronomia, del vino e della bella vita italiana.<\/p>\n\n\t\t<\/div>\n\t<\/div>\n<\/div><\/div><\/div><\/div><div class=\"vc_row wpb_row vc_row-fluid\"><div class=\"wpb_column vc_column_container vc_col-sm-6 vc_col-has-fill\"><div class=\"vc_column-inner vc_custom_1766334166994\"><div class=\"wpb_wrapper\">\n\t<div class=\"wpb_text_column wpb_content_element\" >\n\t\t<div class=\"wpb_wrapper\">\n\t\t\t<section>\n<h4>Appartamenti confortevoli per due<\/h4>\n<p>Il nostro agriturismo offre diversi appartamenti matrimoniali, pensati appositamente per le coppie che apprezzano il comfort e la tranquillit\u00e0. Ogni appartamento dispone di una cucina completamente attrezzata, un bagno moderno e un'atmosfera calda e naturale. Dall'appartamento si gode di una vista sulle colline della Langa Astigiana, un panorama che invita a rallentare insieme.<\/p>\n<h4>Camminare nella natura incontaminata<\/h4>\n<p>Numerosi sentieri escursionistici partono dalla propriet\u00e0, attraversando boschi, colline e sentieri storici. Ideale per le coppie che desiderano rilassarsi e godersi la natura.<\/p>\n<h4>Ottimo ciclismo per ogni tipo di ciclista<\/h4>\n<p>Con una e-bike o una bici sportiva, potrete esplorare senza fatica la splendida regione che circonda l'Agriturismo Ca' Pasquin. Pedalerete tra dolci colline e strade tranquille, con numerose salite impegnative per i ciclisti pi\u00f9 atletici. Se lo desiderate, possiamo organizzare per voi le biciclette, cos\u00ec potrete godervi una pedalata in tutta tranquillit\u00e0.<\/p>\n<h4>Piacere culinario<\/h4>\n<p data-start=\"95\" data-end=\"429\">Il Piemonte \u00e8 noto per la sua cucina rinomata in tutto il mondo e per i suoi vini pregiati. All'Agriturismo Ca' Pasquin, la giornata inizia con una deliziosa e fresca colazione e la sera serviamo cene perfette da condividere in compagnia. Nella nostra cucina, proponiamo specialit\u00e0 locali e le abbiniamo ai vini che danno il nome alla regione.<\/p>\n<p data-start=\"431\" data-end=\"756\" data-is-last-node=\"\" data-is-only-node=\"\">Siamo anche ansiosi di condividere con voi il nostro amore per il Piemonte. Conosciamo molte piccole aziende vinicole uniche e saremo lieti di prenotare una degustazione per voi. Possiamo anche consigliarvi ottimi ristoranti della zona, da quelli semplici e autentici a quelli pi\u00f9 raffinati, e, se lo desiderate, possiamo anche prenotare un tavolo per voi.<\/p>\n<h4>Tramonti romantici<\/h4>\n<p>Le serate a Ca' Pasquin sono magiche: cieli rosati, tranquillit\u00e0 e un bicchiere di vino locale. Perfetto per le coppie che amano i momenti suggestivi.<\/p>\n<div class=\"cta\">\n<p>Curioso? <a title=\"Booking All\" href=\"https:\/\/www.agriturismocapasquin.it\/it\/appartementen\/booking-all\/\">Prenota il tuo soggiorno all'Agriturismo Ca' Pasquin<\/a> .<\/p>\n<\/div>\n<\/section>\n\n\t\t<\/div>\n\t<\/div>\n<div class=\"vc_btn3-container vc_btn3-center\" ><a onmouseleave=\"this.style.borderColor='#737f78'; this.style.backgroundColor='transparent'; this.style.color='#737f78'\" onmouseenter=\"this.style.borderColor='#ff6347'; this.style.backgroundColor='#ff6347'; this.style.color='#ffffff';\" style=\"border-color:#737f78; color:#737f78;\" class=\"vc_general vc_btn3 vc_btn3-size-lg vc_btn3-shape-rounded vc_btn3-style-outline-custom vc_btn3-block\" href=\"https:\/\/www.agriturismocapasquin.it\/it\/appartementen\/booking-all\/\" title=\"Booking All\">prenotare<\/a><\/div><\/div><\/div><\/div><div class=\"wpb_column vc_column_container vc_col-sm-6\"><div class=\"vc_column-inner vc_custom_1766334395720\"><div class=\"wpb_wrapper\"><div class=\"vc_btn3-container vc_btn3-left\" ><a onmouseleave=\"this.style.borderColor='#737f78'; this.style.backgroundColor='transparent'; this.style.color='#737f78'\" onmouseenter=\"this.style.borderColor='#ff6347'; this.style.backgroundColor='#ff6347'; this.style.color='#ffffff';\" style=\"border-color:#737f78; color:#737f78;\" class=\"vc_general vc_btn3 vc_btn3-size-lg vc_btn3-shape-rounded vc_btn3-style-outline-custom\" href=\"https:\/\/www.agriturismocapasquin.it\/it\/appartementen\/booking-all\/\" title=\"Booking All\">prenotare<\/a><\/div><div class=\"vc_empty_space\"   style=\"height: 32px\"><span class=\"vc_empty_space_inner\"><\/span><\/div><div class=\"wpb_images_carousel wpb_content_element vc_clearfix\"><div class=\"wpb_wrapper\"><div id=\"vc_images-carousel-1-1778204895\" data-ride=\"vc_carousel\" data-wrap=\"true\" style=\"width: 500px;\" data-interval=\"5000\" data-auto-height=\"yes\" data-mode=\"vertical\" data-partial=\"false\" data-per-view=\"2\" data-hide-on-end=\"false\" class=\"vc_slide vc_images_carousel\"><ol class=\"vc_carousel-indicators\"><li data-target=\"#vc_images-carousel-1-1778204895\" data-slide-to=\"0\"><\/li><li data-target=\"#vc_images-carousel-1-1778204895\" data-slide-to=\"1\"><\/li><li data-target=\"#vc_images-carousel-1-1778204895\" data-slide-to=\"2\"><\/li><li data-target=\"#vc_images-carousel-1-1778204895\" data-slide-to=\"3\"><\/li><li data-target=\"#vc_images-carousel-1-1778204895\" data-slide-to=\"4\"><\/li><li data-target=\"#vc_images-carousel-1-1778204895\" data-slide-to=\"5\"><\/li><li data-target=\"#vc_images-carousel-1-1778204895\" data-slide-to=\"6\"><\/li><li data-target=\"#vc_images-carousel-1-1778204895\" data-slide-to=\"7\"><\/li><li data-target=\"#vc_images-carousel-1-1778204895\" data-slide-to=\"8\"><\/li><li data-target=\"#vc_images-carousel-1-1778204895\" data-slide-to=\"9\"><\/li><li data-target=\"#vc_images-carousel-1-1778204895\" data-slide-to=\"10\"><\/li><li data-target=\"#vc_images-carousel-1-1778204895\" data-slide-to=\"11\"><\/li><li data-target=\"#vc_images-carousel-1-1778204895\" data-slide-to=\"12\"><\/li><li data-target=\"#vc_images-carousel-1-1778204895\" data-slide-to=\"13\"><\/li><li data-target=\"#vc_images-carousel-1-1778204895\" data-slide-to=\"14\"><\/li><li data-target=\"#vc_images-carousel-1-1778204895\" data-slide-to=\"15\"><\/li><li data-target=\"#vc_images-carousel-1-1778204895\" data-slide-to=\"16\"><\/li><\/ol><div class=\"vc_carousel-inner\"><div class=\"vc_carousel-slideline\"><div class=\"vc_carousel-slideline-inner\"><div class=\"vc_item\"><div class=\"vc_inner\"><a class=\"\" href=\"https:\/\/www.agriturismocapasquin.it\/wp-content\/uploads\/2025\/12\/IMG_0626.jpeg\" data-lightbox=\"lightbox[rel-10363-2124187820]\"><img loading=\"lazy\" decoding=\"async\" class=\"\" src=\"https:\/\/www.agriturismocapasquin.it\/wp-content\/uploads\/2025\/12\/IMG_0626-500x500.jpeg\" width=\"500\" height=\"500\" alt=\"IMG_0626\" title=\"IMG_0626\" \/><\/a><\/div><\/div><div class=\"vc_item\"><div class=\"vc_inner\"><a class=\"\" href=\"https:\/\/www.agriturismocapasquin.it\/wp-content\/uploads\/2025\/12\/IMG_4701-scaled.jpg\" data-lightbox=\"lightbox[rel-10363-2124187820]\"><img loading=\"lazy\" decoding=\"async\" class=\"\" src=\"https:\/\/www.agriturismocapasquin.it\/wp-content\/uploads\/2025\/12\/IMG_4701-scaled-500x500.jpg\" width=\"500\" height=\"500\" alt=\"IMG_4701\" title=\"IMG_4701\" \/><\/a><\/div><\/div><div class=\"vc_item\"><div class=\"vc_inner\"><a class=\"\" href=\"https:\/\/www.agriturismocapasquin.it\/wp-content\/uploads\/2025\/12\/Wijn.jpg\" data-lightbox=\"lightbox[rel-10363-2124187820]\"><img loading=\"lazy\" decoding=\"async\" class=\"\" src=\"https:\/\/www.agriturismocapasquin.it\/wp-content\/uploads\/2025\/12\/Wijn-480x500.jpg\" width=\"480\" height=\"500\" alt=\"Wijn\" title=\"Wijn\" \/><\/a><\/div><\/div><div class=\"vc_item\"><div class=\"vc_inner\"><a class=\"\" href=\"https:\/\/www.agriturismocapasquin.it\/wp-content\/uploads\/2025\/12\/9c17aa86-d774-41ff-a70c-d4b6ce5bca32.jpg\" data-lightbox=\"lightbox[rel-10363-2124187820]\"><img loading=\"lazy\" decoding=\"async\" class=\"\" src=\"https:\/\/www.agriturismocapasquin.it\/wp-content\/uploads\/2025\/12\/9c17aa86-d774-41ff-a70c-d4b6ce5bca32-500x500.jpg\" width=\"500\" height=\"500\" alt=\"9c17aa86-d774-41ff-a70c-d4b6ce5bca32\" title=\"9c17aa86-d774-41ff-a70c-d4b6ce5bca32\" \/><\/a><\/div><\/div><div class=\"vc_item\"><div class=\"vc_inner\"><a class=\"\" href=\"https:\/\/www.agriturismocapasquin.it\/wp-content\/uploads\/2025\/12\/7633892d-779a-4c6c-bf96-e059b56b013c-scaled.jpg\" data-lightbox=\"lightbox[rel-10363-2124187820]\"><img loading=\"lazy\" decoding=\"async\" class=\"\" src=\"https:\/\/www.agriturismocapasquin.it\/wp-content\/uploads\/2025\/12\/7633892d-779a-4c6c-bf96-e059b56b013c-scaled-500x500.jpg\" width=\"500\" height=\"500\" alt=\"7633892d-779a-4c6c-bf96-e059b56b013c\" title=\"7633892d-779a-4c6c-bf96-e059b56b013c\" \/><\/a><\/div><\/div><div class=\"vc_item\"><div class=\"vc_inner\"><a class=\"\" href=\"https:\/\/www.agriturismocapasquin.it\/wp-content\/uploads\/2025\/12\/7E837C0B-F84F-45E8-9C21-D635BDA7ED43-scaled.jpg\" data-lightbox=\"lightbox[rel-10363-2124187820]\"><img loading=\"lazy\" decoding=\"async\" class=\"\" src=\"https:\/\/www.agriturismocapasquin.it\/wp-content\/uploads\/2025\/12\/7E837C0B-F84F-45E8-9C21-D635BDA7ED43-scaled-500x500.jpg\" width=\"500\" height=\"500\" alt=\"7E837C0B-F84F-45E8-9C21-D635BDA7ED43\" title=\"7E837C0B-F84F-45E8-9C21-D635BDA7ED43\" \/><\/a><\/div><\/div><div class=\"vc_item\"><div class=\"vc_inner\"><a class=\"\" href=\"https:\/\/www.agriturismocapasquin.it\/wp-content\/uploads\/2025\/12\/1688efe7-25d7-4a06-9311-b58aff0f4559-scaled.jpg\" data-lightbox=\"lightbox[rel-10363-2124187820]\"><img loading=\"lazy\" decoding=\"async\" class=\"\" src=\"https:\/\/www.agriturismocapasquin.it\/wp-content\/uploads\/2025\/12\/1688efe7-25d7-4a06-9311-b58aff0f4559-scaled-500x500.jpg\" width=\"500\" height=\"500\" alt=\"1688efe7-25d7-4a06-9311-b58aff0f4559\" title=\"1688efe7-25d7-4a06-9311-b58aff0f4559\" \/><\/a><\/div><\/div><div class=\"vc_item\"><div class=\"vc_inner\"><a class=\"\" href=\"https:\/\/www.agriturismocapasquin.it\/wp-content\/uploads\/2025\/12\/f7846863-b9b1-4a24-80ed-38861259392d.jpg\" data-lightbox=\"lightbox[rel-10363-2124187820]\"><img loading=\"lazy\" decoding=\"async\" class=\"\" src=\"https:\/\/www.agriturismocapasquin.it\/wp-content\/uploads\/2025\/12\/f7846863-b9b1-4a24-80ed-38861259392d-500x500.jpg\" width=\"500\" height=\"500\" alt=\"f7846863-b9b1-4a24-80ed-38861259392d\" title=\"f7846863-b9b1-4a24-80ed-38861259392d\" \/><\/a><\/div><\/div><div class=\"vc_item\"><div class=\"vc_inner\"><a class=\"\" href=\"https:\/\/www.agriturismocapasquin.it\/wp-content\/uploads\/2025\/01\/IMG_9592-scaled.jpg\" data-lightbox=\"lightbox[rel-10363-2124187820]\"><img loading=\"lazy\" decoding=\"async\" class=\"\" src=\"https:\/\/www.agriturismocapasquin.it\/wp-content\/uploads\/2025\/01\/IMG_9592-scaled-500x500.jpg\" width=\"500\" height=\"500\" alt=\"IMG_9592\" title=\"IMG_9592\" \/><\/a><\/div><\/div><div class=\"vc_item\"><div class=\"vc_inner\"><a class=\"\" href=\"https:\/\/www.agriturismocapasquin.it\/wp-content\/uploads\/2024\/12\/IMG_8241-scaled.jpeg\" data-lightbox=\"lightbox[rel-10363-2124187820]\"><img loading=\"lazy\" decoding=\"async\" class=\"\" src=\"https:\/\/www.agriturismocapasquin.it\/wp-content\/uploads\/2024\/12\/IMG_8241-scaled-500x500.jpeg\" width=\"500\" height=\"500\" alt=\"IMG_8241\" title=\"IMG_8241\" \/><\/a><\/div><\/div><div class=\"vc_item\"><div class=\"vc_inner\"><a class=\"\" href=\"https:\/\/www.agriturismocapasquin.it\/wp-content\/uploads\/2024\/12\/IMG_2967-1-scaled.jpeg\" data-lightbox=\"lightbox[rel-10363-2124187820]\"><img loading=\"lazy\" decoding=\"async\" class=\"\" src=\"https:\/\/www.agriturismocapasquin.it\/wp-content\/uploads\/2024\/12\/IMG_2967-1-scaled-500x500.jpeg\" width=\"500\" height=\"500\" alt=\"agriturismo piemonte zwembad\" title=\"agriturismo piemonte zwembad\" \/><\/a><\/div><\/div><div class=\"vc_item\"><div class=\"vc_inner\"><a class=\"\" href=\"https:\/\/www.agriturismocapasquin.it\/wp-content\/uploads\/2024\/12\/Agriturismo-CaPasquin-in-Roccaverano-745x530-1-e1733302414885.webp\" data-lightbox=\"lightbox[rel-10363-2124187820]\"><img loading=\"lazy\" decoding=\"async\" class=\"\" src=\"https:\/\/www.agriturismocapasquin.it\/wp-content\/uploads\/2024\/12\/Agriturismo-CaPasquin-in-Roccaverano-745x530-1-e1733302414885-500x482.webp\" width=\"500\" height=\"482\" alt=\"agriturismo Ca Pasquin\" title=\"agriturismo Ca Pasquin\" \/><\/a><\/div><\/div><div class=\"vc_item\"><div class=\"vc_inner\"><a class=\"\" href=\"https:\/\/www.agriturismocapasquin.it\/wp-content\/uploads\/2024\/11\/IMG_3279-scaled.jpeg\" data-lightbox=\"lightbox[rel-10363-2124187820]\"><img loading=\"lazy\" decoding=\"async\" class=\"\" src=\"https:\/\/www.agriturismocapasquin.it\/wp-content\/uploads\/2024\/11\/IMG_3279-scaled-500x500.jpeg\" width=\"500\" height=\"500\" alt=\"IMG_3279\" title=\"IMG_3279\" \/><\/a><\/div><\/div><div class=\"vc_item\"><div class=\"vc_inner\"><a class=\"\" href=\"https:\/\/www.agriturismocapasquin.it\/wp-content\/uploads\/2024\/11\/dscf2245_VSCO-3000x4500.jpeg\" data-lightbox=\"lightbox[rel-10363-2124187820]\"><img loading=\"lazy\" decoding=\"async\" class=\"\" src=\"https:\/\/www.agriturismocapasquin.it\/wp-content\/uploads\/2024\/11\/dscf2245_VSCO-scaled-500x500.jpeg\" width=\"500\" height=\"500\" alt=\"Processed with VSCO with al3 preset\" title=\"Processed with VSCO with al3 preset\" \/><\/a><\/div><\/div><div class=\"vc_item\"><div class=\"vc_inner\"><a class=\"\" href=\"https:\/\/www.agriturismocapasquin.it\/wp-content\/uploads\/2024\/11\/b8f2fe2f-2e2f-4402-8dca-fa6510e777ae.jpg\" data-lightbox=\"lightbox[rel-10363-2124187820]\"><img loading=\"lazy\" decoding=\"async\" class=\"\" src=\"https:\/\/www.agriturismocapasquin.it\/wp-content\/uploads\/2024\/11\/b8f2fe2f-2e2f-4402-8dca-fa6510e777ae-500x500.jpg\" width=\"500\" height=\"500\" alt=\"Pool\" title=\"Pool\" \/><\/a><\/div><\/div><div class=\"vc_item\"><div class=\"vc_inner\"><a class=\"\" href=\"https:\/\/www.agriturismocapasquin.it\/wp-content\/uploads\/2023\/11\/CaPasquin2023_096.jpg\" data-lightbox=\"lightbox[rel-10363-2124187820]\"><img loading=\"lazy\" decoding=\"async\" class=\"\" src=\"https:\/\/www.agriturismocapasquin.it\/wp-content\/uploads\/2023\/11\/CaPasquin2023_096-500x500.jpg\" width=\"500\" height=\"500\" alt=\"Ca&#039;Pasquin2023_096\" title=\"Ca&#039;Pasquin2023_096\" \/><\/a><\/div><\/div><div class=\"vc_item\"><div class=\"vc_inner\"><a class=\"\" href=\"https:\/\/www.agriturismocapasquin.it\/wp-content\/uploads\/2023\/11\/CaPasquin2023_084-scaled.jpg\" data-lightbox=\"lightbox[rel-10363-2124187820]\"><img loading=\"lazy\" decoding=\"async\" class=\"\" src=\"https:\/\/www.agriturismocapasquin.it\/wp-content\/uploads\/2023\/11\/CaPasquin2023_084-scaled-500x500.jpg\" width=\"500\" height=\"500\" alt=\"Ca&#039;Pasquin2023_084\" title=\"Ca&#039;Pasquin2023_084\" \/><\/a><\/div><\/div><\/div><\/div><\/div><a class=\"vc_left vc_carousel-control\" href=\"#vc_images-carousel-1-1778204895\" data-slide=\"prev\"><span class=\"icon-prev\"><\/span><\/a><a class=\"vc_right vc_carousel-control\" href=\"#vc_images-carousel-1-1778204895\" data-slide=\"next\"><span class=\"icon-next\"><\/span><\/a><\/div><\/div><\/div><\/div><\/div><\/div><\/div>","protected":false},"excerpt":{"rendered":"Ontdek Agriturismo Ca\u2019 Pasquin \u2013 een romantische getaway voor koppels in Piemonte Agriturismo Ca\u2019 Pasquin is een intieme plek voor koppels die houden van rust, &hellip;","protected":false},"author":2,"featured_media":10384,"parent":0,"menu_order":0,"comment_status":"closed","ping_status":"closed","template":"","meta":{"_monsterinsights_skip_tracking":false,"_monsterinsights_sitenote_active":false,"_monsterinsights_sitenote_note":"","_monsterinsights_sitenote_category":0,"_uf_show_specific_survey":0,"_uf_disable_surveys":false,"footnotes":""},"class_list":["post-10363","page","type-page","status-publish","has-post-thumbnail","hentry"],"aioseo_notices":[],"_links":{"self":[{"href":"https:\/\/www.agriturismocapasquin.it\/it\/wp-json\/wp\/v2\/pages\/10363","targetHints":{"allow":["GET"]}}],"collection":[{"href":"https:\/\/www.agriturismocapasquin.it\/it\/wp-json\/wp\/v2\/pages"}],"about":[{"href":"https:\/\/www.agriturismocapasquin.it\/it\/wp-json\/wp\/v2\/types\/page"}],"author":[{"embeddable":true,"href":"https:\/\/www.agriturismocapasquin.it\/it\/wp-json\/wp\/v2\/users\/2"}],"replies":[{"embeddable":true,"href":"https:\/\/www.agriturismocapasquin.it\/it\/wp-json\/wp\/v2\/comments?post=10363"}],"version-history":[{"count":25,"href":"https:\/\/www.agriturismocapasquin.it\/it\/wp-json\/wp\/v2\/pages\/10363\/revisions"}],"predecessor-version":[{"id":10504,"href":"https:\/\/www.agriturismocapasquin.it\/it\/wp-json\/wp\/v2\/pages\/10363\/revisions\/10504"}],"wp:featuredmedia":[{"embeddable":true,"href":"https:\/\/www.agriturismocapasquin.it\/it\/wp-json\/wp\/v2\/media\/10384"}],"wp:attachment":[{"href":"https:\/\/www.agriturismocapasquin.it\/it\/wp-json\/wp\/v2\/media?parent=10363"}],"curies":[{"name":"wp","href":"https:\/\/api.w.org\/{rel}","templated":true}]}}