{"id":2427,"date":"2022-12-27T20:06:39","date_gmt":"2022-12-27T20:06:39","guid":{"rendered":"https:\/\/agriturismocapasquin.it\/?page_id=2427"},"modified":"2025-08-07T06:54:16","modified_gmt":"2025-08-07T06:54:16","slug":"voorwaarden","status":"publish","type":"page","link":"https:\/\/www.agriturismocapasquin.it\/en\/voorwaarden\/","title":{"rendered":"Voorwaarden"},"content":{"rendered":"<div class=\"vc_row wpb_row vc_row-fluid vc_custom_1671697712548 vc_row-has-fill vc_column-gap-35 vc_row-o-equal-height vc_row-o-content-top vc_row-flex\"><div class=\"wpb_column vc_column_container vc_col-sm-3\"><div class=\"vc_column-inner vc_custom_1671697809401\"><div class=\"wpb_wrapper\">\n\t<div  class=\"wpb_single_image wpb_content_element vc_align_left\">\n\t\t\n\t\t<figure class=\"wpb_wrapper vc_figure\">\n\t\t\t<div class=\"vc_single_image-wrapper   vc_box_border_grey\"><img loading=\"lazy\" decoding=\"async\" width=\"1959\" height=\"1959\" src=\"https:\/\/www.agriturismocapasquin.it\/wp-content\/uploads\/2022\/12\/CaPasquin_logo-01.png\" class=\"vc_single_image-img attachment-full\" alt=\"Logo\" title=\"CaPasquin_logo-01\" srcset=\"https:\/\/www.agriturismocapasquin.it\/wp-content\/uploads\/2022\/12\/CaPasquin_logo-01.png 1959w, https:\/\/www.agriturismocapasquin.it\/wp-content\/uploads\/2022\/12\/CaPasquin_logo-01-300x300.png 300w, https:\/\/www.agriturismocapasquin.it\/wp-content\/uploads\/2022\/12\/CaPasquin_logo-01-150x150.png 150w, https:\/\/www.agriturismocapasquin.it\/wp-content\/uploads\/2022\/12\/CaPasquin_logo-01-768x768.png 768w, https:\/\/www.agriturismocapasquin.it\/wp-content\/uploads\/2022\/12\/CaPasquin_logo-01-1536x1536.png 1536w, https:\/\/www.agriturismocapasquin.it\/wp-content\/uploads\/2022\/12\/CaPasquin_logo-01-12x12.png 12w, https:\/\/www.agriturismocapasquin.it\/wp-content\/uploads\/2022\/12\/CaPasquin_logo-01-512x512.png 512w, https:\/\/www.agriturismocapasquin.it\/wp-content\/uploads\/2022\/12\/CaPasquin_logo-01-1024x1024.png 1024w\" sizes=\"auto, (max-width: 1959px) 100vw, 1959px\" \/><\/div>\n\t\t<\/figure>\n\t<\/div>\n<\/div><\/div><\/div><div class=\"wpb_column vc_column_container vc_col-sm-9\"><div class=\"vc_column-inner\"><div class=\"wpb_wrapper\"><h2 style=\"color: #303030;text-align: left;font-family:Roboto Condensed;font-weight:400;font-style:normal\" class=\"vc_custom_heading\" >Voorwaarden<\/h2>\n\t<div class=\"wpb_text_column wpb_content_element\" >\n\t\t<div class=\"wpb_wrapper\">\n\t\t\t<p>Reserveringsvoorwaarden Agriturismo Ca\u2019 Pasquin:<\/p>\n<p>1. AANSPRAKELIJKHEID<br \/>\nIn geen geval draagt Agriturismo Ca&#8217; Pasquin enige verantwoordelijkheid voor de huurder in geval van persoonlijk letsel, verlies van of schade aan diens eigendom, hoe dan ook veroorzaakt.<br \/>\nOok in geval van diefstal van eigendom en\/of geld draagt Agriturismo Ca&#8217; Pasquin in geen geval enige verantwoordelijkheid.<br \/>\nHet gebruik van alle faciliteiten van Agriturismo Ca&#8217; Pasquin (zoals bijvoorbeeld speeltuin en het gehele terrein) is voor eigen risico.<br \/>\nTevens is het zich begeven rondom de dieren voor eigen risico.<\/p>\n<p>2. ANNULERINGSVERZEKERING<br \/>\nWij adviseren dat elke huurder een annuleringsverzekering afsluit. In geval van annulering kan de huurder dan aanspraak maken op terugbetaling van de huursom; de reden van annulering moet dan wel binnen het dekkingsgebied van de annuleringsverzekering vallen.<\/p>\n<p>3. ANNULERINGEN<br \/>\nIedere annulering dient schriftelijk aan Agriturismo Ca&#8217; Pasquin bevestigd te worden.<br \/>\nDe annulering is van kracht, vanaf de datum dat Agriturismo Ca&#8217; Pasquin dit bericht heeft ontvangen.<br \/>\nEen annulerende huurder is aan Agriturismo Ca&#8217; Pasquin de volgende bedragen verschuldigd:<\/p>\n<p>Bij annulering door de huurder:<br \/>\n&#8211; M\u00e9\u00e9r dan vierentwintig kalenderweken v\u00f3\u00f3r aankomstdatum wordt de aanbetaling (40% huursom) terugbetaald, minus \u20ac50 administratiekosten.<br \/>\n&#8211; Tussen de acht en vierentwintig kalenderweken v\u00f3\u00f3r aankomstdatum wordt de aanbetaling niet meer terugbetaald.<br \/>\n&#8211; Binnen de acht kalenderweken v\u00f3\u00f3r aankomstdatum is g\u00e9\u00e9n terugbetaling van aanbetaling en restantbetaling van huursom van toepassing. Het volledige huurbedrag is verschuldigd.<br \/>\nWij adviseren u een annuleringsverzekering af te sluiten.<br \/>\nAls u korter verblijft dan eerder gereserveerd, wordt dit gezien als een annulering. Het huurbedrag wordt dan ook berekend over de gehele aanvankelijk gereserveerde periode.<br \/>\nEen waardebon is niet restitueerbaar in contanten.<\/p>\n<p>Bij annulering door verhuurder:<br \/>\nIn een zeer uitzonderlijk geval kan het voorkomen dat Agriturismo Ca&#8217; Pasquin onverhoopt uw reservering moet annuleren. In dat geval krijgt u per omgaande uw betaalde reissom terug. Verdere rechten kunt u niet aan deze annulering ontlenen.<\/p>\n<p>4. RESERVERINGSVOORWAARDEN<br \/>\n&#8211; U kunt via de website, mail of telefonisch reserveren. Deze manieren van reserveren zijn voor u en Agriturismo Ca&#8217; Pasquin bindend en rechtsgeldig.<br \/>\n&#8211; De minimale huurperiode voor een appartement of huis is 3 nachten in het hoogseizoen. In het laagseizoen hanteren wij andere huurperiodes &#8211; zie hiervoor het boekingsformulier op de website.<br \/>\n&#8211; Wij houden geen accommodatie in optie.<\/p>\n<p>5. BETALINGSCONDITIES<br \/>\nNadat de verhuurder akkoord is gegaan met de reservering ontvangt de huurder van<br \/>\nAgriturismo Ca&#8217; Pasquin een boekingsbevestiging, tevens factuur.<br \/>\nDe betalingswijze is als volgt:<br \/>\n&#8211; 40% van de totale reissom dient binnen zeven dagen na reservering door Agriturismo Ca&#8217; Pasquin ontvangen te zijn.<br \/>\n&#8211; Acht weken v\u00f2\u00f2r aankomst dient het resterende bedrag te zijn overgemaakt aan Agriturismo Ca&#8217; Pasquin (volledige huursom voldaan). Tenzij afgesproken is dat het resterende bedrag op locatie wordt betaald. Hiervoor zullen we een herinnering sturen. Indien niet binnen zeven weken voor aankomstdatum aan dit betaalverzoek wordt voldaan, is Agriturismo Ca&#8217; Pasquin gerechtigd de reservering te annuleren. Reeds betaalde gelden worden niet gerestitueerd.<br \/>\n&#8211; De huurder is na het aangaan van de reservering het volledige bedrag van de reservering verschuldigd aan Agriturismo Ca&#8217; Pasquin, met inachtneming van de annuleringsvoorwaarden.<br \/>\n&#8211; Bij eerder vertrek gelden de annuleringsvoorwaarden.<br \/>\n&#8211; Eventueel extra kosten die u maakt tijdens uw verblijf bij ons, dient u af te rekenen voor vertrek.<br \/>\n&#8211; De toeristenbelasting zal worden berekend tijdens het verblijf. De kosten zijn als volgt: personen vanaf veertien jaar betalen per dag \u20ac1,30 tot een maximum van vijf dagen. Deze belasting zullen wij overdragen aan de gemeente. Voor extra toelichting verwijzen we je naar de website van de gemeente van Roccaverano.<\/p>\n<p>Let op: Bij niet tijdige betaling van de aanbetaling of restantbetaling is Agritusmo Ca&#8217; Pasquin gerechtigd om de boeking te annuleren en annuleringskosten in rekening te brengen.<\/p>\n<p>6. VERANTWOORDELIJKHEID<br \/>\nDe persoon die de (aan)betaling van de reserveringsbevestiging\/factuur doet, is en blijft<br \/>\nverantwoordelijk voor zijn of haar medereizigers en moet verzekerd zijn van het feit dat zij<br \/>\nop de hoogte zijn van de boekingsvoorwaarden en de daaruit voortvloeiende verplichtingen.<br \/>\nIn geval dat de boekingsvoorwaarden niet worden nageleefd, heeft de eigenaar het recht om aan de huurder de toegang tot de accommodatie te weigeren.<\/p>\n<p>De volgende punten in het bijzonder zijn hierbij van belang:<br \/>\n&#8211; Het aantal personen mag nooit meer bedragen dan op de reserveringsbevestiging vermeld staat.<br \/>\n&#8211; De huurder dient zich te houden aan de voorwaarden, welke vermeld staan in de beschrijving van de accommodatie.<br \/>\n&#8211; Bij vertrek dient u de accommodatie opgeruimd en netjes achter te laten. Is dit niet het geval, kunnen aan de huurder kosten in rekening worden gebracht voor extra schoonmaak indien noodzakelijk.<br \/>\n&#8211; Op de dag van aankomst kunt u de accommodatie vanaf 15.00 uur betrekken. Op de dag van vertrek dient u de accommodatie om 10.00 uur te verlaten, tenzij anders vermeld.<br \/>\n&#8211; Onze accommodaties zijn rookvrij.<br \/>\n&#8211; Tussen 22.30 uur in de avond en 08.00 uur in de ochtend willen de de rust bij Agriturismo Ca&#8217; Pasquin waarborgen en verwachten we dat alle huurders geen overlast bezorgen voor hun mede-huurders.<br \/>\n&#8211; Mocht het zo zijn dat u als huurder bezoeker(s) wilt ontvangen in uw accommodatie dan dient dit vooraf gemeld en overlegd te worden met Agriturismo Ca&#8217; Pasquin. Het is niet toegestaan voor de bezoeker(s) om in de accommodatie te overnachten.<\/p>\n<p>7. IN GEVAL VAN SCHADE<br \/>\nTijdens uw verblijf in de vakantiewoning bent u als huurder volledig aansprakelijk voor het<br \/>\ngehuurde vakantieverblijf, de inrichting en alle zaken welke bij het gehuurde verblijf behoren. Schade door u en\/of uw medereizenden veroorzaakt, dient geheel vergoed te<br \/>\nworden aan de verhuurder. Alle schades dienen direct gemeld te worden aan de eigenaar.<br \/>\nAgriturismo Ca&#8217; Pasquin is bij voorbaat gerechtigd de huurder \u2013 na afloop van de huurperiode bij constatering van niet gemelde veroorzaakte schade \u2013 aansprakelijk te stellen, waarbij alle hieraan verbonden kosten komen voor rekening van huurder<br \/>\nWe raden u aan een reisverzekering af te sluiten om schadekosten te dekken.<\/p>\n\n\t\t<\/div>\n\t<\/div>\n<\/div><\/div><\/div><\/div><div data-vc-full-width=\"true\" data-vc-full-width-init=\"false\" data-vc-stretch-content=\"true\" class=\"vc_row wpb_row vc_row-fluid vc_custom_1641917383093 vc_row-has-fill vc_row-no-padding\"><div class=\"wpb_column vc_column_container vc_col-sm-3\"><div class=\"vc_column-inner\"><div class=\"wpb_wrapper\"><\/div><\/div><\/div><div class=\"wpb_column vc_column_container vc_col-sm-9\"><div class=\"vc_column-inner\"><div class=\"wpb_wrapper\"><div class=\"vc_empty_space\"   style=\"height: 100px\"><span class=\"vc_empty_space_inner\"><\/span><\/div><h1 style=\"color: #303030;text-align: left;font-family:Roboto Condensed;font-weight:400;font-style:normal\" class=\"vc_custom_heading\" >AND THERE'S MUCH, MUCH MORE TO COME<\/h1><div class=\"vc_empty_space\"   style=\"height: 32px\"><span class=\"vc_empty_space_inner\"><\/span><\/div><\/div><\/div><\/div><\/div><div class=\"vc_row-full-width vc_clearfix\"><\/div>","protected":false},"excerpt":{"rendered":"Voorwaarden Reserveringsvoorwaarden Agriturismo Ca\u2019 Pasquin: 1. AANSPRAKELIJKHEID In geen geval draagt Agriturismo Ca' Pasquin enige verantwoordelijkheid voor de huurder in geval van persoonlijk letsel, verlies &hellip;","protected":false},"author":2,"featured_media":0,"parent":0,"menu_order":0,"comment_status":"closed","ping_status":"closed","template":"","meta":{"_monsterinsights_skip_tracking":false,"_monsterinsights_sitenote_active":false,"_monsterinsights_sitenote_note":"","_monsterinsights_sitenote_category":0,"_uf_show_specific_survey":0,"_uf_disable_surveys":false,"footnotes":""},"class_list":["post-2427","page","type-page","status-publish","hentry"],"aioseo_notices":[],"_links":{"self":[{"href":"https:\/\/www.agriturismocapasquin.it\/en\/wp-json\/wp\/v2\/pages\/2427","targetHints":{"allow":["GET"]}}],"collection":[{"href":"https:\/\/www.agriturismocapasquin.it\/en\/wp-json\/wp\/v2\/pages"}],"about":[{"href":"https:\/\/www.agriturismocapasquin.it\/en\/wp-json\/wp\/v2\/types\/page"}],"author":[{"embeddable":true,"href":"https:\/\/www.agriturismocapasquin.it\/en\/wp-json\/wp\/v2\/users\/2"}],"replies":[{"embeddable":true,"href":"https:\/\/www.agriturismocapasquin.it\/en\/wp-json\/wp\/v2\/comments?post=2427"}],"version-history":[{"count":4,"href":"https:\/\/www.agriturismocapasquin.it\/en\/wp-json\/wp\/v2\/pages\/2427\/revisions"}],"predecessor-version":[{"id":10309,"href":"https:\/\/www.agriturismocapasquin.it\/en\/wp-json\/wp\/v2\/pages\/2427\/revisions\/10309"}],"wp:attachment":[{"href":"https:\/\/www.agriturismocapasquin.it\/en\/wp-json\/wp\/v2\/media?parent=2427"}],"curies":[{"name":"wp","href":"https:\/\/api.w.org\/{rel}","templated":true}]}}